{"id":4662,"date":"2023-02-02T23:18:19","date_gmt":"2023-02-02T23:18:19","guid":{"rendered":"https:\/\/alicanteabout.com\/?page_id=4662"},"modified":"2023-11-24T00:57:06","modified_gmt":"2023-11-24T00:57:06","slug":"uber-das-team","status":"publish","type":"page","link":"https:\/\/alicanteabout.com\/de\/about-the-team\/","title":{"rendered":"\u00dcber das Team"},"content":{"rendered":"<p>AlicanteAbout.com wird von der Firma CLUSTER SOLAR LTD verwaltet.<\/p>\n\n\n\n<p>Wir freuen uns \u00fcber Ihren Besuch und hoffen, dass diese Website Ihnen dabei hilft, sich in Alicante zurechtzufinden und alles, was es zu bieten hat, zu entdecken.<\/p>\n\n\n\n<p>Wir von CLUSTER SOLAR LTD arbeiten hart, damit Sie die genauesten und aktuellsten Informationen \u00fcber Transport, Aktivit\u00e4ten, Sehensw\u00fcrdigkeiten und das Leben in Alicante erhalten.<\/p>\n\n\n\n<p>Dieses Projekt ist eine laufende Website, aber das Team ist klein, Victor Sesma arbeitet zur Zeit in Teilzeit daran.<\/p>\n\n\n\n<p>Sie k\u00f6nnen kleine, aber st\u00e4ndige Aktualisierungen erwarten: manchmal neue Inhalte, manchmal ein Link zum Code der Website, um sie schneller zu machen oder besser auszusehen. Manchmal handelt es sich um eine Aktualisierung der aktuellen Inhalte, so dass sie immer auf dem neuesten Stand ist und mit den laufenden Ver\u00e4nderungen in Alicante Schritt h\u00e4lt.<\/p>\n\n\n\n<p><a href=\"https:\/\/alicanteabout.com\/de\/kontakt\/\">Um mit dem Team in Kontakt zu treten, besuchen Sie die Kontaktseite.<\/a><\/p>\n\n\n\n<p><strong>Ich hoffe, Sie haben eine gute Reise nach Alicante.<\/strong><\/p>","protected":false},"excerpt":{"rendered":"<p>AlicanteAbout.com is managed by the company CLUSTER SOLAR LTD. We thrive on having you here and hope this website helps you navigate around Alicante and everything it has to offer. At CLUSTER SOLAR LTD we work hard so you receive the most accurate and updated information about transport, activities, monuments and life in Alicante. This [&hellip;]<\/p>\n","protected":false},"author":1,"featured_media":0,"parent":0,"menu_order":0,"comment_status":"closed","ping_status":"closed","template":"","meta":{"footnotes":""},"class_list":["post-4662","page","type-page","status-publish","hentry"],"yoast_head":"<!-- This site is optimized with the Yoast SEO plugin v27.1.1 - https:\/\/yoast.com\/product\/yoast-seo-wordpress\/ -->\n<title>About the Team - AlicanteAbout.com<\/title>\n<meta name=\"description\" content=\"Meet the team behind AlicanteAbout.com, dedicated to offering current, detailed insights about Alicante&#039;s transport and landmarks.\" \/>\n<meta name=\"robots\" content=\"index, follow, max-snippet:-1, max-image-preview:large, max-video-preview:-1\" \/>\n<link rel=\"canonical\" href=\"https:\/\/alicanteabout.com\/de\/uber-das-team\/\" \/>\n<meta property=\"og:locale\" content=\"de_DE\" \/>\n<meta property=\"og:type\" content=\"article\" \/>\n<meta property=\"og:title\" content=\"About the Team - AlicanteAbout.com\" \/>\n<meta property=\"og:description\" content=\"Meet the team behind AlicanteAbout.com, dedicated to offering current, detailed insights about Alicante&#039;s transport and landmarks.\" \/>\n<meta property=\"og:url\" content=\"https:\/\/alicanteabout.com\/de\/uber-das-team\/\" \/>\n<meta property=\"og:site_name\" content=\"AlicanteAbout.com\" \/>\n<meta property=\"article:publisher\" content=\"https:\/\/www.facebook.com\/AlicanteAbout\" \/>\n<meta property=\"article:modified_time\" content=\"2023-11-24T00:57:06+00:00\" \/>\n<meta property=\"og:image\" content=\"https:\/\/alicanteabout.com\/wp-content\/uploads\/2023\/08\/cara-del-moro-from-postiguet-scaled.jpg\" \/>\n\t<meta property=\"og:image:width\" content=\"2560\" \/>\n\t<meta property=\"og:image:height\" content=\"1920\" \/>\n\t<meta property=\"og:image:type\" content=\"image\/jpeg\" \/>\n<meta name=\"twitter:card\" content=\"summary_large_image\" \/>\n<meta name=\"twitter:site\" content=\"@AlicanteAbout\" \/>\n<meta name=\"twitter:label1\" content=\"Gesch\u00e4tzte Lesezeit\" \/>\n\t<meta name=\"twitter:data1\" content=\"1\u00a0Minute\" \/>\n<script type=\"application\/ld+json\" class=\"yoast-schema-graph\">{\"@context\":\"https:\/\/schema.org\",\"@graph\":[{\"@type\":[\"WebPage\",\"AboutPage\"],\"@id\":\"https:\/\/alicanteabout.com\/about-the-team\/\",\"url\":\"https:\/\/alicanteabout.com\/about-the-team\/\",\"name\":\"About the Team - AlicanteAbout.com\",\"isPartOf\":{\"@id\":\"https:\/\/alicanteabout.com\/#website\"},\"datePublished\":\"2023-02-02T23:18:19+00:00\",\"dateModified\":\"2023-11-24T00:57:06+00:00\",\"description\":\"Meet the team behind AlicanteAbout.com, dedicated to offering current, detailed insights about Alicante's transport and landmarks.\",\"breadcrumb\":{\"@id\":\"https:\/\/alicanteabout.com\/about-the-team\/#breadcrumb\"},\"inLanguage\":\"de\",\"potentialAction\":[{\"@type\":\"ReadAction\",\"target\":[\"https:\/\/alicanteabout.com\/about-the-team\/\"]}]},{\"@type\":\"BreadcrumbList\",\"@id\":\"https:\/\/alicanteabout.com\/about-the-team\/#breadcrumb\",\"itemListElement\":[{\"@type\":\"ListItem\",\"position\":1,\"name\":\"Home\",\"item\":\"https:\/\/alicanteabout.com\/\"},{\"@type\":\"ListItem\",\"position\":2,\"name\":\"About the Team\"}]},{\"@type\":\"WebSite\",\"@id\":\"https:\/\/alicanteabout.com\/#website\",\"url\":\"https:\/\/alicanteabout.com\/\",\"name\":\"AlicanteAbout.com\",\"description\":\"Your Guide to Alicante [By an Alicantinian]\",\"potentialAction\":[{\"@type\":\"SearchAction\",\"target\":{\"@type\":\"EntryPoint\",\"urlTemplate\":\"https:\/\/alicanteabout.com\/?s={search_term_string}\"},\"query-input\":{\"@type\":\"PropertyValueSpecification\",\"valueRequired\":true,\"valueName\":\"search_term_string\"}}],\"inLanguage\":\"de\"}]}<\/script>\n<!-- \/ Yoast SEO plugin. -->","yoast_head_json":{"title":"\u00dcber das Team - AlicanteAbout.com","description":"Lernen Sie das Team von AlicanteAbout.com kennen, das sich zum Ziel gesetzt hat, aktuelle und detaillierte Informationen \u00fcber die Verkehrsmittel und Sehensw\u00fcrdigkeiten von Alicante anzubieten.","robots":{"index":"index","follow":"follow","max-snippet":"max-snippet:-1","max-image-preview":"max-image-preview:large","max-video-preview":"max-video-preview:-1"},"canonical":"https:\/\/alicanteabout.com\/de\/uber-das-team\/","og_locale":"de_DE","og_type":"article","og_title":"About the Team - AlicanteAbout.com","og_description":"Meet the team behind AlicanteAbout.com, dedicated to offering current, detailed insights about Alicante's transport and landmarks.","og_url":"https:\/\/alicanteabout.com\/de\/uber-das-team\/","og_site_name":"AlicanteAbout.com","article_publisher":"https:\/\/www.facebook.com\/AlicanteAbout","article_modified_time":"2023-11-24T00:57:06+00:00","og_image":[{"width":2560,"height":1920,"url":"https:\/\/alicanteabout.com\/wp-content\/uploads\/2023\/08\/cara-del-moro-from-postiguet-scaled.jpg","type":"image\/jpeg"}],"twitter_card":"summary_large_image","twitter_site":"@AlicanteAbout","twitter_misc":{"Gesch\u00e4tzte Lesezeit":"1\u00a0Minute"},"schema":{"@context":"https:\/\/schema.org","@graph":[{"@type":["WebPage","AboutPage"],"@id":"https:\/\/alicanteabout.com\/about-the-team\/","url":"https:\/\/alicanteabout.com\/about-the-team\/","name":"\u00dcber das Team - AlicanteAbout.com","isPartOf":{"@id":"https:\/\/alicanteabout.com\/#website"},"datePublished":"2023-02-02T23:18:19+00:00","dateModified":"2023-11-24T00:57:06+00:00","description":"Lernen Sie das Team von AlicanteAbout.com kennen, das sich zum Ziel gesetzt hat, aktuelle und detaillierte Informationen \u00fcber die Verkehrsmittel und Sehensw\u00fcrdigkeiten von Alicante anzubieten.","breadcrumb":{"@id":"https:\/\/alicanteabout.com\/about-the-team\/#breadcrumb"},"inLanguage":"de","potentialAction":[{"@type":"ReadAction","target":["https:\/\/alicanteabout.com\/about-the-team\/"]}]},{"@type":"BreadcrumbList","@id":"https:\/\/alicanteabout.com\/about-the-team\/#breadcrumb","itemListElement":[{"@type":"ListItem","position":1,"name":"Home","item":"https:\/\/alicanteabout.com\/"},{"@type":"ListItem","position":2,"name":"About the Team"}]},{"@type":"WebSite","@id":"https:\/\/alicanteabout.com\/#website","url":"https:\/\/alicanteabout.com\/","name":"AlicanteAbout.com","description":"Your Guide to Alicante [By an Alicantinian]","potentialAction":[{"@type":"SearchAction","target":{"@type":"EntryPoint","urlTemplate":"https:\/\/alicanteabout.com\/?s={search_term_string}"},"query-input":{"@type":"PropertyValueSpecification","valueRequired":true,"valueName":"search_term_string"}}],"inLanguage":"de"}]}},"_links":{"self":[{"href":"https:\/\/alicanteabout.com\/de\/wp-json\/wp\/v2\/pages\/4662","targetHints":{"allow":["GET"]}}],"collection":[{"href":"https:\/\/alicanteabout.com\/de\/wp-json\/wp\/v2\/pages"}],"about":[{"href":"https:\/\/alicanteabout.com\/de\/wp-json\/wp\/v2\/types\/page"}],"author":[{"embeddable":true,"href":"https:\/\/alicanteabout.com\/de\/wp-json\/wp\/v2\/users\/1"}],"replies":[{"embeddable":true,"href":"https:\/\/alicanteabout.com\/de\/wp-json\/wp\/v2\/comments?post=4662"}],"version-history":[{"count":1,"href":"https:\/\/alicanteabout.com\/de\/wp-json\/wp\/v2\/pages\/4662\/revisions"}],"predecessor-version":[{"id":4663,"href":"https:\/\/alicanteabout.com\/de\/wp-json\/wp\/v2\/pages\/4662\/revisions\/4663"}],"wp:attachment":[{"href":"https:\/\/alicanteabout.com\/de\/wp-json\/wp\/v2\/media?parent=4662"}],"curies":[{"name":"wp","href":"https:\/\/api.w.org\/{rel}","templated":true}]}}