{"id":4670,"date":"2023-02-23T22:06:25","date_gmt":"2023-02-23T22:06:25","guid":{"rendered":"https:\/\/alicanteabout.com\/?page_id=4670"},"modified":"2026-02-15T23:17:07","modified_gmt":"2026-02-15T23:17:07","slug":"autor-victor-sesma","status":"publish","type":"page","link":"https:\/\/alicanteabout.com\/de\/author-victor-sesma\/","title":{"rendered":"\u00dcber Victor Sesma Autor"},"content":{"rendered":"<p>Hallo! Dies ist <a href=\"https:\/\/victorsesma.com\/\" target=\"_blank\" rel=\"noreferrer noopener\">Victor Sesma<\/a>der Hauptautor von <a href=\"https:\/\/alicanteabout.com\/de\/\">alicanteabout.com<\/a>.<\/p>\n\n\n\n<p>Ich bin Alicantinerin und lebe in London, bin aber aufgewachsen und habe den gr\u00f6\u00dften Teil meines Lebens in Alicante verbracht.<\/p>\n\n\n\n<p>Ich versuche, so viel Zeit wie m\u00f6glich in der Hauptstadt von <em>Costa Blanca<\/em>. Alicante ist die Stadt, die mich und meine Pers\u00f6nlichkeit am meisten gepr\u00e4gt hat. In Alicante lebt der Gro\u00dfteil meiner Familie und viele Freunde.<\/p>\n\n\n\n<p>Mitte der 20er Jahre arbeitete ich als Kellner in Benidorm. Diese Erfahrung, verbunden mit meinem Leben in Gro\u00dfbritannien und London, gibt mir einen einzigartigen Blick auf die Stadt Alicante und die Provinz.<\/p>\n\n\n\n<figure class=\"wp-block-image size-large\"><img loading=\"lazy\" decoding=\"async\" width=\"768\" height=\"1024\" src=\"https:\/\/alicanteabout.com\/wp-content\/uploads\/2022\/05\/victor-sesma-768x1024.jpg\" alt=\"Victor Sesma\" class=\"wp-image-3116\" srcset=\"https:\/\/alicanteabout.com\/wp-content\/uploads\/2022\/05\/victor-sesma-768x1024.jpg 768w, https:\/\/alicanteabout.com\/wp-content\/uploads\/2022\/05\/victor-sesma-225x300.jpg 225w, https:\/\/alicanteabout.com\/wp-content\/uploads\/2022\/05\/victor-sesma-1152x1536.jpg 1152w, https:\/\/alicanteabout.com\/wp-content\/uploads\/2022\/05\/victor-sesma-1536x2048.jpg 1536w, https:\/\/alicanteabout.com\/wp-content\/uploads\/2022\/05\/victor-sesma-scaled.jpg 1920w\" sizes=\"auto, (max-width: 768px) 100vw, 768px\" \/><figcaption class=\"wp-element-caption\">Victor Sesma am Strand von Alicante<\/figcaption><\/figure>\n\n\n\n<h2 class=\"wp-block-heading\">Warum \u00fcber Alicante schreiben?<\/h2>\n\n\n\n<p>Da ich urspr\u00fcnglich aus Alicante stamme, aber im Vereinigten K\u00f6nigreich lebe, habe ich einige M\u00f6glichkeiten gefunden, den Menschen zu helfen, einige der falschen Vorstellungen \u00fcber die Stadt auszur\u00e4umen.<\/p>\n\n\n\n<p>Alicante ist so viel mehr als nur Benidorm und andere touristische St\u00e4dte in der Provinz, eine falsche Vorstellung, die viele Touristen haben.<\/p>\n\n\n\n<p>Die Kombination aus der Stadt Alicante und der Provinz macht die Stadt zum perfekten Ort zum Leben und Besuchen: gute Verbindungen mit dem Flugzeug, dem Zug und auf der Stra\u00dfe, gro\u00dfartiges Wetter, fantastisches Essen, unglaubliche Lebensqualit\u00e4t, gro\u00dfartige Kultur, freundliche Menschen... die Liste geht weiter.<\/p>\n\n\n\n<p>Dieser Blog versucht, die L\u00fccke zwischen einigen falschen Vorstellungen \u00fcber die Stadt Alicante und den M\u00f6glichkeiten, die sie Einwohnern und Besuchern bietet, zu schlie\u00dfen. Ich w\u00fcnsche Ihnen viel Spa\u00df und hoffe, dass Ihre Fragen beim Lesen beantwortet werden!<\/p>\n\n\n\n<h2 class=\"wp-block-heading\">Meine internationale Reise<\/h2>\n\n\n\n<p>Ich begann, mich internationalen Menschen - nicht nur Spaniern - zu \u00f6ffnen, als ich um die 20 war und kurzzeitig der europ\u00e4ischen Studentenorganisation AEGEE an der Uni beitrat.<\/p>\n\n\n\n<p>Kurze Zeit sp\u00e4ter ging ich f\u00fcr fast ein Jahr nach Norwegen, um dort zu arbeiten. Das Leben au\u00dferhalb meiner eigenen Kultur war eine unglaubliche Erfahrung.<\/p>\n\n\n\n<p>Die Entscheidung, nach London zu kommen, fiel nach dem Abschluss einer Berufsschule, und seither lebe ich hier.<\/p>\n\n\n\n<p>Wie Sie sehen k\u00f6nnen, sind Alicante, London und andere L\u00e4nder und St\u00e4dte Teil meines Lebens, und ich versuche, anderen Menschen auf ihrer Reise nach Alicante zu helfen.<\/p>\n\n\n\n<p>Wenn Sie mehr \u00fcber meinen beruflichen Werdegang erfahren m\u00f6chten, besuchen Sie mein Portfolio unter <a href=\"https:\/\/victorsesma.com\">victorsesma.com<\/a> oder mein <a href=\"https:\/\/www.linkedin.com\/in\/victor-sesma-3b2291104\/\">Link<\/a><a href=\"https:\/\/www.linkedin.com\/feed\/\" target=\"_blank\" rel=\"noreferrer noopener\">edIn-Seite<\/a>.<\/p>\n\n\n\n<p><\/p>\n\n\n\n<p>Ich w\u00fcnsche Ihnen alles Gute,<\/p>\n\n\n\n<p><\/p>\n\n\n\n<p>Victor Sesma<\/p>","protected":false},"excerpt":{"rendered":"<p>Hello! This is Victor Sesma, the main author of alicanteabout.com. I am an Alicantinian based in London, but grew up and lived most of my life in Alicante. I try to spend as much time as I can in the capital of Costa Blanca. Alicante is the city that has shaped me and my personality [&hellip;]<\/p>\n","protected":false},"author":1,"featured_media":3116,"parent":0,"menu_order":0,"comment_status":"closed","ping_status":"closed","template":"","meta":{"footnotes":""},"class_list":["post-4670","page","type-page","status-publish","has-post-thumbnail","hentry"],"yoast_head":"<!-- This site is optimized with the Yoast SEO plugin v27.1.1 - https:\/\/yoast.com\/product\/yoast-seo-wordpress\/ -->\n<title>About Victor Sesma Author - AlicanteAbout.com<\/title>\n<meta name=\"description\" content=\"Victor Sesma is a software Engineer from Alciante living in between London and Alicante. He is the main author of Alicanteabout.com\" \/>\n<meta name=\"robots\" content=\"index, follow, max-snippet:-1, max-image-preview:large, max-video-preview:-1\" \/>\n<link rel=\"canonical\" href=\"https:\/\/alicanteabout.com\/de\/autor-victor-sesma\/\" \/>\n<meta property=\"og:locale\" content=\"de_DE\" \/>\n<meta property=\"og:type\" content=\"article\" \/>\n<meta property=\"og:title\" content=\"About Victor Sesma Author - AlicanteAbout.com\" \/>\n<meta property=\"og:description\" content=\"Victor Sesma is a software Engineer from Alciante living in between London and Alicante. He is the main author of Alicanteabout.com\" \/>\n<meta property=\"og:url\" content=\"https:\/\/alicanteabout.com\/de\/autor-victor-sesma\/\" \/>\n<meta property=\"og:site_name\" content=\"AlicanteAbout.com\" \/>\n<meta property=\"article:publisher\" content=\"https:\/\/www.facebook.com\/AlicanteAbout\" \/>\n<meta property=\"article:modified_time\" content=\"2026-02-15T23:17:07+00:00\" \/>\n<meta property=\"og:image\" content=\"https:\/\/alicanteabout.com\/wp-content\/uploads\/2022\/05\/victor-sesma-scaled.jpg\" \/>\n\t<meta property=\"og:image:width\" content=\"1920\" \/>\n\t<meta property=\"og:image:height\" content=\"2560\" \/>\n\t<meta property=\"og:image:type\" content=\"image\/jpeg\" \/>\n<meta name=\"twitter:card\" content=\"summary_large_image\" \/>\n<meta name=\"twitter:site\" content=\"@AlicanteAbout\" \/>\n<meta name=\"twitter:label1\" content=\"Gesch\u00e4tzte Lesezeit\" \/>\n\t<meta name=\"twitter:data1\" content=\"3\u00a0Minuten\" \/>\n<script type=\"application\/ld+json\" class=\"yoast-schema-graph\">{\"@context\":\"https:\/\/schema.org\",\"@graph\":[{\"@type\":\"WebPage\",\"@id\":\"https:\/\/alicanteabout.com\/author-victor-sesma\/\",\"url\":\"https:\/\/alicanteabout.com\/author-victor-sesma\/\",\"name\":\"About Victor Sesma Author - AlicanteAbout.com\",\"isPartOf\":{\"@id\":\"https:\/\/alicanteabout.com\/#website\"},\"primaryImageOfPage\":{\"@id\":\"https:\/\/alicanteabout.com\/author-victor-sesma\/#primaryimage\"},\"image\":{\"@id\":\"https:\/\/alicanteabout.com\/author-victor-sesma\/#primaryimage\"},\"thumbnailUrl\":\"https:\/\/alicanteabout.com\/wp-content\/uploads\/2022\/05\/victor-sesma-scaled.jpg\",\"datePublished\":\"2023-02-23T22:06:25+00:00\",\"dateModified\":\"2026-02-15T23:17:07+00:00\",\"description\":\"Victor Sesma is a software Engineer from Alciante living in between London and Alicante. He is the main author of Alicanteabout.com\",\"breadcrumb\":{\"@id\":\"https:\/\/alicanteabout.com\/author-victor-sesma\/#breadcrumb\"},\"inLanguage\":\"de\",\"potentialAction\":[{\"@type\":\"ReadAction\",\"target\":[\"https:\/\/alicanteabout.com\/author-victor-sesma\/\"]}]},{\"@type\":\"ImageObject\",\"inLanguage\":\"de\",\"@id\":\"https:\/\/alicanteabout.com\/author-victor-sesma\/#primaryimage\",\"url\":\"https:\/\/alicanteabout.com\/wp-content\/uploads\/2022\/05\/victor-sesma-scaled.jpg\",\"contentUrl\":\"https:\/\/alicanteabout.com\/wp-content\/uploads\/2022\/05\/victor-sesma-scaled.jpg\",\"width\":1920,\"height\":2560,\"caption\":\"Victor Sesma on the Beach in Alicante\"},{\"@type\":\"BreadcrumbList\",\"@id\":\"https:\/\/alicanteabout.com\/author-victor-sesma\/#breadcrumb\",\"itemListElement\":[{\"@type\":\"ListItem\",\"position\":1,\"name\":\"Home\",\"item\":\"https:\/\/alicanteabout.com\/\"},{\"@type\":\"ListItem\",\"position\":2,\"name\":\"About Victor Sesma Author\"}]},{\"@type\":\"WebSite\",\"@id\":\"https:\/\/alicanteabout.com\/#website\",\"url\":\"https:\/\/alicanteabout.com\/\",\"name\":\"AlicanteAbout.com\",\"description\":\"Your Guide to Alicante [By an Alicantinian]\",\"potentialAction\":[{\"@type\":\"SearchAction\",\"target\":{\"@type\":\"EntryPoint\",\"urlTemplate\":\"https:\/\/alicanteabout.com\/?s={search_term_string}\"},\"query-input\":{\"@type\":\"PropertyValueSpecification\",\"valueRequired\":true,\"valueName\":\"search_term_string\"}}],\"inLanguage\":\"de\"}]}<\/script>\n<!-- \/ Yoast SEO plugin. -->","yoast_head_json":{"title":"\u00dcber Victor Sesma Autor - AlicanteAbout.com","description":"Victor Sesma ist ein Software-Ingenieur aus Alciante und lebt zwischen London und Alicante. Er ist der Hauptautor von Alicanteabout.com","robots":{"index":"index","follow":"follow","max-snippet":"max-snippet:-1","max-image-preview":"max-image-preview:large","max-video-preview":"max-video-preview:-1"},"canonical":"https:\/\/alicanteabout.com\/de\/autor-victor-sesma\/","og_locale":"de_DE","og_type":"article","og_title":"About Victor Sesma Author - AlicanteAbout.com","og_description":"Victor Sesma is a software Engineer from Alciante living in between London and Alicante. He is the main author of Alicanteabout.com","og_url":"https:\/\/alicanteabout.com\/de\/autor-victor-sesma\/","og_site_name":"AlicanteAbout.com","article_publisher":"https:\/\/www.facebook.com\/AlicanteAbout","article_modified_time":"2026-02-15T23:17:07+00:00","og_image":[{"width":1920,"height":2560,"url":"https:\/\/alicanteabout.com\/wp-content\/uploads\/2022\/05\/victor-sesma-scaled.jpg","type":"image\/jpeg"}],"twitter_card":"summary_large_image","twitter_site":"@AlicanteAbout","twitter_misc":{"Gesch\u00e4tzte Lesezeit":"3\u00a0Minuten"},"schema":{"@context":"https:\/\/schema.org","@graph":[{"@type":"WebPage","@id":"https:\/\/alicanteabout.com\/author-victor-sesma\/","url":"https:\/\/alicanteabout.com\/author-victor-sesma\/","name":"\u00dcber Victor Sesma Autor - AlicanteAbout.com","isPartOf":{"@id":"https:\/\/alicanteabout.com\/#website"},"primaryImageOfPage":{"@id":"https:\/\/alicanteabout.com\/author-victor-sesma\/#primaryimage"},"image":{"@id":"https:\/\/alicanteabout.com\/author-victor-sesma\/#primaryimage"},"thumbnailUrl":"https:\/\/alicanteabout.com\/wp-content\/uploads\/2022\/05\/victor-sesma-scaled.jpg","datePublished":"2023-02-23T22:06:25+00:00","dateModified":"2026-02-15T23:17:07+00:00","description":"Victor Sesma ist ein Software-Ingenieur aus Alciante und lebt zwischen London und Alicante. Er ist der Hauptautor von Alicanteabout.com","breadcrumb":{"@id":"https:\/\/alicanteabout.com\/author-victor-sesma\/#breadcrumb"},"inLanguage":"de","potentialAction":[{"@type":"ReadAction","target":["https:\/\/alicanteabout.com\/author-victor-sesma\/"]}]},{"@type":"ImageObject","inLanguage":"de","@id":"https:\/\/alicanteabout.com\/author-victor-sesma\/#primaryimage","url":"https:\/\/alicanteabout.com\/wp-content\/uploads\/2022\/05\/victor-sesma-scaled.jpg","contentUrl":"https:\/\/alicanteabout.com\/wp-content\/uploads\/2022\/05\/victor-sesma-scaled.jpg","width":1920,"height":2560,"caption":"Victor Sesma on the Beach in Alicante"},{"@type":"BreadcrumbList","@id":"https:\/\/alicanteabout.com\/author-victor-sesma\/#breadcrumb","itemListElement":[{"@type":"ListItem","position":1,"name":"Home","item":"https:\/\/alicanteabout.com\/"},{"@type":"ListItem","position":2,"name":"About Victor Sesma Author"}]},{"@type":"WebSite","@id":"https:\/\/alicanteabout.com\/#website","url":"https:\/\/alicanteabout.com\/","name":"AlicanteAbout.com","description":"Your Guide to Alicante [By an Alicantinian]","potentialAction":[{"@type":"SearchAction","target":{"@type":"EntryPoint","urlTemplate":"https:\/\/alicanteabout.com\/?s={search_term_string}"},"query-input":{"@type":"PropertyValueSpecification","valueRequired":true,"valueName":"search_term_string"}}],"inLanguage":"de"}]}},"_links":{"self":[{"href":"https:\/\/alicanteabout.com\/de\/wp-json\/wp\/v2\/pages\/4670","targetHints":{"allow":["GET"]}}],"collection":[{"href":"https:\/\/alicanteabout.com\/de\/wp-json\/wp\/v2\/pages"}],"about":[{"href":"https:\/\/alicanteabout.com\/de\/wp-json\/wp\/v2\/types\/page"}],"author":[{"embeddable":true,"href":"https:\/\/alicanteabout.com\/de\/wp-json\/wp\/v2\/users\/1"}],"replies":[{"embeddable":true,"href":"https:\/\/alicanteabout.com\/de\/wp-json\/wp\/v2\/comments?post=4670"}],"version-history":[{"count":16,"href":"https:\/\/alicanteabout.com\/de\/wp-json\/wp\/v2\/pages\/4670\/revisions"}],"predecessor-version":[{"id":6754,"href":"https:\/\/alicanteabout.com\/de\/wp-json\/wp\/v2\/pages\/4670\/revisions\/6754"}],"wp:featuredmedia":[{"embeddable":true,"href":"https:\/\/alicanteabout.com\/de\/wp-json\/wp\/v2\/media\/3116"}],"wp:attachment":[{"href":"https:\/\/alicanteabout.com\/de\/wp-json\/wp\/v2\/media?parent=4670"}],"curies":[{"name":"wp","href":"https:\/\/api.w.org\/{rel}","templated":true}]}}