{"id":5669,"date":"2023-08-09T10:26:32","date_gmt":"2023-08-09T09:26:32","guid":{"rendered":"https:\/\/alicanteabout.com\/?page_id=5669"},"modified":"2026-02-02T21:05:06","modified_gmt":"2026-02-02T21:05:06","slug":"alicante-flughafen-reisezentrum","status":"publish","type":"page","link":"https:\/\/alicanteabout.com\/de\/alicante-airport-travel-hub\/","title":{"rendered":"Flughafen Alicante: Reise-Drehscheibe"},"content":{"rendered":"<div class='pt-cv-wrapper'> <div class=\"pt-cv-view pt-cv-overlaygrid iscvblock iscvreal overlay1 layout1\" id=\"pt-cv-view-iqbjdcsv\"><div data-id=\"pt-cv-page-1\" class=\"pt-cv-page\" data-cvc=\"2\"><div class=\"pt-cv-content-item pt-cv-1-col\" ><div class=\"pt-cv-thumb-wrapper\"><a href=\"https:\/\/alicanteabout.com\/de\/alicante-airport-travel-hub\/departures-from-alicante-airport-alc-leal\/\" class=\"_self pt-cv-href-thumbnail pt-cv-thumb-default\" target=\"_self\" ><img loading=\"lazy\" decoding=\"async\" width=\"768\" height=\"768\" src=\"https:\/\/alicanteabout.com\/wp-content\/uploads\/2023\/11\/plane-departing-airport-artwork-768x768.jpg\" class=\"pt-cv-thumbnail\" alt=\"Flugzeug beim Abflug vom Flughafen DALL-E Kunstwerk\" \/><\/a><\/div>\n<div class=\"pt-cv-overlay-wrapper\"><div class=\"pt-cv-taxoterm above_title\"><\/div><h4 class=\"pt-cv-title\"><a href=\"https:\/\/alicanteabout.com\/de\/alicante-airport-travel-hub\/departures-from-alicante-airport-alc-leal\/\" class=\"_self\" target=\"_self\" >Abfl\u00fcge vom Flughafen Alicante (ALC\/LEAL) heute<\/a><\/h4><\/div><\/div>\n<div class=\"pt-cv-content-item pt-cv-1-col\" ><div class=\"pt-cv-thumb-wrapper\"><a href=\"https:\/\/alicanteabout.com\/de\/alicante-airport-travel-hub\/arrivals-to-alicante-airport-alc-leal\/\" class=\"_self pt-cv-href-thumbnail pt-cv-thumb-default\" target=\"_self\" ><img loading=\"lazy\" decoding=\"async\" width=\"768\" height=\"768\" src=\"https:\/\/alicanteabout.com\/wp-content\/uploads\/2023\/11\/plane-landing-airport-artwork-768x768.jpg\" class=\"pt-cv-thumbnail\" alt=\"Flugzeuglandung zum Flughafen DALL-E Kunstwerk\" \/><\/a><\/div>\n<div class=\"pt-cv-overlay-wrapper\"><div class=\"pt-cv-taxoterm above_title\"><\/div><h4 class=\"pt-cv-title\"><a href=\"https:\/\/alicanteabout.com\/de\/alicante-airport-travel-hub\/arrivals-to-alicante-airport-alc-leal\/\" class=\"_self\" target=\"_self\" >Ank\u00fcnfte auf dem Flughafen Alicante (ALC\/LEAL) heute<\/a><\/h4><\/div><\/div><\/div><\/div> <\/div> <style>\n#pt-cv-view-iqbjdcsv .pt-cv-thumb-wrapper::before {background: rgba(0,0,0,.4); opacity: 0.8;}#pt-cv-view-iqbjdcsv .pt-cv-overlay-wrapper {justify-content: center;}\n#pt-cv-view-iqbjdcsv .pt-cv-meta-fields {  }#pt-cv-view-iqbjdcsv .pt-cv-meta-fields * { font-size: 13px; }#pt-cv-view-iqbjdcsv .pt-cv-title a { text-align: center;display: block;background-color: #4f4d4d; }#pt-cv-view-iqbjdcsv .pt-cv-title:not(.pt-cv-titlesm) a { font-weight: 600;text-decoration: none;font-size: 20px; }#pt-cv-view-iqbjdcsv .pt-cv-titlesm a { font-weight: 600;font-size: 18px; }#pt-cv-view-iqbjdcsv .pt-cv-content { font-size: 15px; }#pt-cv-view-iqbjdcsv .pt-cv-rmwrap {  }#pt-cv-view-iqbjdcsv .pt-cv-readmore { color: #fff;background-color: #0075ff;font-size: 14px; }#pt-cv-view-iqbjdcsv .pt-cv-taxoterm { margin: 0px 0px 20px 0px; }#pt-cv-view-iqbjdcsv .pt-cv-taxoterm * { color: #222;background-color: #fff6f6;font-size: 14px; }#pt-cv-view-iqbjdcsv + .pt-cv-pagination-wrapper {  }#pt-cv-view-iqbjdcsv + .pt-cv-pagination-wrapper a { font-size: 14px; }#pt-cv-view-iqbjdcsv > .pt-cv-page {grid-template-columns: repeat(2, 1fr);grid-auto-rows: 250px;grid-gap: 10px;}\n@media all and (max-width: 1024px) { \n#pt-cv-view-iqbjdcsv > .pt-cv-page {}\n} \n@media all and (max-width: 767px) { \n#pt-cv-view-iqbjdcsv > .pt-cv-page {grid-template-columns: repeat(1, 1fr);}\n} <\/style>\n\n\n<h2 class=\"wp-block-heading\">Nach\/von Alicante Flughafen<\/h2>\n\n\n<div class='pt-cv-wrapper'> <div class=\"pt-cv-view pt-cv-overlaygrid iscvblock iscvreal overlay1 layout1\" id=\"pt-cv-view-sxzwetvo\"><div data-id=\"pt-cv-page-1\" class=\"pt-cv-page\" data-cvc=\"2\"><div class=\"pt-cv-content-item pt-cv-1-col\" ><div class=\"pt-cv-thumb-wrapper\"><a href=\"https:\/\/alicanteabout.com\/de\/transport\/alicante-to-benidorm-city-and-airport-transfers-bus-tram-taxi-and-prices\/\" class=\"_self pt-cv-href-thumbnail pt-cv-thumb-default\" target=\"_self\" ><img loading=\"lazy\" decoding=\"async\" width=\"575\" height=\"523\" src=\"https:\/\/alicanteabout.com\/wp-content\/uploads\/2023\/02\/alicante-and-benidorm.jpg\" class=\"pt-cv-thumbnail\" alt=\"Alicante und Benidorm auf der Karte\" \/><\/a><\/div>\n<div class=\"pt-cv-overlay-wrapper\"><div class=\"pt-cv-taxoterm above_title\"><a href='https:\/\/alicanteabout.com\/de\/category\/transport\/' title='Transport' class='pt-cv-tax-transport'>Transport<\/a><\/div><h4 class=\"pt-cv-title\"><a href=\"https:\/\/alicanteabout.com\/de\/transport\/alicante-to-benidorm-city-and-airport-transfers-bus-tram-taxi-and-prices\/\" class=\"_self\" target=\"_self\" >Alicante nach Benidorm - Transfers g\u00fcnstig bis teuer<\/a><\/h4><\/div><\/div>\n<div class=\"pt-cv-content-item pt-cv-1-col\" ><div class=\"pt-cv-thumb-wrapper\"><a href=\"https:\/\/alicanteabout.com\/de\/airport\/alicante-airport-bus\/\" class=\"_self pt-cv-href-thumbnail pt-cv-thumb-default\" target=\"_self\" ><img loading=\"lazy\" decoding=\"async\" width=\"768\" height=\"576\" src=\"https:\/\/alicanteabout.com\/wp-content\/uploads\/2021\/08\/alicante-airport-bus-station-768x576.jpg\" class=\"pt-cv-thumbnail\" alt=\"Alicante Flughafen Busbahnhof\" \/><\/a><\/div>\n<div class=\"pt-cv-overlay-wrapper\"><div class=\"pt-cv-taxoterm above_title\"><a href='https:\/\/alicanteabout.com\/de\/category\/airport\/' title='Flughafen' class='pt-cv-tax-airport'>Flughafen<\/a><\/div><h4 class=\"pt-cv-title\"><a href=\"https:\/\/alicanteabout.com\/de\/airport\/alicante-airport-bus\/\" class=\"_self\" target=\"_self\" >Flughafen Alicante Busbahnhof - Routen und Links zu den Tickets<\/a><\/h4><\/div><\/div>\n<div class=\"pt-cv-content-item pt-cv-1-col\" ><div class=\"pt-cv-thumb-wrapper\"><a href=\"https:\/\/alicanteabout.com\/de\/transport\/alicante-airport-train-station\/\" class=\"_self pt-cv-href-thumbnail pt-cv-thumb-default\" target=\"_self\" ><img loading=\"lazy\" decoding=\"async\" width=\"768\" height=\"576\" src=\"https:\/\/alicanteabout.com\/wp-content\/uploads\/2020\/01\/alicante-airport-inside-768x576.jpg\" class=\"pt-cv-thumbnail\" alt=\"Flughafen Alicante im Inneren des Terminals\" \/><\/a><\/div>\n<div class=\"pt-cv-overlay-wrapper\"><div class=\"pt-cv-taxoterm above_title\"><a href='https:\/\/alicanteabout.com\/de\/category\/transport\/' title='Transport' class='pt-cv-tax-transport'>Transport<\/a><\/div><h4 class=\"pt-cv-title\"><a href=\"https:\/\/alicanteabout.com\/de\/transport\/alicante-airport-train-station\/\" class=\"_self\" target=\"_self\" >Bahnhof Alicante Flughafen - So erreichen Sie den n\u00e4chsten Bahnhof in Alicante<\/a><\/h4><\/div><\/div>\n<div class=\"pt-cv-content-item pt-cv-1-col\" ><div class=\"pt-cv-thumb-wrapper\"><a href=\"https:\/\/alicanteabout.com\/de\/transport\/from-alicante-airport-to-alicante-city-centre-by-bus\/\" class=\"_self pt-cv-href-thumbnail pt-cv-thumb-default\" target=\"_self\" ><img loading=\"lazy\" decoding=\"async\" width=\"768\" height=\"576\" src=\"https:\/\/alicanteabout.com\/wp-content\/uploads\/2022\/09\/c6-bus-aiport-alicante-768x576.jpg\" class=\"pt-cv-thumbnail\" alt=\"Alicante Flughafen Bus C6\" \/><\/a><\/div>\n<div class=\"pt-cv-overlay-wrapper\"><div class=\"pt-cv-taxoterm above_title\"><a href='https:\/\/alicanteabout.com\/de\/category\/transport\/' title='Transport' class='pt-cv-tax-transport'>Transport<\/a><\/div><h4 class=\"pt-cv-title\"><a href=\"https:\/\/alicanteabout.com\/de\/transport\/from-alicante-airport-to-alicante-city-centre-by-bus\/\" class=\"_self\" target=\"_self\" >Alicante Flughafen nach Alicante - Schnellbus C6 Reisef\u00fchrer<\/a><\/h4><\/div><\/div><\/div><\/div> <\/div> <style>\n#pt-cv-view-sxzwetvo .pt-cv-thumb-wrapper::before {background: rgba(0,0,0,.4); opacity: 0.8;}#pt-cv-view-sxzwetvo .pt-cv-overlay-wrapper {justify-content: center;}\n#pt-cv-view-sxzwetvo .pt-cv-meta-fields {  }#pt-cv-view-sxzwetvo .pt-cv-meta-fields * { font-size: 13px; }#pt-cv-view-sxzwetvo .pt-cv-title a { display: block; }#pt-cv-view-sxzwetvo .pt-cv-title:not(.pt-cv-titlesm) a { font-weight: 600;text-decoration: none;font-size: 20px; }#pt-cv-view-sxzwetvo .pt-cv-titlesm a { font-weight: 600;font-size: 18px; }#pt-cv-view-sxzwetvo .pt-cv-content { font-size: 15px; }#pt-cv-view-sxzwetvo .pt-cv-rmwrap {  }#pt-cv-view-sxzwetvo .pt-cv-readmore { color: #fff;background-color: #0075ff;font-size: 14px; }#pt-cv-view-sxzwetvo .pt-cv-taxoterm { margin: 0px 0px 20px 0px; }#pt-cv-view-sxzwetvo .pt-cv-taxoterm * { color: #222;background-color: #fff6f6;font-size: 14px; }#pt-cv-view-sxzwetvo + .pt-cv-pagination-wrapper {  }#pt-cv-view-sxzwetvo + .pt-cv-pagination-wrapper a { font-size: 14px; }#pt-cv-view-sxzwetvo > .pt-cv-page {grid-template-columns: repeat(2, 1fr);grid-auto-rows: 250px;grid-gap: 10px;}\n@media all and (max-width: 1024px) { \n#pt-cv-view-sxzwetvo > .pt-cv-page {}\n} \n@media all and (max-width: 767px) { \n#pt-cv-view-sxzwetvo > .pt-cv-page {grid-template-columns: repeat(1, 1fr);}\n} <\/style>\n\n\n<h2 class=\"wp-block-heading\">Alicante Flughafen Standort und Adresse<\/h2>\n\n\n\n<p>Alicante Flughafen Standort: <a href=\"https:\/\/maps.app.goo.gl\/BBzofzweT3BQfm7NA\" target=\"_blank\" rel=\"noreferrer noopener\">Avenida del l'Altet, 03195 Elx, Alicante<\/a><\/p>\n\n\n\n<iframe src=\"https:\/\/www.google.com\/maps\/embed?pb=!1m18!1m12!1m3!1d3131.765692421587!2d-0.5647881233514077!3d38.28492397186121!2m3!1f0!2f0!3f0!3m2!1i1024!2i768!4f13.1!3m3!1m2!1s0xd624ac64d10da33%3A0xdcb245de25b9bef1!2sAeropuerto%20de%20Alicante-Elche%20Miguel%20Hern%C3%A1ndez%20(ALC)!5e0!3m2!1ses!2ses!4v1692949763084!5m2!1ses!2ses\" width=\"400\" height=\"300\" style=\"border:0;\" allowfullscreen=\"\" loading=\"lazy\" referrerpolicy=\"no-referrer-when-downgrade\"><\/iframe>\n\n\n\n<figure class=\"wp-block-image size-large\"><img loading=\"lazy\" decoding=\"async\" width=\"1365\" height=\"1024\" src=\"https:\/\/alicanteabout.com\/wp-content\/uploads\/2023\/08\/wp-1691874333297.png\" alt=\"Einfahrt zum Flughafen Alicante vom Parkplatz aus\" class=\"wp-image-5694\" srcset=\"https:\/\/alicanteabout.com\/wp-content\/uploads\/2023\/08\/wp-1691874333297.png 1365w, https:\/\/alicanteabout.com\/wp-content\/uploads\/2023\/08\/wp-1691874333297-300x225.png 300w, https:\/\/alicanteabout.com\/wp-content\/uploads\/2023\/08\/wp-1691874333297-1024x768.png 1024w, https:\/\/alicanteabout.com\/wp-content\/uploads\/2023\/08\/wp-1691874333297-768x576.png 768w, https:\/\/alicanteabout.com\/wp-content\/uploads\/2023\/08\/wp-1691874333297-16x12.png 16w\" sizes=\"auto, (max-width: 1365px) 100vw, 1365px\" \/><figcaption class=\"wp-element-caption\">Zugang zu den Terminals vom Parkplatz aus <\/figcaption><\/figure>\n\n\n\n<h2 class=\"wp-block-heading\">Alicante-Fl\u00fcge kaufen<\/h2>\n\n\n\n<p>Mehr als 30 Fluggesellschaften fliegen den Flughafen Alicante an. Einige Beispiele sind Ryanair, Vueling, Norwegian, easyJet, Jet2, SAS, Eurowings, TUI Fly und Volotea.<\/p>\n\n\n\n<p>Der einfachste Weg, die Preise aller am Flughafen Alicante t\u00e4tigen Fluggesellschaften zu vergleichen, ist die Nutzung eines <a href=\"http:\/\/skyscanner.pxf.io\/anDJjo\" target=\"_blank\" rel=\"noreferrer noopener\">Flugvergleichstool wie Skyscanner<\/a>.<\/p>\n\n\n\n\n\n\n\n\n<\/p>\n<div data-skyscanner-widget=\"FlightSearchWidget\" data-locale=\"de-DE\" data-market=\"DE\" data-currency=\"EUR\" data-media-partner-id=\"4033523\" data-origin-geo-lookup=\"true\" data-destination-iata-code=\"ALC\" data-flight-type=\"return\" data-colour=\"#eee8e7\" data-widget-border-radius=\"2em\" data-widget-padding=\"1em\"><\/div>\n<p><script src=\"https:\/\/widgets.skyscanner.net\/widget-server\/js\/loader.js\" async=\"\"><\/script>\n\n\n\n<h2 class=\"wp-block-heading\">Flughafen Alicante: Das Tor zur Costa Blanca<\/h2>\n\n\n\n<p>Der Flughafen Alicante, der auch als Flughafen Alicante-Elche bekannt ist, dient als zentraler Verkehrsknotenpunkt f\u00fcr Reisende, die <a href=\"https:\/\/alicanteabout.com\/de\/orte\/wo-liegt-alicante-spanien\/\">Alicante Stadt<\/a> und die atemberaubende Region Costa Blanca in Spanien. Dieser moderne Flughafen liegt in der Provinz Alicante und bietet nahtlose Verbindungen zu verschiedenen internationalen Zielen wie <a href=\"https:\/\/alicanteabout.com\/de\/alicante\/\">Alicante<\/a>Benidorm, Torrevieja, Calpe oder Altea, was es zu einer beliebten Wahl sowohl f\u00fcr Freizeit- als auch f\u00fcr Gesch\u00e4ftsreisende macht.<\/p>\n\n\n\n<h3 class=\"wp-block-heading\">Standort und Erreichbarkeit<\/h3>\n\n\n\n<p>Strategisch g\u00fcnstig gelegen, nur 9 km (5,6 mi) s\u00fcdwestlich von <a href=\"https:\/\/alicanteabout.com\/de\/transport\/mit-dem-bus-vom-flughafen-alicante-ins-stadtzentrum-von-alicante\/\">Alicante Stadtzentrum<\/a>Der Flughafen genie\u00dft eine beneidenswerte Lage, die einen einfachen Zugang zu den K\u00fcstenattraktionen und pulsierenden Stadtzentren der Region erm\u00f6glicht. Reisende k\u00f6nnen ihre gew\u00fcnschten Ziele bequem \u00fcber ein gut ausgebautes Stra\u00dfennetz und effiziente \u00f6ffentliche Verkehrsmittel erreichen.<\/p>\n\n\n\n<h3 class=\"wp-block-heading\">Einrichtungen und Dienstleistungen<\/h3>\n\n\n\n<p>Der Flughafen Alicante ist stolz darauf, eine breite Palette von Einrichtungen und Dienstleistungen anzubieten, die eine komfortable und problemlose Reise gew\u00e4hrleisten. Die Passagiere k\u00f6nnen zollfreie Eink\u00e4ufe, verschiedene gastronomische Angebote und komfortable Lounges genie\u00dfen, w\u00e4hrend sie auf ihre Fl\u00fcge warten. Das Engagement des Flughafens f\u00fcr Bequemlichkeit wird auch durch die gro\u00dfz\u00fcgigen Parkm\u00f6glichkeiten und die hervorragende Anbindung an die wichtigsten Touristenorte unterstrichen.<\/p>\n\n\n\n<h3 class=\"wp-block-heading\">Fl\u00fcge und Reiseziele<\/h3>\n\n\n\n<p>Als wichtiges internationales Tor verf\u00fcgt der Flughafen Alicante \u00fcber ein umfangreiches Flugnetz, das Reisende mit verschiedenen Zielen in Europa und dar\u00fcber hinaus verbindet. Gro\u00dfe Fluggesellschaften bieten regelm\u00e4\u00dfige Fl\u00fcge in die wichtigsten St\u00e4dte an und machen ihn zu einem bevorzugten Ausgangspunkt f\u00fcr Touristen und Reisende, die die Costa Blanca erkunden m\u00f6chten. Das st\u00e4ndig wachsende Angebot an Flugverbindungen unterstreicht die Bedeutung des Flughafens als wachsendes globales Reisezentrum.<\/p>\n\n\n\n\n\n\n\n\n<\/p>\n<div data-skyscanner-widget=\"FlightSearchWidget\" data-locale=\"de-DE\" data-market=\"DE\" data-currency=\"EUR\" data-media-partner-id=\"4033523\" data-origin-geo-lookup=\"true\" data-destination-iata-code=\"ALC\" data-flight-type=\"return\" data-colour=\"#eee8e7\" data-widget-border-radius=\"2em\" data-widget-padding=\"1em\"><\/div>\n<p><script src=\"https:\/\/widgets.skyscanner.net\/widget-server\/js\/loader.js\" async=\"\"><\/script>\n\n\n\n<h3 class=\"wp-block-heading\">Effizienz und Modernit\u00e4t<\/h3>\n\n\n\n<p>Der Flughafen Alicante zeichnet sich durch seine moderne Infrastruktur und betriebliche Effizienz aus. Mit seinen mehreren Start- und Landebahnen und den hochmodernen Terminals kann der Flughafen eine gro\u00dfe Anzahl von Reisenden aufnehmen und reibungslose Abfertigungsverfahren und p\u00fcnktliche Abfl\u00fcge gew\u00e4hrleisten. Sein Engagement f\u00fcr die Zufriedenheit und Sicherheit der Passagiere ist von h\u00f6chster Bedeutung und festigt seinen Ruf als zuverl\u00e4ssiges und vertrauensw\u00fcrdiges Reisezentrum.<\/p>\n\n\n\n<h3 class=\"wp-block-heading\">N\u00e4he zu den Attraktionen der Costa Blanca<\/h3>\n\n\n\n<p>Neben seinen funktionalen Eigenschaften ist die N\u00e4he des Flughafens Alicante zu den ber\u00fchmten Attraktionen der Costa Blanca ein wichtiger Anziehungspunkt. Reisende, die am Flughafen aussteigen, sind nur einen Steinwurf von den unber\u00fchrten Str\u00e4nden, charmanten K\u00fcstenst\u00e4dten und kulturellen Sehensw\u00fcrdigkeiten entfernt, die die Region zu einem begehrten Reiseziel machen. Ob die gesch\u00e4ftige Energie von Benidorm, der historische Charme von Altea oder die ruhige Sch\u00f6nheit von Denia - sie alle sind von diesem zentralen Flughafen aus leicht zu erreichen.<\/p>\n\n\n\n<h3 class=\"wp-block-heading\">Initiativen zur Nachhaltigkeit<\/h3>\n\n\n\n<p>Der Flughafen Alicante hat sich auch der Verantwortung f\u00fcr die Umwelt verschrieben und setzt nachhaltige Praktiken ein, um seinen \u00f6kologischen Fu\u00dfabdruck zu minimieren. Das Engagement des Flughafens f\u00fcr einen umweltfreundlichen Betrieb f\u00fcgt sich nahtlos in die nat\u00fcrliche Sch\u00f6nheit der Region ein und unterstreicht sein Engagement, die Umwelt f\u00fcr k\u00fcnftige Generationen zu erhalten.<\/p>\n\n\n\n<p>Der Flughafen Alicante, ein moderner und effizienter Verkehrsknotenpunkt, spielt eine zentrale Rolle bei der Erleichterung des Zugangs zur bezaubernden Region Costa Blanca. Mit seiner strategischen Lage, den umfassenden Einrichtungen, dem ausgedehnten Flugnetz und seinem Engagement f\u00fcr die Zufriedenheit der Passagiere ist der Flughafen ein unverzichtbares Tor f\u00fcr Reisende, die eine unvergessliche Reise zu einem der attraktivsten Reiseziele Spaniens antreten m\u00f6chten. Ganz gleich, ob er privat oder gesch\u00e4ftlich unterwegs ist, jeder Reisende kann sich auf den nahtlosen Service und die komfortable Anbindung des Flughafens Alicante verlassen, was ihn zu einem wichtigen und dynamischen Akteur in der Welt des internationalen Reiseverkehrs macht.<\/p>","protected":false},"excerpt":{"rendered":"<p>To\/From Alicante Airport Alicante Airport Location and Address Alicante Airport Location: Avenida del l&#8217;Altet, 03195 Elx, Alicante Buy Alicante Flights More than 30 airline flights to Alicante Airport. Some examples are Ryanair, Vueling, Norwegian, easyJet, Jet2, SAS, Eurowings, TUI Fly and Volotea. The easiest way to compare prices among all the airlines operating at Alicante&#8217;s [&hellip;]<\/p>\n","protected":false},"author":1,"featured_media":0,"parent":0,"menu_order":0,"comment_status":"closed","ping_status":"closed","template":"","meta":{"footnotes":""},"class_list":["post-5669","page","type-page","status-publish","hentry"],"yoast_head":"<!-- This site is optimized with the Yoast SEO plugin v27.1.1 - https:\/\/yoast.com\/product\/yoast-seo-wordpress\/ -->\n<title>Alicante Airport: Travel Hub - AlicanteAbout.com<\/title>\n<meta name=\"description\" content=\"Guide to Alicante Airport. Information on departures, arrivals and general advice for a seamless flight from\/to Alicante Costa Blanca.\" \/>\n<meta name=\"robots\" content=\"index, follow, max-snippet:-1, max-image-preview:large, max-video-preview:-1\" \/>\n<link rel=\"canonical\" href=\"https:\/\/alicanteabout.com\/de\/alicante-flughafen-reisezentrum\/\" \/>\n<meta property=\"og:locale\" content=\"de_DE\" \/>\n<meta property=\"og:type\" content=\"article\" \/>\n<meta property=\"og:title\" content=\"Alicante Airport: Travel Hub - AlicanteAbout.com\" \/>\n<meta property=\"og:description\" content=\"Guide to Alicante Airport. Information on departures, arrivals and general advice for a seamless flight from\/to Alicante Costa Blanca.\" \/>\n<meta property=\"og:url\" content=\"https:\/\/alicanteabout.com\/de\/alicante-flughafen-reisezentrum\/\" \/>\n<meta property=\"og:site_name\" content=\"AlicanteAbout.com\" \/>\n<meta property=\"article:publisher\" content=\"https:\/\/www.facebook.com\/AlicanteAbout\" \/>\n<meta property=\"article:modified_time\" content=\"2026-02-02T21:05:06+00:00\" \/>\n<meta property=\"og:image\" content=\"https:\/\/alicanteabout.com\/wp-content\/uploads\/2023\/08\/wp-1691874333297.png\" \/>\n\t<meta property=\"og:image:width\" content=\"1365\" \/>\n\t<meta property=\"og:image:height\" content=\"1024\" \/>\n\t<meta property=\"og:image:type\" content=\"image\/png\" \/>\n<meta name=\"twitter:card\" content=\"summary_large_image\" \/>\n<meta name=\"twitter:site\" content=\"@AlicanteAbout\" \/>\n<meta name=\"twitter:label1\" content=\"Gesch\u00e4tzte Lesezeit\" \/>\n\t<meta name=\"twitter:data1\" content=\"3\u00a0Minuten\" \/>\n<script type=\"application\/ld+json\" class=\"yoast-schema-graph\">{\"@context\":\"https:\/\/schema.org\",\"@graph\":[{\"@type\":\"WebPage\",\"@id\":\"https:\/\/alicanteabout.com\/alicante-airport-travel-hub\/\",\"url\":\"https:\/\/alicanteabout.com\/alicante-airport-travel-hub\/\",\"name\":\"Alicante Airport: Travel Hub - AlicanteAbout.com\",\"isPartOf\":{\"@id\":\"https:\/\/alicanteabout.com\/#website\"},\"primaryImageOfPage\":{\"@id\":\"https:\/\/alicanteabout.com\/alicante-airport-travel-hub\/#primaryimage\"},\"image\":{\"@id\":\"https:\/\/alicanteabout.com\/alicante-airport-travel-hub\/#primaryimage\"},\"thumbnailUrl\":\"https:\/\/alicanteabout.com\/wp-content\/uploads\/2023\/08\/wp-1691874333297.png\",\"datePublished\":\"2023-08-09T09:26:32+00:00\",\"dateModified\":\"2026-02-02T21:05:06+00:00\",\"description\":\"Guide to Alicante Airport. Information on departures, arrivals and general advice for a seamless flight from\/to Alicante Costa Blanca.\",\"breadcrumb\":{\"@id\":\"https:\/\/alicanteabout.com\/alicante-airport-travel-hub\/#breadcrumb\"},\"inLanguage\":\"de\",\"potentialAction\":[{\"@type\":\"ReadAction\",\"target\":[\"https:\/\/alicanteabout.com\/alicante-airport-travel-hub\/\"]}]},{\"@type\":\"ImageObject\",\"inLanguage\":\"de\",\"@id\":\"https:\/\/alicanteabout.com\/alicante-airport-travel-hub\/#primaryimage\",\"url\":\"https:\/\/alicanteabout.com\/wp-content\/uploads\/2023\/08\/wp-1691874333297.png\",\"contentUrl\":\"https:\/\/alicanteabout.com\/wp-content\/uploads\/2023\/08\/wp-1691874333297.png\"},{\"@type\":\"BreadcrumbList\",\"@id\":\"https:\/\/alicanteabout.com\/alicante-airport-travel-hub\/#breadcrumb\",\"itemListElement\":[{\"@type\":\"ListItem\",\"position\":1,\"name\":\"Home\",\"item\":\"https:\/\/alicanteabout.com\/\"},{\"@type\":\"ListItem\",\"position\":2,\"name\":\"Alicante Airport: Travel Hub\"}]},{\"@type\":\"WebSite\",\"@id\":\"https:\/\/alicanteabout.com\/#website\",\"url\":\"https:\/\/alicanteabout.com\/\",\"name\":\"AlicanteAbout.com\",\"description\":\"Your Guide to Alicante [By an Alicantinian]\",\"potentialAction\":[{\"@type\":\"SearchAction\",\"target\":{\"@type\":\"EntryPoint\",\"urlTemplate\":\"https:\/\/alicanteabout.com\/?s={search_term_string}\"},\"query-input\":{\"@type\":\"PropertyValueSpecification\",\"valueRequired\":true,\"valueName\":\"search_term_string\"}}],\"inLanguage\":\"de\"}]}<\/script>\n<!-- \/ Yoast SEO plugin. -->","yoast_head_json":{"title":"Flughafen Alicante: Reise-Drehscheibe - AlicanteAbout.com","description":"F\u00fchrer zum Flughafen Alicante. Informationen \u00fcber Abfl\u00fcge, Ank\u00fcnfte und allgemeine Hinweise f\u00fcr einen reibungslosen Flug von\/nach Alicante Costa Blanca.","robots":{"index":"index","follow":"follow","max-snippet":"max-snippet:-1","max-image-preview":"max-image-preview:large","max-video-preview":"max-video-preview:-1"},"canonical":"https:\/\/alicanteabout.com\/de\/alicante-flughafen-reisezentrum\/","og_locale":"de_DE","og_type":"article","og_title":"Alicante Airport: Travel Hub - AlicanteAbout.com","og_description":"Guide to Alicante Airport. Information on departures, arrivals and general advice for a seamless flight from\/to Alicante Costa Blanca.","og_url":"https:\/\/alicanteabout.com\/de\/alicante-flughafen-reisezentrum\/","og_site_name":"AlicanteAbout.com","article_publisher":"https:\/\/www.facebook.com\/AlicanteAbout","article_modified_time":"2026-02-02T21:05:06+00:00","og_image":[{"width":1365,"height":1024,"url":"https:\/\/alicanteabout.com\/wp-content\/uploads\/2023\/08\/wp-1691874333297.png","type":"image\/png"}],"twitter_card":"summary_large_image","twitter_site":"@AlicanteAbout","twitter_misc":{"Gesch\u00e4tzte Lesezeit":"3\u00a0Minuten"},"schema":{"@context":"https:\/\/schema.org","@graph":[{"@type":"WebPage","@id":"https:\/\/alicanteabout.com\/alicante-airport-travel-hub\/","url":"https:\/\/alicanteabout.com\/alicante-airport-travel-hub\/","name":"Flughafen Alicante: Reise-Drehscheibe - AlicanteAbout.com","isPartOf":{"@id":"https:\/\/alicanteabout.com\/#website"},"primaryImageOfPage":{"@id":"https:\/\/alicanteabout.com\/alicante-airport-travel-hub\/#primaryimage"},"image":{"@id":"https:\/\/alicanteabout.com\/alicante-airport-travel-hub\/#primaryimage"},"thumbnailUrl":"https:\/\/alicanteabout.com\/wp-content\/uploads\/2023\/08\/wp-1691874333297.png","datePublished":"2023-08-09T09:26:32+00:00","dateModified":"2026-02-02T21:05:06+00:00","description":"F\u00fchrer zum Flughafen Alicante. Informationen \u00fcber Abfl\u00fcge, Ank\u00fcnfte und allgemeine Hinweise f\u00fcr einen reibungslosen Flug von\/nach Alicante Costa Blanca.","breadcrumb":{"@id":"https:\/\/alicanteabout.com\/alicante-airport-travel-hub\/#breadcrumb"},"inLanguage":"de","potentialAction":[{"@type":"ReadAction","target":["https:\/\/alicanteabout.com\/alicante-airport-travel-hub\/"]}]},{"@type":"ImageObject","inLanguage":"de","@id":"https:\/\/alicanteabout.com\/alicante-airport-travel-hub\/#primaryimage","url":"https:\/\/alicanteabout.com\/wp-content\/uploads\/2023\/08\/wp-1691874333297.png","contentUrl":"https:\/\/alicanteabout.com\/wp-content\/uploads\/2023\/08\/wp-1691874333297.png"},{"@type":"BreadcrumbList","@id":"https:\/\/alicanteabout.com\/alicante-airport-travel-hub\/#breadcrumb","itemListElement":[{"@type":"ListItem","position":1,"name":"Home","item":"https:\/\/alicanteabout.com\/"},{"@type":"ListItem","position":2,"name":"Alicante Airport: Travel Hub"}]},{"@type":"WebSite","@id":"https:\/\/alicanteabout.com\/#website","url":"https:\/\/alicanteabout.com\/","name":"AlicanteAbout.com","description":"Your Guide to Alicante [By an Alicantinian]","potentialAction":[{"@type":"SearchAction","target":{"@type":"EntryPoint","urlTemplate":"https:\/\/alicanteabout.com\/?s={search_term_string}"},"query-input":{"@type":"PropertyValueSpecification","valueRequired":true,"valueName":"search_term_string"}}],"inLanguage":"de"}]}},"_links":{"self":[{"href":"https:\/\/alicanteabout.com\/de\/wp-json\/wp\/v2\/pages\/5669","targetHints":{"allow":["GET"]}}],"collection":[{"href":"https:\/\/alicanteabout.com\/de\/wp-json\/wp\/v2\/pages"}],"about":[{"href":"https:\/\/alicanteabout.com\/de\/wp-json\/wp\/v2\/types\/page"}],"author":[{"embeddable":true,"href":"https:\/\/alicanteabout.com\/de\/wp-json\/wp\/v2\/users\/1"}],"replies":[{"embeddable":true,"href":"https:\/\/alicanteabout.com\/de\/wp-json\/wp\/v2\/comments?post=5669"}],"version-history":[{"count":29,"href":"https:\/\/alicanteabout.com\/de\/wp-json\/wp\/v2\/pages\/5669\/revisions"}],"predecessor-version":[{"id":6633,"href":"https:\/\/alicanteabout.com\/de\/wp-json\/wp\/v2\/pages\/5669\/revisions\/6633"}],"wp:attachment":[{"href":"https:\/\/alicanteabout.com\/de\/wp-json\/wp\/v2\/media?parent=5669"}],"curies":[{"name":"wp","href":"https:\/\/api.w.org\/{rel}","templated":true}]}}