{"id":4662,"date":"2023-02-02T23:18:19","date_gmt":"2023-02-02T23:18:19","guid":{"rendered":"https:\/\/alicanteabout.com\/?page_id=4662"},"modified":"2023-11-24T00:57:06","modified_gmt":"2023-11-24T00:57:06","slug":"sobre-el-equipo","status":"publish","type":"page","link":"https:\/\/alicanteabout.com\/es\/about-the-team\/","title":{"rendered":"Acerca del equipo"},"content":{"rendered":"<p>AlicanteAbout.com est\u00e1 gestionado por la empresa CLUSTER SOLAR LTD.<\/p>\n\n\n\n<p>Nos encanta tenerle aqu\u00ed y esperamos que este sitio web le ayude a navegar por Alicante y todo lo que puede ofrecerle.<\/p>\n\n\n\n<p>En CLUSTER SOLAR LTD trabajamos para que recibas la informaci\u00f3n m\u00e1s precisa y actualizada sobre transportes, actividades, monumentos y la vida en Alicante.<\/p>\n\n\n\n<p>Este proyecto es un sitio web en curso, pero el equipo es peque\u00f1o, Victor Sesma est\u00e1 en este momento a tiempo parcial trabajando en \u00e9l.<\/p>\n\n\n\n<p>Puedes esperar peque\u00f1as pero constantes actualizaciones: a veces nuevo contenido, a veces un enlace al c\u00f3digo de la web para hacerla m\u00e1s r\u00e1pida o con mejor aspecto. A veces es una actualizaci\u00f3n sobre el contenido actual por lo que siempre se actualiza y mantiene la precisi\u00f3n con los cambios en curso en Alicante.<\/p>\n\n\n\n<p><a href=\"https:\/\/alicanteabout.com\/es\/pongase-en-contacto-con\/\">Para ponerse en contacto con el equipo, consulte la p\u00e1gina de contacto.<\/a><\/p>\n\n\n\n<p><strong>Espero que tenga un buen viaje en Alicante.<\/strong><\/p>","protected":false},"excerpt":{"rendered":"<p>AlicanteAbout.com is managed by the company CLUSTER SOLAR LTD. We thrive on having you here and hope this website helps you navigate around Alicante and everything it has to offer. At CLUSTER SOLAR LTD we work hard so you receive the most accurate and updated information about transport, activities, monuments and life in Alicante. This [&hellip;]<\/p>\n","protected":false},"author":1,"featured_media":0,"parent":0,"menu_order":0,"comment_status":"closed","ping_status":"closed","template":"","meta":{"footnotes":""},"class_list":["post-4662","page","type-page","status-publish","hentry"],"yoast_head":"<!-- This site is optimized with the Yoast SEO plugin v27.1.1 - https:\/\/yoast.com\/product\/yoast-seo-wordpress\/ -->\n<title>About the Team - AlicanteAbout.com<\/title>\n<meta name=\"description\" content=\"Meet the team behind AlicanteAbout.com, dedicated to offering current, detailed insights about Alicante&#039;s transport and landmarks.\" \/>\n<meta name=\"robots\" content=\"index, follow, max-snippet:-1, max-image-preview:large, max-video-preview:-1\" \/>\n<link rel=\"canonical\" href=\"https:\/\/alicanteabout.com\/es\/sobre-el-equipo\/\" \/>\n<meta property=\"og:locale\" content=\"es_ES\" \/>\n<meta property=\"og:type\" content=\"article\" \/>\n<meta property=\"og:title\" content=\"About the Team - AlicanteAbout.com\" \/>\n<meta property=\"og:description\" content=\"Meet the team behind AlicanteAbout.com, dedicated to offering current, detailed insights about Alicante&#039;s transport and landmarks.\" \/>\n<meta property=\"og:url\" content=\"https:\/\/alicanteabout.com\/es\/sobre-el-equipo\/\" \/>\n<meta property=\"og:site_name\" content=\"AlicanteAbout.com\" \/>\n<meta property=\"article:publisher\" content=\"https:\/\/www.facebook.com\/AlicanteAbout\" \/>\n<meta property=\"article:modified_time\" content=\"2023-11-24T00:57:06+00:00\" \/>\n<meta property=\"og:image\" content=\"https:\/\/alicanteabout.com\/wp-content\/uploads\/2023\/08\/cara-del-moro-from-postiguet-scaled.jpg\" \/>\n\t<meta property=\"og:image:width\" content=\"2560\" \/>\n\t<meta property=\"og:image:height\" content=\"1920\" \/>\n\t<meta property=\"og:image:type\" content=\"image\/jpeg\" \/>\n<meta name=\"twitter:card\" content=\"summary_large_image\" \/>\n<meta name=\"twitter:site\" content=\"@AlicanteAbout\" \/>\n<meta name=\"twitter:label1\" content=\"Tiempo de lectura\" \/>\n\t<meta name=\"twitter:data1\" content=\"1 minuto\" \/>\n<script type=\"application\/ld+json\" class=\"yoast-schema-graph\">{\"@context\":\"https:\/\/schema.org\",\"@graph\":[{\"@type\":[\"WebPage\",\"AboutPage\"],\"@id\":\"https:\/\/alicanteabout.com\/about-the-team\/\",\"url\":\"https:\/\/alicanteabout.com\/about-the-team\/\",\"name\":\"About the Team - AlicanteAbout.com\",\"isPartOf\":{\"@id\":\"https:\/\/alicanteabout.com\/#website\"},\"datePublished\":\"2023-02-02T23:18:19+00:00\",\"dateModified\":\"2023-11-24T00:57:06+00:00\",\"description\":\"Meet the team behind AlicanteAbout.com, dedicated to offering current, detailed insights about Alicante's transport and landmarks.\",\"breadcrumb\":{\"@id\":\"https:\/\/alicanteabout.com\/about-the-team\/#breadcrumb\"},\"inLanguage\":\"es\",\"potentialAction\":[{\"@type\":\"ReadAction\",\"target\":[\"https:\/\/alicanteabout.com\/about-the-team\/\"]}]},{\"@type\":\"BreadcrumbList\",\"@id\":\"https:\/\/alicanteabout.com\/about-the-team\/#breadcrumb\",\"itemListElement\":[{\"@type\":\"ListItem\",\"position\":1,\"name\":\"Home\",\"item\":\"https:\/\/alicanteabout.com\/\"},{\"@type\":\"ListItem\",\"position\":2,\"name\":\"About the Team\"}]},{\"@type\":\"WebSite\",\"@id\":\"https:\/\/alicanteabout.com\/#website\",\"url\":\"https:\/\/alicanteabout.com\/\",\"name\":\"AlicanteAbout.com\",\"description\":\"Your Guide to Alicante [By an Alicantinian]\",\"potentialAction\":[{\"@type\":\"SearchAction\",\"target\":{\"@type\":\"EntryPoint\",\"urlTemplate\":\"https:\/\/alicanteabout.com\/?s={search_term_string}\"},\"query-input\":{\"@type\":\"PropertyValueSpecification\",\"valueRequired\":true,\"valueName\":\"search_term_string\"}}],\"inLanguage\":\"es\"}]}<\/script>\n<!-- \/ Yoast SEO plugin. -->","yoast_head_json":{"title":"Sobre el equipo - AlicanteAbout.com","description":"Conozca al equipo que hay detr\u00e1s de AlicanteAbout.com, dedicado a ofrecer informaci\u00f3n actual y detallada sobre el transporte y los lugares emblem\u00e1ticos de Alicante.","robots":{"index":"index","follow":"follow","max-snippet":"max-snippet:-1","max-image-preview":"max-image-preview:large","max-video-preview":"max-video-preview:-1"},"canonical":"https:\/\/alicanteabout.com\/es\/sobre-el-equipo\/","og_locale":"es_ES","og_type":"article","og_title":"About the Team - AlicanteAbout.com","og_description":"Meet the team behind AlicanteAbout.com, dedicated to offering current, detailed insights about Alicante's transport and landmarks.","og_url":"https:\/\/alicanteabout.com\/es\/sobre-el-equipo\/","og_site_name":"AlicanteAbout.com","article_publisher":"https:\/\/www.facebook.com\/AlicanteAbout","article_modified_time":"2023-11-24T00:57:06+00:00","og_image":[{"width":2560,"height":1920,"url":"https:\/\/alicanteabout.com\/wp-content\/uploads\/2023\/08\/cara-del-moro-from-postiguet-scaled.jpg","type":"image\/jpeg"}],"twitter_card":"summary_large_image","twitter_site":"@AlicanteAbout","twitter_misc":{"Tiempo de lectura":"1 minuto"},"schema":{"@context":"https:\/\/schema.org","@graph":[{"@type":["WebPage","AboutPage"],"@id":"https:\/\/alicanteabout.com\/about-the-team\/","url":"https:\/\/alicanteabout.com\/about-the-team\/","name":"Sobre el equipo - AlicanteAbout.com","isPartOf":{"@id":"https:\/\/alicanteabout.com\/#website"},"datePublished":"2023-02-02T23:18:19+00:00","dateModified":"2023-11-24T00:57:06+00:00","description":"Conozca al equipo que hay detr\u00e1s de AlicanteAbout.com, dedicado a ofrecer informaci\u00f3n actual y detallada sobre el transporte y los lugares emblem\u00e1ticos de Alicante.","breadcrumb":{"@id":"https:\/\/alicanteabout.com\/about-the-team\/#breadcrumb"},"inLanguage":"es","potentialAction":[{"@type":"ReadAction","target":["https:\/\/alicanteabout.com\/about-the-team\/"]}]},{"@type":"BreadcrumbList","@id":"https:\/\/alicanteabout.com\/about-the-team\/#breadcrumb","itemListElement":[{"@type":"ListItem","position":1,"name":"Home","item":"https:\/\/alicanteabout.com\/"},{"@type":"ListItem","position":2,"name":"About the Team"}]},{"@type":"WebSite","@id":"https:\/\/alicanteabout.com\/#website","url":"https:\/\/alicanteabout.com\/","name":"AlicanteAbout.com","description":"Your Guide to Alicante [By an Alicantinian]","potentialAction":[{"@type":"SearchAction","target":{"@type":"EntryPoint","urlTemplate":"https:\/\/alicanteabout.com\/?s={search_term_string}"},"query-input":{"@type":"PropertyValueSpecification","valueRequired":true,"valueName":"search_term_string"}}],"inLanguage":"es"}]}},"_links":{"self":[{"href":"https:\/\/alicanteabout.com\/es\/wp-json\/wp\/v2\/pages\/4662","targetHints":{"allow":["GET"]}}],"collection":[{"href":"https:\/\/alicanteabout.com\/es\/wp-json\/wp\/v2\/pages"}],"about":[{"href":"https:\/\/alicanteabout.com\/es\/wp-json\/wp\/v2\/types\/page"}],"author":[{"embeddable":true,"href":"https:\/\/alicanteabout.com\/es\/wp-json\/wp\/v2\/users\/1"}],"replies":[{"embeddable":true,"href":"https:\/\/alicanteabout.com\/es\/wp-json\/wp\/v2\/comments?post=4662"}],"version-history":[{"count":1,"href":"https:\/\/alicanteabout.com\/es\/wp-json\/wp\/v2\/pages\/4662\/revisions"}],"predecessor-version":[{"id":4663,"href":"https:\/\/alicanteabout.com\/es\/wp-json\/wp\/v2\/pages\/4662\/revisions\/4663"}],"wp:attachment":[{"href":"https:\/\/alicanteabout.com\/es\/wp-json\/wp\/v2\/media?parent=4662"}],"curies":[{"name":"wp","href":"https:\/\/api.w.org\/{rel}","templated":true}]}}