{"id":4670,"date":"2023-02-23T22:06:25","date_gmt":"2023-02-23T22:06:25","guid":{"rendered":"https:\/\/alicanteabout.com\/?page_id=4670"},"modified":"2026-02-15T23:17:07","modified_gmt":"2026-02-15T23:17:07","slug":"autor-victor-sesma","status":"publish","type":"page","link":"https:\/\/alicanteabout.com\/es\/author-victor-sesma\/","title":{"rendered":"Sobre Victor Sesma Autor"},"content":{"rendered":"<p>\u00a1Hola! Esto es <a href=\"https:\/\/victorsesma.com\/\" target=\"_blank\" rel=\"noreferrer noopener\">Victor Sesma<\/a>, autor principal de <a href=\"https:\/\/alicanteabout.com\/es\/\">alicanteabout.com<\/a>.<\/p>\n\n\n\n<p>Soy un alicantino afincado en Londres, pero crec\u00ed y viv\u00ed la mayor parte de mi vida en Alicante.<\/p>\n\n\n\n<p>Intento pasar todo el tiempo que puedo en la capital de <em>Costa Blanca<\/em>. Alicante es la ciudad que m\u00e1s me ha marcado a m\u00ed y a mi personalidad. Alicante es donde reside la mayor parte de mi familia y muchos amigos.<\/p>\n\n\n\n<p>A mediados de mis 20,s trabaj\u00e9 como camarero en Benidorm. Esta experiencia, unida a mi vida en el Reino Unido y Londres, me da una visi\u00f3n \u00fanica de la ciudad de Alicante y la provincia.<\/p>\n\n\n\n<figure class=\"wp-block-image size-large\"><img loading=\"lazy\" decoding=\"async\" width=\"768\" height=\"1024\" src=\"https:\/\/alicanteabout.com\/wp-content\/uploads\/2022\/05\/victor-sesma-768x1024.jpg\" alt=\"Victor Sesma\" class=\"wp-image-3116\" srcset=\"https:\/\/alicanteabout.com\/wp-content\/uploads\/2022\/05\/victor-sesma-768x1024.jpg 768w, https:\/\/alicanteabout.com\/wp-content\/uploads\/2022\/05\/victor-sesma-225x300.jpg 225w, https:\/\/alicanteabout.com\/wp-content\/uploads\/2022\/05\/victor-sesma-1152x1536.jpg 1152w, https:\/\/alicanteabout.com\/wp-content\/uploads\/2022\/05\/victor-sesma-1536x2048.jpg 1536w, https:\/\/alicanteabout.com\/wp-content\/uploads\/2022\/05\/victor-sesma-scaled.jpg 1920w\" sizes=\"auto, (max-width: 768px) 100vw, 768px\" \/><figcaption class=\"wp-element-caption\">Victor Sesma en la playa de Alicante<\/figcaption><\/figure>\n\n\n\n<h2 class=\"wp-block-heading\">\u00bfPor qu\u00e9 escribir sobre Alicante?<\/h2>\n\n\n\n<p>El hecho de ser alicantino pero vivir en el Reino Unido me ha brindado la oportunidad de ayudar a la gente a disipar algunos conceptos err\u00f3neos sobre la ciudad.<\/p>\n\n\n\n<p>Alicante es mucho m\u00e1s que Benidorm y otras ciudades tur\u00edsticas de la provincia, una idea equivocada que tienen muchos turistas.<\/p>\n\n\n\n<p>La combinaci\u00f3n de la ciudad de Alicante y la provincia hace de la ciudad el lugar perfecto para vivir y visitar: buenas conexiones por avi\u00f3n, tren y carreteras, buen clima, fant\u00e1stica comida, incre\u00edble calidad de vida, gran cultura, gente amable... la lista contin\u00faa.<\/p>\n\n\n\n<p>Este blog intenta cerrar la brecha entre algunas de las ideas err\u00f3neas sobre la ciudad de Alicante y las oportunidades que ofrece a residentes y visitantes. Espero que lo disfrutes y que encuentres respuesta a tus preguntas ley\u00e9ndolo.<\/p>\n\n\n\n<h2 class=\"wp-block-heading\">Mi viaje internacional<\/h2>\n\n\n\n<p>Empec\u00e9 a abrirme a la gente internacional -y no s\u00f3lo a los espa\u00f1oles- cuando ten\u00eda unos 20 a\u00f1os, al unirme brevemente a la organizaci\u00f3n europea de estudiantes AEGEE en la uni.<\/p>\n\n\n\n<p>Poco despu\u00e9s, me fui a Noruega a trabajar durante casi un a\u00f1o. Vivir fuera de mi propia cultura fue una experiencia incre\u00edble.<\/p>\n\n\n\n<p>La decisi\u00f3n de venir a Londres se tom\u00f3 al terminar la carrera profesional, y desde entonces vivo aqu\u00ed.<\/p>\n\n\n\n<p>Como puedes ver, Alicante, Londres y otros pa\u00edses y ciudades han formado parte de mi vida, e intento ayudar a otras personas en sus viajes a Alicante.<\/p>\n\n\n\n<p>Si quieres conocer mi trayectoria profesional, consulta mi portfolio en <a href=\"https:\/\/victorsesma.com\">victorsesma.com<\/a> o mi <a href=\"https:\/\/www.linkedin.com\/in\/victor-sesma-3b2291104\/\">Enlace<\/a><a href=\"https:\/\/www.linkedin.com\/feed\/\" target=\"_blank\" rel=\"noreferrer noopener\">P\u00e1gina edIn<\/a>.<\/p>\n\n\n\n<p><\/p>\n\n\n\n<p>Le deseo lo mejor,<\/p>\n\n\n\n<p><\/p>\n\n\n\n<p>Victor Sesma<\/p>","protected":false},"excerpt":{"rendered":"<p>Hello! This is Victor Sesma, the main author of alicanteabout.com. I am an Alicantinian based in London, but grew up and lived most of my life in Alicante. I try to spend as much time as I can in the capital of Costa Blanca. Alicante is the city that has shaped me and my personality [&hellip;]<\/p>\n","protected":false},"author":1,"featured_media":3116,"parent":0,"menu_order":0,"comment_status":"closed","ping_status":"closed","template":"","meta":{"footnotes":""},"class_list":["post-4670","page","type-page","status-publish","has-post-thumbnail","hentry"],"yoast_head":"<!-- This site is optimized with the Yoast SEO plugin v27.1.1 - https:\/\/yoast.com\/product\/yoast-seo-wordpress\/ -->\n<title>About Victor Sesma Author - AlicanteAbout.com<\/title>\n<meta name=\"description\" content=\"Victor Sesma is a software Engineer from Alciante living in between London and Alicante. He is the main author of Alicanteabout.com\" \/>\n<meta name=\"robots\" content=\"index, follow, max-snippet:-1, max-image-preview:large, max-video-preview:-1\" \/>\n<link rel=\"canonical\" href=\"https:\/\/alicanteabout.com\/es\/autor-victor-sesma\/\" \/>\n<meta property=\"og:locale\" content=\"es_ES\" \/>\n<meta property=\"og:type\" content=\"article\" \/>\n<meta property=\"og:title\" content=\"About Victor Sesma Author - AlicanteAbout.com\" \/>\n<meta property=\"og:description\" content=\"Victor Sesma is a software Engineer from Alciante living in between London and Alicante. He is the main author of Alicanteabout.com\" \/>\n<meta property=\"og:url\" content=\"https:\/\/alicanteabout.com\/es\/autor-victor-sesma\/\" \/>\n<meta property=\"og:site_name\" content=\"AlicanteAbout.com\" \/>\n<meta property=\"article:publisher\" content=\"https:\/\/www.facebook.com\/AlicanteAbout\" \/>\n<meta property=\"article:modified_time\" content=\"2026-02-15T23:17:07+00:00\" \/>\n<meta property=\"og:image\" content=\"https:\/\/alicanteabout.com\/wp-content\/uploads\/2022\/05\/victor-sesma-scaled.jpg\" \/>\n\t<meta property=\"og:image:width\" content=\"1920\" \/>\n\t<meta property=\"og:image:height\" content=\"2560\" \/>\n\t<meta property=\"og:image:type\" content=\"image\/jpeg\" \/>\n<meta name=\"twitter:card\" content=\"summary_large_image\" \/>\n<meta name=\"twitter:site\" content=\"@AlicanteAbout\" \/>\n<meta name=\"twitter:label1\" content=\"Tiempo de lectura\" \/>\n\t<meta name=\"twitter:data1\" content=\"3 minutos\" \/>\n<script type=\"application\/ld+json\" class=\"yoast-schema-graph\">{\"@context\":\"https:\/\/schema.org\",\"@graph\":[{\"@type\":\"WebPage\",\"@id\":\"https:\/\/alicanteabout.com\/author-victor-sesma\/\",\"url\":\"https:\/\/alicanteabout.com\/author-victor-sesma\/\",\"name\":\"About Victor Sesma Author - AlicanteAbout.com\",\"isPartOf\":{\"@id\":\"https:\/\/alicanteabout.com\/#website\"},\"primaryImageOfPage\":{\"@id\":\"https:\/\/alicanteabout.com\/author-victor-sesma\/#primaryimage\"},\"image\":{\"@id\":\"https:\/\/alicanteabout.com\/author-victor-sesma\/#primaryimage\"},\"thumbnailUrl\":\"https:\/\/alicanteabout.com\/wp-content\/uploads\/2022\/05\/victor-sesma-scaled.jpg\",\"datePublished\":\"2023-02-23T22:06:25+00:00\",\"dateModified\":\"2026-02-15T23:17:07+00:00\",\"description\":\"Victor Sesma is a software Engineer from Alciante living in between London and Alicante. He is the main author of Alicanteabout.com\",\"breadcrumb\":{\"@id\":\"https:\/\/alicanteabout.com\/author-victor-sesma\/#breadcrumb\"},\"inLanguage\":\"es\",\"potentialAction\":[{\"@type\":\"ReadAction\",\"target\":[\"https:\/\/alicanteabout.com\/author-victor-sesma\/\"]}]},{\"@type\":\"ImageObject\",\"inLanguage\":\"es\",\"@id\":\"https:\/\/alicanteabout.com\/author-victor-sesma\/#primaryimage\",\"url\":\"https:\/\/alicanteabout.com\/wp-content\/uploads\/2022\/05\/victor-sesma-scaled.jpg\",\"contentUrl\":\"https:\/\/alicanteabout.com\/wp-content\/uploads\/2022\/05\/victor-sesma-scaled.jpg\",\"width\":1920,\"height\":2560,\"caption\":\"Victor Sesma on the Beach in Alicante\"},{\"@type\":\"BreadcrumbList\",\"@id\":\"https:\/\/alicanteabout.com\/author-victor-sesma\/#breadcrumb\",\"itemListElement\":[{\"@type\":\"ListItem\",\"position\":1,\"name\":\"Home\",\"item\":\"https:\/\/alicanteabout.com\/\"},{\"@type\":\"ListItem\",\"position\":2,\"name\":\"About Victor Sesma Author\"}]},{\"@type\":\"WebSite\",\"@id\":\"https:\/\/alicanteabout.com\/#website\",\"url\":\"https:\/\/alicanteabout.com\/\",\"name\":\"AlicanteAbout.com\",\"description\":\"Your Guide to Alicante [By an Alicantinian]\",\"potentialAction\":[{\"@type\":\"SearchAction\",\"target\":{\"@type\":\"EntryPoint\",\"urlTemplate\":\"https:\/\/alicanteabout.com\/?s={search_term_string}\"},\"query-input\":{\"@type\":\"PropertyValueSpecification\",\"valueRequired\":true,\"valueName\":\"search_term_string\"}}],\"inLanguage\":\"es\"}]}<\/script>\n<!-- \/ Yoast SEO plugin. -->","yoast_head_json":{"title":"Sobre Victor Sesma Autor - AlicanteAbout.com","description":"Victor Sesma es un ingeniero de software de Alciante que vive entre Londres y Alicante. Es el autor principal de Alicanteabout.com","robots":{"index":"index","follow":"follow","max-snippet":"max-snippet:-1","max-image-preview":"max-image-preview:large","max-video-preview":"max-video-preview:-1"},"canonical":"https:\/\/alicanteabout.com\/es\/autor-victor-sesma\/","og_locale":"es_ES","og_type":"article","og_title":"About Victor Sesma Author - AlicanteAbout.com","og_description":"Victor Sesma is a software Engineer from Alciante living in between London and Alicante. He is the main author of Alicanteabout.com","og_url":"https:\/\/alicanteabout.com\/es\/autor-victor-sesma\/","og_site_name":"AlicanteAbout.com","article_publisher":"https:\/\/www.facebook.com\/AlicanteAbout","article_modified_time":"2026-02-15T23:17:07+00:00","og_image":[{"width":1920,"height":2560,"url":"https:\/\/alicanteabout.com\/wp-content\/uploads\/2022\/05\/victor-sesma-scaled.jpg","type":"image\/jpeg"}],"twitter_card":"summary_large_image","twitter_site":"@AlicanteAbout","twitter_misc":{"Tiempo de lectura":"3 minutos"},"schema":{"@context":"https:\/\/schema.org","@graph":[{"@type":"WebPage","@id":"https:\/\/alicanteabout.com\/author-victor-sesma\/","url":"https:\/\/alicanteabout.com\/author-victor-sesma\/","name":"Sobre Victor Sesma Autor - AlicanteAbout.com","isPartOf":{"@id":"https:\/\/alicanteabout.com\/#website"},"primaryImageOfPage":{"@id":"https:\/\/alicanteabout.com\/author-victor-sesma\/#primaryimage"},"image":{"@id":"https:\/\/alicanteabout.com\/author-victor-sesma\/#primaryimage"},"thumbnailUrl":"https:\/\/alicanteabout.com\/wp-content\/uploads\/2022\/05\/victor-sesma-scaled.jpg","datePublished":"2023-02-23T22:06:25+00:00","dateModified":"2026-02-15T23:17:07+00:00","description":"Victor Sesma es un ingeniero de software de Alciante que vive entre Londres y Alicante. Es el autor principal de Alicanteabout.com","breadcrumb":{"@id":"https:\/\/alicanteabout.com\/author-victor-sesma\/#breadcrumb"},"inLanguage":"es","potentialAction":[{"@type":"ReadAction","target":["https:\/\/alicanteabout.com\/author-victor-sesma\/"]}]},{"@type":"ImageObject","inLanguage":"es","@id":"https:\/\/alicanteabout.com\/author-victor-sesma\/#primaryimage","url":"https:\/\/alicanteabout.com\/wp-content\/uploads\/2022\/05\/victor-sesma-scaled.jpg","contentUrl":"https:\/\/alicanteabout.com\/wp-content\/uploads\/2022\/05\/victor-sesma-scaled.jpg","width":1920,"height":2560,"caption":"Victor Sesma on the Beach in Alicante"},{"@type":"BreadcrumbList","@id":"https:\/\/alicanteabout.com\/author-victor-sesma\/#breadcrumb","itemListElement":[{"@type":"ListItem","position":1,"name":"Home","item":"https:\/\/alicanteabout.com\/"},{"@type":"ListItem","position":2,"name":"About Victor Sesma Author"}]},{"@type":"WebSite","@id":"https:\/\/alicanteabout.com\/#website","url":"https:\/\/alicanteabout.com\/","name":"AlicanteAbout.com","description":"Your Guide to Alicante [By an Alicantinian]","potentialAction":[{"@type":"SearchAction","target":{"@type":"EntryPoint","urlTemplate":"https:\/\/alicanteabout.com\/?s={search_term_string}"},"query-input":{"@type":"PropertyValueSpecification","valueRequired":true,"valueName":"search_term_string"}}],"inLanguage":"es"}]}},"_links":{"self":[{"href":"https:\/\/alicanteabout.com\/es\/wp-json\/wp\/v2\/pages\/4670","targetHints":{"allow":["GET"]}}],"collection":[{"href":"https:\/\/alicanteabout.com\/es\/wp-json\/wp\/v2\/pages"}],"about":[{"href":"https:\/\/alicanteabout.com\/es\/wp-json\/wp\/v2\/types\/page"}],"author":[{"embeddable":true,"href":"https:\/\/alicanteabout.com\/es\/wp-json\/wp\/v2\/users\/1"}],"replies":[{"embeddable":true,"href":"https:\/\/alicanteabout.com\/es\/wp-json\/wp\/v2\/comments?post=4670"}],"version-history":[{"count":16,"href":"https:\/\/alicanteabout.com\/es\/wp-json\/wp\/v2\/pages\/4670\/revisions"}],"predecessor-version":[{"id":6754,"href":"https:\/\/alicanteabout.com\/es\/wp-json\/wp\/v2\/pages\/4670\/revisions\/6754"}],"wp:featuredmedia":[{"embeddable":true,"href":"https:\/\/alicanteabout.com\/es\/wp-json\/wp\/v2\/media\/3116"}],"wp:attachment":[{"href":"https:\/\/alicanteabout.com\/es\/wp-json\/wp\/v2\/media?parent=4670"}],"curies":[{"name":"wp","href":"https:\/\/api.w.org\/{rel}","templated":true}]}}