{"id":5669,"date":"2023-08-09T10:26:32","date_gmt":"2023-08-09T09:26:32","guid":{"rendered":"https:\/\/alicanteabout.com\/?page_id=5669"},"modified":"2026-02-02T21:05:06","modified_gmt":"2026-02-02T21:05:06","slug":"aeropuerto-de-alicante-centro-de-viajes","status":"publish","type":"page","link":"https:\/\/alicanteabout.com\/es\/alicante-airport-travel-hub\/","title":{"rendered":"Aeropuerto de Alicante: Centro de viajes"},"content":{"rendered":"<div class='pt-cv-wrapper'> <div class=\"pt-cv-view pt-cv-overlaygrid iscvblock iscvreal overlay1 layout1\" id=\"pt-cv-view-iqbjdcsv\"><div data-id=\"pt-cv-page-1\" class=\"pt-cv-page\" data-cvc=\"2\"><div class=\"pt-cv-content-item pt-cv-1-col\" ><div class=\"pt-cv-thumb-wrapper\"><a href=\"https:\/\/alicanteabout.com\/es\/alicante-airport-travel-hub\/departures-from-alicante-airport-alc-leal\/\" class=\"_self pt-cv-href-thumbnail pt-cv-thumb-default\" target=\"_self\" ><img loading=\"lazy\" decoding=\"async\" width=\"768\" height=\"768\" src=\"https:\/\/alicanteabout.com\/wp-content\/uploads\/2023\/11\/plane-departing-airport-artwork-768x768.jpg\" class=\"pt-cv-thumbnail\" alt=\"Avi\u00f3n saliendo del aeropuerto Obra de arte de DALL-E\" \/><\/a><\/div>\n<div class=\"pt-cv-overlay-wrapper\"><div class=\"pt-cv-taxoterm above_title\"><\/div><h4 class=\"pt-cv-title\"><a href=\"https:\/\/alicanteabout.com\/es\/alicante-airport-travel-hub\/departures-from-alicante-airport-alc-leal\/\" class=\"_self\" target=\"_self\" >Salidas desde el Aeropuerto de Alicante (ALC\/LEAL) hoy<\/a><\/h4><\/div><\/div>\n<div class=\"pt-cv-content-item pt-cv-1-col\" ><div class=\"pt-cv-thumb-wrapper\"><a href=\"https:\/\/alicanteabout.com\/es\/alicante-airport-travel-hub\/arrivals-to-alicante-airport-alc-leal\/\" class=\"_self pt-cv-href-thumbnail pt-cv-thumb-default\" target=\"_self\" ><img loading=\"lazy\" decoding=\"async\" width=\"768\" height=\"768\" src=\"https:\/\/alicanteabout.com\/wp-content\/uploads\/2023\/11\/plane-landing-airport-artwork-768x768.jpg\" class=\"pt-cv-thumbnail\" alt=\"Avi\u00f3n aterrizando en el aeropuerto Obra de arte de DALL-E\" \/><\/a><\/div>\n<div class=\"pt-cv-overlay-wrapper\"><div class=\"pt-cv-taxoterm above_title\"><\/div><h4 class=\"pt-cv-title\"><a href=\"https:\/\/alicanteabout.com\/es\/alicante-airport-travel-hub\/arrivals-to-alicante-airport-alc-leal\/\" class=\"_self\" target=\"_self\" >Llegadas al aeropuerto de Alicante (ALC\/LEAL) hoy<\/a><\/h4><\/div><\/div><\/div><\/div> <\/div> <style>\n#pt-cv-view-iqbjdcsv .pt-cv-thumb-wrapper::before {background: rgba(0,0,0,.4); opacity: 0.8;}#pt-cv-view-iqbjdcsv .pt-cv-overlay-wrapper {justify-content: center;}\n#pt-cv-view-iqbjdcsv .pt-cv-meta-fields {  }#pt-cv-view-iqbjdcsv .pt-cv-meta-fields * { font-size: 13px; }#pt-cv-view-iqbjdcsv .pt-cv-title a { text-align: center;display: block;background-color: #4f4d4d; }#pt-cv-view-iqbjdcsv .pt-cv-title:not(.pt-cv-titlesm) a { font-weight: 600;text-decoration: none;font-size: 20px; }#pt-cv-view-iqbjdcsv .pt-cv-titlesm a { font-weight: 600;font-size: 18px; }#pt-cv-view-iqbjdcsv .pt-cv-content { font-size: 15px; }#pt-cv-view-iqbjdcsv .pt-cv-rmwrap {  }#pt-cv-view-iqbjdcsv .pt-cv-readmore { color: #fff;background-color: #0075ff;font-size: 14px; }#pt-cv-view-iqbjdcsv .pt-cv-taxoterm { margin: 0px 0px 20px 0px; }#pt-cv-view-iqbjdcsv .pt-cv-taxoterm * { color: #222;background-color: #fff6f6;font-size: 14px; }#pt-cv-view-iqbjdcsv + .pt-cv-pagination-wrapper {  }#pt-cv-view-iqbjdcsv + .pt-cv-pagination-wrapper a { font-size: 14px; }#pt-cv-view-iqbjdcsv > .pt-cv-page {grid-template-columns: repeat(2, 1fr);grid-auto-rows: 250px;grid-gap: 10px;}\n@media all and (max-width: 1024px) { \n#pt-cv-view-iqbjdcsv > .pt-cv-page {}\n} \n@media all and (max-width: 767px) { \n#pt-cv-view-iqbjdcsv > .pt-cv-page {grid-template-columns: repeat(1, 1fr);}\n} <\/style>\n\n\n<h2 class=\"wp-block-heading\">Desde\/hacia el aeropuerto de Alicante<\/h2>\n\n\n<div class='pt-cv-wrapper'> <div class=\"pt-cv-view pt-cv-overlaygrid iscvblock iscvreal overlay1 layout1\" id=\"pt-cv-view-sxzwetvo\"><div data-id=\"pt-cv-page-1\" class=\"pt-cv-page\" data-cvc=\"2\"><div class=\"pt-cv-content-item pt-cv-1-col\" ><div class=\"pt-cv-thumb-wrapper\"><a href=\"https:\/\/alicanteabout.com\/es\/transport\/alicante-to-benidorm-city-and-airport-transfers-bus-tram-taxi-and-prices\/\" class=\"_self pt-cv-href-thumbnail pt-cv-thumb-default\" target=\"_self\" ><img loading=\"lazy\" decoding=\"async\" width=\"575\" height=\"523\" src=\"https:\/\/alicanteabout.com\/wp-content\/uploads\/2023\/02\/alicante-and-benidorm.jpg\" class=\"pt-cv-thumbnail\" alt=\"Alicante y Benidorm en el mapa\" \/><\/a><\/div>\n<div class=\"pt-cv-overlay-wrapper\"><div class=\"pt-cv-taxoterm above_title\"><a href='https:\/\/alicanteabout.com\/es\/category\/transport\/' title='Transporte' class='pt-cv-tax-transport'>Transporte<\/a><\/div><h4 class=\"pt-cv-title\"><a href=\"https:\/\/alicanteabout.com\/es\/transport\/alicante-to-benidorm-city-and-airport-transfers-bus-tram-taxi-and-prices\/\" class=\"_self\" target=\"_self\" >Alicante a Benidorm - Traslados baratos a caros<\/a><\/h4><\/div><\/div>\n<div class=\"pt-cv-content-item pt-cv-1-col\" ><div class=\"pt-cv-thumb-wrapper\"><a href=\"https:\/\/alicanteabout.com\/es\/airport\/alicante-airport-bus\/\" class=\"_self pt-cv-href-thumbnail pt-cv-thumb-default\" target=\"_self\" ><img loading=\"lazy\" decoding=\"async\" width=\"768\" height=\"576\" src=\"https:\/\/alicanteabout.com\/wp-content\/uploads\/2021\/08\/alicante-airport-bus-station-768x576.jpg\" class=\"pt-cv-thumbnail\" alt=\"Estaci\u00f3n de Autobuses del Aeropuerto de Alicante\" \/><\/a><\/div>\n<div class=\"pt-cv-overlay-wrapper\"><div class=\"pt-cv-taxoterm above_title\"><a href='https:\/\/alicanteabout.com\/es\/category\/airport\/' title='Aeropuerto' class='pt-cv-tax-airport'>Aeropuerto<\/a><\/div><h4 class=\"pt-cv-title\"><a href=\"https:\/\/alicanteabout.com\/es\/airport\/alicante-airport-bus\/\" class=\"_self\" target=\"_self\" >Estaci\u00f3n de Autobuses del Aeropuerto de Alicante - Rutas y Enlaces a los Billetes<\/a><\/h4><\/div><\/div>\n<div class=\"pt-cv-content-item pt-cv-1-col\" ><div class=\"pt-cv-thumb-wrapper\"><a href=\"https:\/\/alicanteabout.com\/es\/transport\/alicante-airport-train-station\/\" class=\"_self pt-cv-href-thumbnail pt-cv-thumb-default\" target=\"_self\" ><img loading=\"lazy\" decoding=\"async\" width=\"768\" height=\"576\" src=\"https:\/\/alicanteabout.com\/wp-content\/uploads\/2020\/01\/alicante-airport-inside-768x576.jpg\" class=\"pt-cv-thumbnail\" alt=\"Aeropuerto de Alicante Interior de la Terminal\" \/><\/a><\/div>\n<div class=\"pt-cv-overlay-wrapper\"><div class=\"pt-cv-taxoterm above_title\"><a href='https:\/\/alicanteabout.com\/es\/category\/transport\/' title='Transporte' class='pt-cv-tax-transport'>Transporte<\/a><\/div><h4 class=\"pt-cv-title\"><a href=\"https:\/\/alicanteabout.com\/es\/transport\/alicante-airport-train-station\/\" class=\"_self\" target=\"_self\" >Estaci\u00f3n de tren del aeropuerto de Alicante - C\u00f3mo llegar a la estaci\u00f3n m\u00e1s cercana en Alicante<\/a><\/h4><\/div><\/div>\n<div class=\"pt-cv-content-item pt-cv-1-col\" ><div class=\"pt-cv-thumb-wrapper\"><a href=\"https:\/\/alicanteabout.com\/es\/transport\/from-alicante-airport-to-alicante-city-centre-by-bus\/\" class=\"_self pt-cv-href-thumbnail pt-cv-thumb-default\" target=\"_self\" ><img loading=\"lazy\" decoding=\"async\" width=\"768\" height=\"576\" src=\"https:\/\/alicanteabout.com\/wp-content\/uploads\/2022\/09\/c6-bus-aiport-alicante-768x576.jpg\" class=\"pt-cv-thumbnail\" alt=\"Aeropuerto de Alicante Autob\u00fas C6\" \/><\/a><\/div>\n<div class=\"pt-cv-overlay-wrapper\"><div class=\"pt-cv-taxoterm above_title\"><a href='https:\/\/alicanteabout.com\/es\/category\/transport\/' title='Transporte' class='pt-cv-tax-transport'>Transporte<\/a><\/div><h4 class=\"pt-cv-title\"><a href=\"https:\/\/alicanteabout.com\/es\/transport\/from-alicante-airport-to-alicante-city-centre-by-bus\/\" class=\"_self\" target=\"_self\" >Aeropuerto de Alicante a Alicante - Gu\u00eda r\u00e1pida del autob\u00fas C6<\/a><\/h4><\/div><\/div><\/div><\/div> <\/div> <style>\n#pt-cv-view-sxzwetvo .pt-cv-thumb-wrapper::before {background: rgba(0,0,0,.4); opacity: 0.8;}#pt-cv-view-sxzwetvo .pt-cv-overlay-wrapper {justify-content: center;}\n#pt-cv-view-sxzwetvo .pt-cv-meta-fields {  }#pt-cv-view-sxzwetvo .pt-cv-meta-fields * { font-size: 13px; }#pt-cv-view-sxzwetvo .pt-cv-title a { display: block; }#pt-cv-view-sxzwetvo .pt-cv-title:not(.pt-cv-titlesm) a { font-weight: 600;text-decoration: none;font-size: 20px; }#pt-cv-view-sxzwetvo .pt-cv-titlesm a { font-weight: 600;font-size: 18px; }#pt-cv-view-sxzwetvo .pt-cv-content { font-size: 15px; }#pt-cv-view-sxzwetvo .pt-cv-rmwrap {  }#pt-cv-view-sxzwetvo .pt-cv-readmore { color: #fff;background-color: #0075ff;font-size: 14px; }#pt-cv-view-sxzwetvo .pt-cv-taxoterm { margin: 0px 0px 20px 0px; }#pt-cv-view-sxzwetvo .pt-cv-taxoterm * { color: #222;background-color: #fff6f6;font-size: 14px; }#pt-cv-view-sxzwetvo + .pt-cv-pagination-wrapper {  }#pt-cv-view-sxzwetvo + .pt-cv-pagination-wrapper a { font-size: 14px; }#pt-cv-view-sxzwetvo > .pt-cv-page {grid-template-columns: repeat(2, 1fr);grid-auto-rows: 250px;grid-gap: 10px;}\n@media all and (max-width: 1024px) { \n#pt-cv-view-sxzwetvo > .pt-cv-page {}\n} \n@media all and (max-width: 767px) { \n#pt-cv-view-sxzwetvo > .pt-cv-page {grid-template-columns: repeat(1, 1fr);}\n} <\/style>\n\n\n<h2 class=\"wp-block-heading\">Ubicaci\u00f3n y direcci\u00f3n del aeropuerto de Alicante<\/h2>\n\n\n\n<p>Ubicaci\u00f3n del aeropuerto de Alicante: <a href=\"https:\/\/maps.app.goo.gl\/BBzofzweT3BQfm7NA\" target=\"_blank\" rel=\"noreferrer noopener\">Avenida del l'Altet, 03195 Elx, Alicante<\/a><\/p>\n\n\n\n<iframe src=\"https:\/\/www.google.com\/maps\/embed?pb=!1m18!1m12!1m3!1d3131.765692421587!2d-0.5647881233514077!3d38.28492397186121!2m3!1f0!2f0!3f0!3m2!1i1024!2i768!4f13.1!3m3!1m2!1s0xd624ac64d10da33%3A0xdcb245de25b9bef1!2sAeropuerto%20de%20Alicante-Elche%20Miguel%20Hern%C3%A1ndez%20(ALC)!5e0!3m2!1ses!2ses!4v1692949763084!5m2!1ses!2ses\" width=\"400\" height=\"300\" style=\"border:0;\" allowfullscreen=\"\" loading=\"lazy\" referrerpolicy=\"no-referrer-when-downgrade\"><\/iframe>\n\n\n\n<figure class=\"wp-block-image size-large\"><img loading=\"lazy\" decoding=\"async\" width=\"1365\" height=\"1024\" src=\"https:\/\/alicanteabout.com\/wp-content\/uploads\/2023\/08\/wp-1691874333297.png\" alt=\"Entrada al aeropuerto de Alicante desde el aparcamiento\" class=\"wp-image-5694\" srcset=\"https:\/\/alicanteabout.com\/wp-content\/uploads\/2023\/08\/wp-1691874333297.png 1365w, https:\/\/alicanteabout.com\/wp-content\/uploads\/2023\/08\/wp-1691874333297-300x225.png 300w, https:\/\/alicanteabout.com\/wp-content\/uploads\/2023\/08\/wp-1691874333297-1024x768.png 1024w, https:\/\/alicanteabout.com\/wp-content\/uploads\/2023\/08\/wp-1691874333297-768x576.png 768w, https:\/\/alicanteabout.com\/wp-content\/uploads\/2023\/08\/wp-1691874333297-16x12.png 16w\" sizes=\"auto, (max-width: 1365px) 100vw, 1365px\" \/><figcaption class=\"wp-element-caption\">Entrada a las terminales desde el aparcamiento <\/figcaption><\/figure>\n\n\n\n<h2 class=\"wp-block-heading\">Comprar Vuelos Alicante<\/h2>\n\n\n\n<p>M\u00e1s de 30 compa\u00f1\u00edas a\u00e9reas vuelan al aeropuerto de Alicante. Algunos ejemplos son Ryanair, Vueling, Norwegian, easyJet, Jet2, SAS, Eurowings, TUI Fly y Volotea.<\/p>\n\n\n\n<p>La forma m\u00e1s sencilla de comparar precios entre todas las compa\u00f1\u00edas a\u00e9reas que operan en el Aeropuerto de Alicante es utilizando un <a href=\"http:\/\/skyscanner.pxf.io\/anDJjo\" target=\"_blank\" rel=\"noreferrer noopener\">herramienta de comparaci\u00f3n de vuelos como Skyscanner<\/a>.<\/p>\n\n\n\n\n\n\n\n\n\n\n\n\n<h2 class=\"wp-block-heading\">Aeropuerto de Alicante: Puerta de entrada a la Costa Blanca<\/h2>\n\n\n\n<p>El Aeropuerto de Alicante, tambi\u00e9n conocido como Aeropuerto de Alicante-Elche, es un importante centro de transporte para los viajeros que exploran la regi\u00f3n. <a href=\"https:\/\/alicanteabout.com\/es\/lugares\/donde-esta-alicante-espana\/\">Alicante Ciudad<\/a> y la impresionante regi\u00f3n de la Costa Blanca en Espa\u00f1a. Situado en la provincia de Alicante, este moderno aeropuerto ofrece una perfecta conectividad con diversos destinos internacionales como <a href=\"https:\/\/alicanteabout.com\/es\/alicante\/\">Alicante<\/a>, Benidorm, Torrevieja, Calpe o Altea, por lo que es una opci\u00f3n popular tanto para viajeros de ocio como de negocios.<\/p>\n\n\n\n<h3 class=\"wp-block-heading\">Ubicaci\u00f3n y accesibilidad<\/h3>\n\n\n\n<p>Estrat\u00e9gicamente situada a s\u00f3lo 9 km al suroeste de <a href=\"https:\/\/alicanteabout.com\/es\/transporte\/del-aeropuerto-de-alicante-al-centro-de-alicante-en-autobus\/\">Centro de Alicante<\/a>, El aeropuerto goza de una ubicaci\u00f3n envidiable, que facilita el acceso a las atracciones costeras y a los vibrantes centros urbanos de la regi\u00f3n. Los viajeros pueden llegar c\u00f3modamente a sus destinos mediante redes de carreteras bien conectadas y eficaces opciones de transporte p\u00fablico.<\/p>\n\n\n\n<h3 class=\"wp-block-heading\">Instalaciones y servicios<\/h3>\n\n\n\n<p>El Aeropuerto de Alicante se enorgullece de ofrecer una amplia gama de instalaciones y servicios para garantizar una experiencia de viaje c\u00f3moda y sin complicaciones. Los pasajeros pueden disfrutar de tiendas libres de impuestos, diversas opciones gastron\u00f3micas y c\u00f3modos salones mientras esperan sus vuelos. El compromiso del aeropuerto con la comodidad se ve reforzado por sus amplias instalaciones de aparcamiento y su excelente conectividad con los principales puntos tur\u00edsticos.<\/p>\n\n\n\n<h3 class=\"wp-block-heading\">Vuelos y destinos<\/h3>\n\n\n\n<p>Como destacada puerta de entrada internacional, el aeropuerto de Alicante cuenta con una amplia red de vuelos que conectan a los viajeros con diversos destinos de Europa y m\u00e1s all\u00e1. Las principales compa\u00f1\u00edas a\u00e9reas ofrecen vuelos regulares a ciudades clave, lo que lo convierte en el punto de entrada preferido para turistas y viajeros que desean explorar la regi\u00f3n de la Costa Blanca. La creciente oferta de rutas del aeropuerto pone de relieve su importancia como centro mundial de viajes.<\/p>\n\n\n\n\n\n\n\n\n\n\n\n\n<h3 class=\"wp-block-heading\">Eficacia y modernidad<\/h3>\n\n\n\n<p>El aeropuerto de Alicante destaca por sus modernas infraestructuras y su eficacia operativa. Con sus m\u00faltiples pistas y terminales de \u00faltima generaci\u00f3n, el aeropuerto puede acoger c\u00f3modamente un gran volumen de viajeros, garantizando procedimientos de facturaci\u00f3n fluidos y salidas puntuales. Su compromiso con la satisfacci\u00f3n y la seguridad de los pasajeros sigue siendo primordial, lo que consolida su reputaci\u00f3n como centro de viajes fiable y digno de confianza.<\/p>\n\n\n\n<h3 class=\"wp-block-heading\">Proximidad a las atracciones de la Costa Blanca<\/h3>\n\n\n\n<p>M\u00e1s all\u00e1 de sus atributos funcionales, la proximidad del aeropuerto de Alicante a las atracciones de renombre de la Costa Blanca es un atractivo importante. Los viajeros que desembarcan en el aeropuerto est\u00e1n a tiro de piedra de las playas v\u00edrgenes, las encantadoras ciudades costeras y los lugares de inter\u00e9s cultural que hacen de la regi\u00f3n un destino codiciado. Ya se trate de la bulliciosa energ\u00eda de Benidorm, el encanto hist\u00f3rico de Altea o la tranquila belleza de Denia, todos son f\u00e1cilmente accesibles desde este c\u00e9ntrico aeropuerto.<\/p>\n\n\n\n<h3 class=\"wp-block-heading\">Iniciativas de sostenibilidad<\/h3>\n\n\n\n<p>El Aeropuerto de Alicante tambi\u00e9n se dedica a la responsabilidad medioambiental, incorporando pr\u00e1cticas sostenibles para minimizar su huella de carbono. El compromiso del aeropuerto con las operaciones ecol\u00f3gicas se alinea perfectamente con la belleza natural de la regi\u00f3n y pone de relieve su dedicaci\u00f3n a preservar el medio ambiente para las generaciones futuras.<\/p>\n\n\n\n<p>El Aeropuerto de Alicante, un moderno y eficiente centro de viajes, desempe\u00f1a un papel fundamental a la hora de facilitar el acceso a la cautivadora regi\u00f3n de la Costa Blanca. Gracias a su ubicaci\u00f3n estrat\u00e9gica, sus completas instalaciones, su amplia red de vuelos y su dedicaci\u00f3n a la satisfacci\u00f3n de los pasajeros, el aeropuerto es una puerta de entrada indispensable para los viajeros que desean embarcarse en viajes memorables a uno de los destinos m\u00e1s atractivos de Espa\u00f1a. Tanto si llega por ocio como por negocios, todos los viajeros pueden confiar en los servicios sin fisuras y la c\u00f3moda conectividad del Aeropuerto de Alicante, que lo convierten en un actor vital y vibrante en el mundo de los viajes internacionales.<\/p>","protected":false},"excerpt":{"rendered":"<p>To\/From Alicante Airport Alicante Airport Location and Address Alicante Airport Location: Avenida del l&#8217;Altet, 03195 Elx, Alicante Buy Alicante Flights More than 30 airline flights to Alicante Airport. Some examples are Ryanair, Vueling, Norwegian, easyJet, Jet2, SAS, Eurowings, TUI Fly and Volotea. The easiest way to compare prices among all the airlines operating at Alicante&#8217;s [&hellip;]<\/p>\n","protected":false},"author":1,"featured_media":0,"parent":0,"menu_order":0,"comment_status":"closed","ping_status":"closed","template":"","meta":{"footnotes":""},"class_list":["post-5669","page","type-page","status-publish","hentry"],"yoast_head":"<!-- This site is optimized with the Yoast SEO plugin v27.1.1 - https:\/\/yoast.com\/product\/yoast-seo-wordpress\/ -->\n<title>Alicante Airport: Travel Hub - AlicanteAbout.com<\/title>\n<meta name=\"description\" content=\"Guide to Alicante Airport. Information on departures, arrivals and general advice for a seamless flight from\/to Alicante Costa Blanca.\" \/>\n<meta name=\"robots\" content=\"index, follow, max-snippet:-1, max-image-preview:large, max-video-preview:-1\" \/>\n<link rel=\"canonical\" href=\"https:\/\/alicanteabout.com\/es\/aeropuerto-de-alicante-centro-de-viajes\/\" \/>\n<meta property=\"og:locale\" content=\"es_ES\" \/>\n<meta property=\"og:type\" content=\"article\" \/>\n<meta property=\"og:title\" content=\"Alicante Airport: Travel Hub - AlicanteAbout.com\" \/>\n<meta property=\"og:description\" content=\"Guide to Alicante Airport. Information on departures, arrivals and general advice for a seamless flight from\/to Alicante Costa Blanca.\" \/>\n<meta property=\"og:url\" content=\"https:\/\/alicanteabout.com\/es\/aeropuerto-de-alicante-centro-de-viajes\/\" \/>\n<meta property=\"og:site_name\" content=\"AlicanteAbout.com\" \/>\n<meta property=\"article:publisher\" content=\"https:\/\/www.facebook.com\/AlicanteAbout\" \/>\n<meta property=\"article:modified_time\" content=\"2026-02-02T21:05:06+00:00\" \/>\n<meta property=\"og:image\" content=\"https:\/\/alicanteabout.com\/wp-content\/uploads\/2023\/08\/wp-1691874333297.png\" \/>\n\t<meta property=\"og:image:width\" content=\"1365\" \/>\n\t<meta property=\"og:image:height\" content=\"1024\" \/>\n\t<meta property=\"og:image:type\" content=\"image\/png\" \/>\n<meta name=\"twitter:card\" content=\"summary_large_image\" \/>\n<meta name=\"twitter:site\" content=\"@AlicanteAbout\" \/>\n<meta name=\"twitter:label1\" content=\"Tiempo de lectura\" \/>\n\t<meta name=\"twitter:data1\" content=\"3 minutos\" \/>\n<script type=\"application\/ld+json\" class=\"yoast-schema-graph\">{\"@context\":\"https:\/\/schema.org\",\"@graph\":[{\"@type\":\"WebPage\",\"@id\":\"https:\/\/alicanteabout.com\/alicante-airport-travel-hub\/\",\"url\":\"https:\/\/alicanteabout.com\/alicante-airport-travel-hub\/\",\"name\":\"Alicante Airport: Travel Hub - AlicanteAbout.com\",\"isPartOf\":{\"@id\":\"https:\/\/alicanteabout.com\/#website\"},\"primaryImageOfPage\":{\"@id\":\"https:\/\/alicanteabout.com\/alicante-airport-travel-hub\/#primaryimage\"},\"image\":{\"@id\":\"https:\/\/alicanteabout.com\/alicante-airport-travel-hub\/#primaryimage\"},\"thumbnailUrl\":\"https:\/\/alicanteabout.com\/wp-content\/uploads\/2023\/08\/wp-1691874333297.png\",\"datePublished\":\"2023-08-09T09:26:32+00:00\",\"dateModified\":\"2026-02-02T21:05:06+00:00\",\"description\":\"Guide to Alicante Airport. Information on departures, arrivals and general advice for a seamless flight from\/to Alicante Costa Blanca.\",\"breadcrumb\":{\"@id\":\"https:\/\/alicanteabout.com\/alicante-airport-travel-hub\/#breadcrumb\"},\"inLanguage\":\"es\",\"potentialAction\":[{\"@type\":\"ReadAction\",\"target\":[\"https:\/\/alicanteabout.com\/alicante-airport-travel-hub\/\"]}]},{\"@type\":\"ImageObject\",\"inLanguage\":\"es\",\"@id\":\"https:\/\/alicanteabout.com\/alicante-airport-travel-hub\/#primaryimage\",\"url\":\"https:\/\/alicanteabout.com\/wp-content\/uploads\/2023\/08\/wp-1691874333297.png\",\"contentUrl\":\"https:\/\/alicanteabout.com\/wp-content\/uploads\/2023\/08\/wp-1691874333297.png\"},{\"@type\":\"BreadcrumbList\",\"@id\":\"https:\/\/alicanteabout.com\/alicante-airport-travel-hub\/#breadcrumb\",\"itemListElement\":[{\"@type\":\"ListItem\",\"position\":1,\"name\":\"Home\",\"item\":\"https:\/\/alicanteabout.com\/\"},{\"@type\":\"ListItem\",\"position\":2,\"name\":\"Alicante Airport: Travel Hub\"}]},{\"@type\":\"WebSite\",\"@id\":\"https:\/\/alicanteabout.com\/#website\",\"url\":\"https:\/\/alicanteabout.com\/\",\"name\":\"AlicanteAbout.com\",\"description\":\"Your Guide to Alicante [By an Alicantinian]\",\"potentialAction\":[{\"@type\":\"SearchAction\",\"target\":{\"@type\":\"EntryPoint\",\"urlTemplate\":\"https:\/\/alicanteabout.com\/?s={search_term_string}\"},\"query-input\":{\"@type\":\"PropertyValueSpecification\",\"valueRequired\":true,\"valueName\":\"search_term_string\"}}],\"inLanguage\":\"es\"}]}<\/script>\n<!-- \/ Yoast SEO plugin. -->","yoast_head_json":{"title":"Alicante Airport: Travel Hub - AlicanteAbout.com","description":"Gu\u00eda del Aeropuerto de Alicante. Informaci\u00f3n sobre salidas, llegadas y consejos generales para volar sin problemas desde\/hacia Alicante Costa Blanca.","robots":{"index":"index","follow":"follow","max-snippet":"max-snippet:-1","max-image-preview":"max-image-preview:large","max-video-preview":"max-video-preview:-1"},"canonical":"https:\/\/alicanteabout.com\/es\/aeropuerto-de-alicante-centro-de-viajes\/","og_locale":"es_ES","og_type":"article","og_title":"Alicante Airport: Travel Hub - AlicanteAbout.com","og_description":"Guide to Alicante Airport. Information on departures, arrivals and general advice for a seamless flight from\/to Alicante Costa Blanca.","og_url":"https:\/\/alicanteabout.com\/es\/aeropuerto-de-alicante-centro-de-viajes\/","og_site_name":"AlicanteAbout.com","article_publisher":"https:\/\/www.facebook.com\/AlicanteAbout","article_modified_time":"2026-02-02T21:05:06+00:00","og_image":[{"width":1365,"height":1024,"url":"https:\/\/alicanteabout.com\/wp-content\/uploads\/2023\/08\/wp-1691874333297.png","type":"image\/png"}],"twitter_card":"summary_large_image","twitter_site":"@AlicanteAbout","twitter_misc":{"Tiempo de lectura":"3 minutos"},"schema":{"@context":"https:\/\/schema.org","@graph":[{"@type":"WebPage","@id":"https:\/\/alicanteabout.com\/alicante-airport-travel-hub\/","url":"https:\/\/alicanteabout.com\/alicante-airport-travel-hub\/","name":"Alicante Airport: Travel Hub - AlicanteAbout.com","isPartOf":{"@id":"https:\/\/alicanteabout.com\/#website"},"primaryImageOfPage":{"@id":"https:\/\/alicanteabout.com\/alicante-airport-travel-hub\/#primaryimage"},"image":{"@id":"https:\/\/alicanteabout.com\/alicante-airport-travel-hub\/#primaryimage"},"thumbnailUrl":"https:\/\/alicanteabout.com\/wp-content\/uploads\/2023\/08\/wp-1691874333297.png","datePublished":"2023-08-09T09:26:32+00:00","dateModified":"2026-02-02T21:05:06+00:00","description":"Gu\u00eda del Aeropuerto de Alicante. Informaci\u00f3n sobre salidas, llegadas y consejos generales para volar sin problemas desde\/hacia Alicante Costa Blanca.","breadcrumb":{"@id":"https:\/\/alicanteabout.com\/alicante-airport-travel-hub\/#breadcrumb"},"inLanguage":"es","potentialAction":[{"@type":"ReadAction","target":["https:\/\/alicanteabout.com\/alicante-airport-travel-hub\/"]}]},{"@type":"ImageObject","inLanguage":"es","@id":"https:\/\/alicanteabout.com\/alicante-airport-travel-hub\/#primaryimage","url":"https:\/\/alicanteabout.com\/wp-content\/uploads\/2023\/08\/wp-1691874333297.png","contentUrl":"https:\/\/alicanteabout.com\/wp-content\/uploads\/2023\/08\/wp-1691874333297.png"},{"@type":"BreadcrumbList","@id":"https:\/\/alicanteabout.com\/alicante-airport-travel-hub\/#breadcrumb","itemListElement":[{"@type":"ListItem","position":1,"name":"Home","item":"https:\/\/alicanteabout.com\/"},{"@type":"ListItem","position":2,"name":"Alicante Airport: Travel Hub"}]},{"@type":"WebSite","@id":"https:\/\/alicanteabout.com\/#website","url":"https:\/\/alicanteabout.com\/","name":"AlicanteAbout.com","description":"Your Guide to Alicante [By an Alicantinian]","potentialAction":[{"@type":"SearchAction","target":{"@type":"EntryPoint","urlTemplate":"https:\/\/alicanteabout.com\/?s={search_term_string}"},"query-input":{"@type":"PropertyValueSpecification","valueRequired":true,"valueName":"search_term_string"}}],"inLanguage":"es"}]}},"_links":{"self":[{"href":"https:\/\/alicanteabout.com\/es\/wp-json\/wp\/v2\/pages\/5669","targetHints":{"allow":["GET"]}}],"collection":[{"href":"https:\/\/alicanteabout.com\/es\/wp-json\/wp\/v2\/pages"}],"about":[{"href":"https:\/\/alicanteabout.com\/es\/wp-json\/wp\/v2\/types\/page"}],"author":[{"embeddable":true,"href":"https:\/\/alicanteabout.com\/es\/wp-json\/wp\/v2\/users\/1"}],"replies":[{"embeddable":true,"href":"https:\/\/alicanteabout.com\/es\/wp-json\/wp\/v2\/comments?post=5669"}],"version-history":[{"count":29,"href":"https:\/\/alicanteabout.com\/es\/wp-json\/wp\/v2\/pages\/5669\/revisions"}],"predecessor-version":[{"id":6633,"href":"https:\/\/alicanteabout.com\/es\/wp-json\/wp\/v2\/pages\/5669\/revisions\/6633"}],"wp:attachment":[{"href":"https:\/\/alicanteabout.com\/es\/wp-json\/wp\/v2\/media?parent=5669"}],"curies":[{"name":"wp","href":"https:\/\/api.w.org\/{rel}","templated":true}]}}