{"id":5671,"date":"2023-08-09T10:28:18","date_gmt":"2023-08-09T09:28:18","guid":{"rendered":"https:\/\/alicanteabout.com\/?page_id=5671"},"modified":"2023-11-24T00:40:58","modified_gmt":"2023-11-24T00:40:58","slug":"llegadas-al-aeropuerto-de-alicante-alc-leal","status":"publish","type":"page","link":"https:\/\/alicanteabout.com\/es\/alicante-airport-travel-hub\/arrivals-to-alicante-airport-alc-leal\/","title":{"rendered":"Llegadas al aeropuerto de Alicante (ALC\/LEAL) hoy"},"content":{"rendered":"<p>Recuerde comprobar siempre el estado del vuelo con su compa\u00f1\u00eda a\u00e9rea.<\/p>\n\n\n<div class='pt-cv-wrapper'> <div class=\"pt-cv-view pt-cv-overlaygrid iscvblock iscvreal overlay1 layout1\" id=\"pt-cv-view-3t1mt1h8\"><div data-id=\"pt-cv-page-1\" class=\"pt-cv-page\" data-cvc=\"1\"><div class=\"pt-cv-content-item pt-cv-1-col\" ><div class=\"pt-cv-thumb-wrapper\"><a href=\"https:\/\/alicanteabout.com\/es\/alicante-airport-travel-hub\/departures-from-alicante-airport-alc-leal\/\" class=\"_self pt-cv-href-thumbnail pt-cv-thumb-default\" target=\"_self\" ><img loading=\"lazy\" decoding=\"async\" width=\"768\" height=\"768\" src=\"https:\/\/alicanteabout.com\/wp-content\/uploads\/2023\/11\/plane-departing-airport-artwork-768x768.jpg\" class=\"pt-cv-thumbnail\" alt=\"Avi\u00f3n saliendo del aeropuerto Obra de arte de DALL-E\" \/><\/a><\/div>\n<div class=\"pt-cv-overlay-wrapper\"><h4 class=\"pt-cv-title\"><a href=\"https:\/\/alicanteabout.com\/es\/alicante-airport-travel-hub\/departures-from-alicante-airport-alc-leal\/\" class=\"_self\" target=\"_self\" >Salidas desde el Aeropuerto de Alicante (ALC\/LEAL) hoy<\/a><\/h4><\/div><\/div><\/div><\/div> <\/div> <style>\n#pt-cv-view-3t1mt1h8 .pt-cv-thumb-wrapper::before {background: rgba(0,0,0,.4); opacity: 0.8;}#pt-cv-view-3t1mt1h8 .pt-cv-overlay-wrapper {justify-content: center;}\n#pt-cv-view-3t1mt1h8 .pt-cv-meta-fields {  }#pt-cv-view-3t1mt1h8 .pt-cv-meta-fields * { font-size: 13px; }#pt-cv-view-3t1mt1h8 .pt-cv-title a { text-align: center;display: block;background-color: #787878; }#pt-cv-view-3t1mt1h8 .pt-cv-title:not(.pt-cv-titlesm) a { font-weight: 600;text-decoration: none;font-size: 20px; }#pt-cv-view-3t1mt1h8 .pt-cv-titlesm a { font-weight: 600;font-size: 18px; }#pt-cv-view-3t1mt1h8 .pt-cv-content { font-size: 15px; }#pt-cv-view-3t1mt1h8 .pt-cv-rmwrap {  }#pt-cv-view-3t1mt1h8 .pt-cv-readmore { color: #fff;background-color: #0075ff;font-size: 14px; }#pt-cv-view-3t1mt1h8 .pt-cv-taxoterm { margin: 0px 0px 20px 0px; }#pt-cv-view-3t1mt1h8 .pt-cv-taxoterm * { color: #222;background-color: #fff6f6;font-size: 14px; }#pt-cv-view-3t1mt1h8 + .pt-cv-pagination-wrapper {  }#pt-cv-view-3t1mt1h8 + .pt-cv-pagination-wrapper a { font-size: 14px; }#pt-cv-view-3t1mt1h8 > .pt-cv-page {grid-template-columns: repeat(1, 1fr);grid-auto-rows: 250px;grid-gap: 10px;}\n@media all and (max-width: 1024px) { \n#pt-cv-view-3t1mt1h8 > .pt-cv-page {}\n} \n@media all and (max-width: 767px) { \n#pt-cv-view-3t1mt1h8 > .pt-cv-page {grid-template-columns: repeat(1, 1fr);}\n} <\/style>\n\n\n\n\n\n\n\n\n\n\n<div class='pt-cv-wrapper'> <div class=\"pt-cv-view pt-cv-overlaygrid iscvblock iscvreal overlay1 layout1\" id=\"pt-cv-view-j92bqlpe\"><div data-id=\"pt-cv-page-1\" class=\"pt-cv-page\" data-cvc=\"3\"><div class=\"pt-cv-content-item pt-cv-1-col\" ><div class=\"pt-cv-thumb-wrapper\"><a href=\"https:\/\/alicanteabout.com\/es\/transport\/alicante-to-benidorm-city-and-airport-transfers-bus-tram-taxi-and-prices\/\" class=\"_self pt-cv-href-thumbnail pt-cv-thumb-default\" target=\"_self\" ><img loading=\"lazy\" decoding=\"async\" width=\"575\" height=\"523\" src=\"https:\/\/alicanteabout.com\/wp-content\/uploads\/2023\/02\/alicante-and-benidorm.jpg\" class=\"pt-cv-thumbnail\" alt=\"Alicante y Benidorm en el mapa\" \/><\/a><\/div>\n<div class=\"pt-cv-overlay-wrapper\"><div class=\"pt-cv-taxoterm above_title\"><a href='https:\/\/alicanteabout.com\/es\/category\/transport\/' title='Transporte' class='pt-cv-tax-transport'>Transporte<\/a><\/div><h4 class=\"pt-cv-title\"><a href=\"https:\/\/alicanteabout.com\/es\/transport\/alicante-to-benidorm-city-and-airport-transfers-bus-tram-taxi-and-prices\/\" class=\"_self\" target=\"_self\" >Alicante a Benidorm - Traslados baratos a caros<\/a><\/h4><\/div><\/div>\n<div class=\"pt-cv-content-item pt-cv-1-col\" ><div class=\"pt-cv-thumb-wrapper\"><a href=\"https:\/\/alicanteabout.com\/es\/airport\/alicante-airport-bus\/\" class=\"_self pt-cv-href-thumbnail pt-cv-thumb-default\" target=\"_self\" ><img loading=\"lazy\" decoding=\"async\" width=\"768\" height=\"576\" src=\"https:\/\/alicanteabout.com\/wp-content\/uploads\/2021\/08\/alicante-airport-bus-station-768x576.jpg\" class=\"pt-cv-thumbnail\" alt=\"Estaci\u00f3n de Autobuses del Aeropuerto de Alicante\" \/><\/a><\/div>\n<div class=\"pt-cv-overlay-wrapper\"><div class=\"pt-cv-taxoterm above_title\"><a href='https:\/\/alicanteabout.com\/es\/category\/airport\/' title='Aeropuerto' class='pt-cv-tax-airport'>Aeropuerto<\/a><\/div><h4 class=\"pt-cv-title\"><a href=\"https:\/\/alicanteabout.com\/es\/airport\/alicante-airport-bus\/\" class=\"_self\" target=\"_self\" >Estaci\u00f3n de Autobuses del Aeropuerto de Alicante - Rutas y Enlaces a los Billetes<\/a><\/h4><\/div><\/div>\n<div class=\"pt-cv-content-item pt-cv-1-col\" ><div class=\"pt-cv-thumb-wrapper\"><a href=\"https:\/\/alicanteabout.com\/es\/transport\/from-alicante-airport-to-alicante-city-centre-by-bus\/\" class=\"_self pt-cv-href-thumbnail pt-cv-thumb-default\" target=\"_self\" ><img loading=\"lazy\" decoding=\"async\" width=\"768\" height=\"576\" src=\"https:\/\/alicanteabout.com\/wp-content\/uploads\/2022\/09\/c6-bus-aiport-alicante-768x576.jpg\" class=\"pt-cv-thumbnail\" alt=\"Aeropuerto de Alicante Autob\u00fas C6\" \/><\/a><\/div>\n<div class=\"pt-cv-overlay-wrapper\"><div class=\"pt-cv-taxoterm above_title\"><a href='https:\/\/alicanteabout.com\/es\/category\/transport\/' title='Transporte' class='pt-cv-tax-transport'>Transporte<\/a><\/div><h4 class=\"pt-cv-title\"><a href=\"https:\/\/alicanteabout.com\/es\/transport\/from-alicante-airport-to-alicante-city-centre-by-bus\/\" class=\"_self\" target=\"_self\" >Aeropuerto de Alicante a Alicante - Gu\u00eda r\u00e1pida del autob\u00fas C6<\/a><\/h4><\/div><\/div><\/div><\/div> <\/div> <style>\n#pt-cv-view-j92bqlpe .pt-cv-thumb-wrapper::before {background: rgba(0,0,0,.4); opacity: 0.8;}#pt-cv-view-j92bqlpe .pt-cv-overlay-wrapper {justify-content: center;}\n#pt-cv-view-j92bqlpe .pt-cv-meta-fields {  }#pt-cv-view-j92bqlpe .pt-cv-meta-fields * { font-size: 13px; }#pt-cv-view-j92bqlpe .pt-cv-title a { display: block; }#pt-cv-view-j92bqlpe .pt-cv-title:not(.pt-cv-titlesm) a { font-weight: 600;text-decoration: none;font-size: 20px; }#pt-cv-view-j92bqlpe .pt-cv-titlesm a { font-weight: 600;font-size: 18px; }#pt-cv-view-j92bqlpe .pt-cv-content { font-size: 15px; }#pt-cv-view-j92bqlpe .pt-cv-rmwrap {  }#pt-cv-view-j92bqlpe .pt-cv-readmore { color: #fff;background-color: #0075ff;font-size: 14px; }#pt-cv-view-j92bqlpe .pt-cv-taxoterm { margin: 0px 0px 20px 0px; }#pt-cv-view-j92bqlpe .pt-cv-taxoterm * { color: #222;background-color: #fff6f6;font-size: 14px; }#pt-cv-view-j92bqlpe + .pt-cv-pagination-wrapper {  }#pt-cv-view-j92bqlpe + .pt-cv-pagination-wrapper a { font-size: 14px; }#pt-cv-view-j92bqlpe > .pt-cv-page {grid-template-columns: repeat(3, 1fr);grid-auto-rows: 250px;grid-gap: 10px;}\n@media all and (max-width: 1024px) { \n#pt-cv-view-j92bqlpe > .pt-cv-page {}\n} \n@media all and (max-width: 767px) { \n#pt-cv-view-j92bqlpe > .pt-cv-page {grid-template-columns: repeat(1, 1fr);}\n} <\/style>","protected":false},"excerpt":{"rendered":"<p>Recuerde comprobar siempre el estado del vuelo con su compa\u00f1\u00eda a\u00e9rea.<\/p>","protected":false},"author":1,"featured_media":6183,"parent":5669,"menu_order":0,"comment_status":"closed","ping_status":"closed","template":"","meta":{"footnotes":""},"class_list":["post-5671","page","type-page","status-publish","has-post-thumbnail","hentry"],"yoast_head":"<!-- This site is optimized with the Yoast SEO plugin v27.1.1 - https:\/\/yoast.com\/product\/yoast-seo-wordpress\/ -->\n<title>Arrivals To Alicante Airport (ALC\/LEAL) Today - AlicanteAbout.com<\/title>\n<meta name=\"description\" content=\"Live flight arrivals to Alicante Airport (ALC\/LEAL) Today. Status for arriving to Alicante including flight delays and cancellations\" \/>\n<meta name=\"robots\" content=\"index, follow, max-snippet:-1, max-image-preview:large, max-video-preview:-1\" \/>\n<link rel=\"canonical\" href=\"https:\/\/alicanteabout.com\/es\/aeropuerto-de-alicante-centro-de-viajes\/llegadas-al-aeropuerto-de-alicante-alc-leal\/\" \/>\n<meta property=\"og:locale\" content=\"es_ES\" \/>\n<meta property=\"og:type\" content=\"article\" \/>\n<meta property=\"og:title\" content=\"Arrivals To Alicante Airport (ALC\/LEAL) Today - AlicanteAbout.com\" \/>\n<meta property=\"og:description\" content=\"Live flight arrivals to Alicante Airport (ALC\/LEAL) Today. Status for arriving to Alicante including flight delays and cancellations\" \/>\n<meta property=\"og:url\" content=\"https:\/\/alicanteabout.com\/es\/aeropuerto-de-alicante-centro-de-viajes\/llegadas-al-aeropuerto-de-alicante-alc-leal\/\" \/>\n<meta property=\"og:site_name\" content=\"AlicanteAbout.com\" \/>\n<meta property=\"article:publisher\" content=\"https:\/\/www.facebook.com\/AlicanteAbout\" \/>\n<meta property=\"article:modified_time\" content=\"2023-11-24T00:40:58+00:00\" \/>\n<meta property=\"og:image\" content=\"https:\/\/alicanteabout.com\/wp-content\/uploads\/2023\/11\/plane-landing-airport-artwork.jpg\" \/>\n\t<meta property=\"og:image:width\" content=\"1020\" \/>\n\t<meta property=\"og:image:height\" content=\"1020\" \/>\n\t<meta property=\"og:image:type\" content=\"image\/jpeg\" \/>\n<meta name=\"twitter:card\" content=\"summary_large_image\" \/>\n<meta name=\"twitter:site\" content=\"@AlicanteAbout\" \/>\n<meta name=\"twitter:label1\" content=\"Tiempo de lectura\" \/>\n\t<meta name=\"twitter:data1\" content=\"1 minuto\" \/>\n<script type=\"application\/ld+json\" class=\"yoast-schema-graph\">{\"@context\":\"https:\/\/schema.org\",\"@graph\":[{\"@type\":\"WebPage\",\"@id\":\"https:\/\/alicanteabout.com\/alicante-airport-travel-hub\/arrivals-to-alicante-airport-alc-leal\/\",\"url\":\"https:\/\/alicanteabout.com\/alicante-airport-travel-hub\/arrivals-to-alicante-airport-alc-leal\/\",\"name\":\"Arrivals To Alicante Airport (ALC\/LEAL) Today - AlicanteAbout.com\",\"isPartOf\":{\"@id\":\"https:\/\/alicanteabout.com\/#website\"},\"primaryImageOfPage\":{\"@id\":\"https:\/\/alicanteabout.com\/alicante-airport-travel-hub\/arrivals-to-alicante-airport-alc-leal\/#primaryimage\"},\"image\":{\"@id\":\"https:\/\/alicanteabout.com\/alicante-airport-travel-hub\/arrivals-to-alicante-airport-alc-leal\/#primaryimage\"},\"thumbnailUrl\":\"https:\/\/alicanteabout.com\/wp-content\/uploads\/2023\/11\/plane-landing-airport-artwork.jpg\",\"datePublished\":\"2023-08-09T09:28:18+00:00\",\"dateModified\":\"2023-11-24T00:40:58+00:00\",\"description\":\"Live flight arrivals to Alicante Airport (ALC\/LEAL) Today. Status for arriving to Alicante including flight delays and cancellations\",\"breadcrumb\":{\"@id\":\"https:\/\/alicanteabout.com\/alicante-airport-travel-hub\/arrivals-to-alicante-airport-alc-leal\/#breadcrumb\"},\"inLanguage\":\"es\",\"potentialAction\":[{\"@type\":\"ReadAction\",\"target\":[\"https:\/\/alicanteabout.com\/alicante-airport-travel-hub\/arrivals-to-alicante-airport-alc-leal\/\"]}]},{\"@type\":\"ImageObject\",\"inLanguage\":\"es\",\"@id\":\"https:\/\/alicanteabout.com\/alicante-airport-travel-hub\/arrivals-to-alicante-airport-alc-leal\/#primaryimage\",\"url\":\"https:\/\/alicanteabout.com\/wp-content\/uploads\/2023\/11\/plane-landing-airport-artwork.jpg\",\"contentUrl\":\"https:\/\/alicanteabout.com\/wp-content\/uploads\/2023\/11\/plane-landing-airport-artwork.jpg\",\"width\":1020,\"height\":1020,\"caption\":\"Plane landing to airport DALL-E artwork\"},{\"@type\":\"BreadcrumbList\",\"@id\":\"https:\/\/alicanteabout.com\/alicante-airport-travel-hub\/arrivals-to-alicante-airport-alc-leal\/#breadcrumb\",\"itemListElement\":[{\"@type\":\"ListItem\",\"position\":1,\"name\":\"Home\",\"item\":\"https:\/\/alicanteabout.com\/\"},{\"@type\":\"ListItem\",\"position\":2,\"name\":\"Alicante Airport: Travel Hub\",\"item\":\"https:\/\/alicanteabout.com\/alicante-airport-travel-hub\/\"},{\"@type\":\"ListItem\",\"position\":3,\"name\":\"Arrivals To Alicante Airport (ALC\/LEAL) Today\"}]},{\"@type\":\"WebSite\",\"@id\":\"https:\/\/alicanteabout.com\/#website\",\"url\":\"https:\/\/alicanteabout.com\/\",\"name\":\"AlicanteAbout.com\",\"description\":\"Your Guide to Alicante [By an Alicantinian]\",\"potentialAction\":[{\"@type\":\"SearchAction\",\"target\":{\"@type\":\"EntryPoint\",\"urlTemplate\":\"https:\/\/alicanteabout.com\/?s={search_term_string}\"},\"query-input\":{\"@type\":\"PropertyValueSpecification\",\"valueRequired\":true,\"valueName\":\"search_term_string\"}}],\"inLanguage\":\"es\"}]}<\/script>\n<!-- \/ Yoast SEO plugin. -->","yoast_head_json":{"title":"Llegadas al Aeropuerto de Alicante (ALC\/LEAL) hoy - AlicanteAbout.com","description":"Llegadas de vuelos en directo al Aeropuerto de Alicante (ALC\/LEAL) hoy. Estado para llegar a Alicante incluyendo retrasos y cancelaciones de vuelos.","robots":{"index":"index","follow":"follow","max-snippet":"max-snippet:-1","max-image-preview":"max-image-preview:large","max-video-preview":"max-video-preview:-1"},"canonical":"https:\/\/alicanteabout.com\/es\/aeropuerto-de-alicante-centro-de-viajes\/llegadas-al-aeropuerto-de-alicante-alc-leal\/","og_locale":"es_ES","og_type":"article","og_title":"Arrivals To Alicante Airport (ALC\/LEAL) Today - AlicanteAbout.com","og_description":"Live flight arrivals to Alicante Airport (ALC\/LEAL) Today. Status for arriving to Alicante including flight delays and cancellations","og_url":"https:\/\/alicanteabout.com\/es\/aeropuerto-de-alicante-centro-de-viajes\/llegadas-al-aeropuerto-de-alicante-alc-leal\/","og_site_name":"AlicanteAbout.com","article_publisher":"https:\/\/www.facebook.com\/AlicanteAbout","article_modified_time":"2023-11-24T00:40:58+00:00","og_image":[{"width":1020,"height":1020,"url":"https:\/\/alicanteabout.com\/wp-content\/uploads\/2023\/11\/plane-landing-airport-artwork.jpg","type":"image\/jpeg"}],"twitter_card":"summary_large_image","twitter_site":"@AlicanteAbout","twitter_misc":{"Tiempo de lectura":"1 minuto"},"schema":{"@context":"https:\/\/schema.org","@graph":[{"@type":"WebPage","@id":"https:\/\/alicanteabout.com\/alicante-airport-travel-hub\/arrivals-to-alicante-airport-alc-leal\/","url":"https:\/\/alicanteabout.com\/alicante-airport-travel-hub\/arrivals-to-alicante-airport-alc-leal\/","name":"Llegadas al Aeropuerto de Alicante (ALC\/LEAL) hoy - AlicanteAbout.com","isPartOf":{"@id":"https:\/\/alicanteabout.com\/#website"},"primaryImageOfPage":{"@id":"https:\/\/alicanteabout.com\/alicante-airport-travel-hub\/arrivals-to-alicante-airport-alc-leal\/#primaryimage"},"image":{"@id":"https:\/\/alicanteabout.com\/alicante-airport-travel-hub\/arrivals-to-alicante-airport-alc-leal\/#primaryimage"},"thumbnailUrl":"https:\/\/alicanteabout.com\/wp-content\/uploads\/2023\/11\/plane-landing-airport-artwork.jpg","datePublished":"2023-08-09T09:28:18+00:00","dateModified":"2023-11-24T00:40:58+00:00","description":"Llegadas de vuelos en directo al Aeropuerto de Alicante (ALC\/LEAL) hoy. Estado para llegar a Alicante incluyendo retrasos y cancelaciones de vuelos.","breadcrumb":{"@id":"https:\/\/alicanteabout.com\/alicante-airport-travel-hub\/arrivals-to-alicante-airport-alc-leal\/#breadcrumb"},"inLanguage":"es","potentialAction":[{"@type":"ReadAction","target":["https:\/\/alicanteabout.com\/alicante-airport-travel-hub\/arrivals-to-alicante-airport-alc-leal\/"]}]},{"@type":"ImageObject","inLanguage":"es","@id":"https:\/\/alicanteabout.com\/alicante-airport-travel-hub\/arrivals-to-alicante-airport-alc-leal\/#primaryimage","url":"https:\/\/alicanteabout.com\/wp-content\/uploads\/2023\/11\/plane-landing-airport-artwork.jpg","contentUrl":"https:\/\/alicanteabout.com\/wp-content\/uploads\/2023\/11\/plane-landing-airport-artwork.jpg","width":1020,"height":1020,"caption":"Plane landing to airport DALL-E artwork"},{"@type":"BreadcrumbList","@id":"https:\/\/alicanteabout.com\/alicante-airport-travel-hub\/arrivals-to-alicante-airport-alc-leal\/#breadcrumb","itemListElement":[{"@type":"ListItem","position":1,"name":"Home","item":"https:\/\/alicanteabout.com\/"},{"@type":"ListItem","position":2,"name":"Alicante Airport: Travel Hub","item":"https:\/\/alicanteabout.com\/alicante-airport-travel-hub\/"},{"@type":"ListItem","position":3,"name":"Arrivals To Alicante Airport (ALC\/LEAL) Today"}]},{"@type":"WebSite","@id":"https:\/\/alicanteabout.com\/#website","url":"https:\/\/alicanteabout.com\/","name":"AlicanteAbout.com","description":"Your Guide to Alicante [By an Alicantinian]","potentialAction":[{"@type":"SearchAction","target":{"@type":"EntryPoint","urlTemplate":"https:\/\/alicanteabout.com\/?s={search_term_string}"},"query-input":{"@type":"PropertyValueSpecification","valueRequired":true,"valueName":"search_term_string"}}],"inLanguage":"es"}]}},"_links":{"self":[{"href":"https:\/\/alicanteabout.com\/es\/wp-json\/wp\/v2\/pages\/5671","targetHints":{"allow":["GET"]}}],"collection":[{"href":"https:\/\/alicanteabout.com\/es\/wp-json\/wp\/v2\/pages"}],"about":[{"href":"https:\/\/alicanteabout.com\/es\/wp-json\/wp\/v2\/types\/page"}],"author":[{"embeddable":true,"href":"https:\/\/alicanteabout.com\/es\/wp-json\/wp\/v2\/users\/1"}],"replies":[{"embeddable":true,"href":"https:\/\/alicanteabout.com\/es\/wp-json\/wp\/v2\/comments?post=5671"}],"version-history":[{"count":15,"href":"https:\/\/alicanteabout.com\/es\/wp-json\/wp\/v2\/pages\/5671\/revisions"}],"predecessor-version":[{"id":6225,"href":"https:\/\/alicanteabout.com\/es\/wp-json\/wp\/v2\/pages\/5671\/revisions\/6225"}],"up":[{"embeddable":true,"href":"https:\/\/alicanteabout.com\/es\/wp-json\/wp\/v2\/pages\/5669"}],"wp:featuredmedia":[{"embeddable":true,"href":"https:\/\/alicanteabout.com\/es\/wp-json\/wp\/v2\/media\/6183"}],"wp:attachment":[{"href":"https:\/\/alicanteabout.com\/es\/wp-json\/wp\/v2\/media?parent=5671"}],"curies":[{"name":"wp","href":"https:\/\/api.w.org\/{rel}","templated":true}]}}