{"id":4662,"date":"2023-02-02T23:18:19","date_gmt":"2023-02-02T23:18:19","guid":{"rendered":"https:\/\/alicanteabout.com\/?page_id=4662"},"modified":"2023-11-24T00:57:06","modified_gmt":"2023-11-24T00:57:06","slug":"a-propos-de-lequipe","status":"publish","type":"page","link":"https:\/\/alicanteabout.com\/fr\/about-the-team\/","title":{"rendered":"\u00c0 propos de l'\u00e9quipe"},"content":{"rendered":"<p>AlicanteAbout.com est g\u00e9r\u00e9 par la soci\u00e9t\u00e9 CLUSTER SOLAR LTD.<\/p>\n\n\n\n<p>Nous sommes heureux de vous accueillir et esp\u00e9rons que ce site vous aidera \u00e0 naviguer dans Alicante et \u00e0 d\u00e9couvrir tout ce qu'elle a \u00e0 offrir.<\/p>\n\n\n\n<p>Chez CLUSTER SOLAR LTD, nous travaillons dur pour que vous receviez les informations les plus pr\u00e9cises et les plus r\u00e9centes sur les transports, les activit\u00e9s, les monuments et la vie \u00e0 Alicante.<\/p>\n\n\n\n<p>Ce projet est un site web en cours mais l'\u00e9quipe est petite, Victor Sesma y travaille actuellement \u00e0 temps partiel.<\/p>\n\n\n\n<p>Vous pouvez vous attendre \u00e0 des mises \u00e0 jour minimes mais constantes : parfois un nouveau contenu, parfois un lien vers le code du site pour le rendre plus rapide ou plus beau. Parfois, il s'agit d'une mise \u00e0 jour du contenu actuel, de sorte qu'il est toujours actualis\u00e9 et qu'il suit les changements en cours \u00e0 Alicante.<\/p>\n\n\n\n<p><a href=\"https:\/\/alicanteabout.com\/fr\/contact\/\">Pour contacter l'\u00e9quipe, consultez la page de contact.<\/a><\/p>\n\n\n\n<p><strong>J'esp\u00e8re que vous ferez un bon voyage \u00e0 Alicante.<\/strong><\/p>","protected":false},"excerpt":{"rendered":"<p>AlicanteAbout.com is managed by the company CLUSTER SOLAR LTD. We thrive on having you here and hope this website helps you navigate around Alicante and everything it has to offer. At CLUSTER SOLAR LTD we work hard so you receive the most accurate and updated information about transport, activities, monuments and life in Alicante. This [&hellip;]<\/p>\n","protected":false},"author":1,"featured_media":0,"parent":0,"menu_order":0,"comment_status":"closed","ping_status":"closed","template":"","meta":{"footnotes":""},"class_list":["post-4662","page","type-page","status-publish","hentry"],"yoast_head":"<!-- This site is optimized with the Yoast SEO plugin v27.1.1 - https:\/\/yoast.com\/product\/yoast-seo-wordpress\/ -->\n<title>About the Team - AlicanteAbout.com<\/title>\n<meta name=\"description\" content=\"Meet the team behind AlicanteAbout.com, dedicated to offering current, detailed insights about Alicante&#039;s transport and landmarks.\" \/>\n<meta name=\"robots\" content=\"index, follow, max-snippet:-1, max-image-preview:large, max-video-preview:-1\" \/>\n<link rel=\"canonical\" href=\"https:\/\/alicanteabout.com\/fr\/a-propos-de-lequipe\/\" \/>\n<meta property=\"og:locale\" content=\"fr_FR\" \/>\n<meta property=\"og:type\" content=\"article\" \/>\n<meta property=\"og:title\" content=\"About the Team - AlicanteAbout.com\" \/>\n<meta property=\"og:description\" content=\"Meet the team behind AlicanteAbout.com, dedicated to offering current, detailed insights about Alicante&#039;s transport and landmarks.\" \/>\n<meta property=\"og:url\" content=\"https:\/\/alicanteabout.com\/fr\/a-propos-de-lequipe\/\" \/>\n<meta property=\"og:site_name\" content=\"AlicanteAbout.com\" \/>\n<meta property=\"article:publisher\" content=\"https:\/\/www.facebook.com\/AlicanteAbout\" \/>\n<meta property=\"article:modified_time\" content=\"2023-11-24T00:57:06+00:00\" \/>\n<meta property=\"og:image\" content=\"https:\/\/alicanteabout.com\/wp-content\/uploads\/2023\/08\/cara-del-moro-from-postiguet-scaled.jpg\" \/>\n\t<meta property=\"og:image:width\" content=\"2560\" \/>\n\t<meta property=\"og:image:height\" content=\"1920\" \/>\n\t<meta property=\"og:image:type\" content=\"image\/jpeg\" \/>\n<meta name=\"twitter:card\" content=\"summary_large_image\" \/>\n<meta name=\"twitter:site\" content=\"@AlicanteAbout\" \/>\n<meta name=\"twitter:label1\" content=\"Dur\u00e9e de lecture estim\u00e9e\" \/>\n\t<meta name=\"twitter:data1\" content=\"1 minute\" \/>\n<script type=\"application\/ld+json\" class=\"yoast-schema-graph\">{\"@context\":\"https:\/\/schema.org\",\"@graph\":[{\"@type\":[\"WebPage\",\"AboutPage\"],\"@id\":\"https:\/\/alicanteabout.com\/about-the-team\/\",\"url\":\"https:\/\/alicanteabout.com\/about-the-team\/\",\"name\":\"About the Team - AlicanteAbout.com\",\"isPartOf\":{\"@id\":\"https:\/\/alicanteabout.com\/#website\"},\"datePublished\":\"2023-02-02T23:18:19+00:00\",\"dateModified\":\"2023-11-24T00:57:06+00:00\",\"description\":\"Meet the team behind AlicanteAbout.com, dedicated to offering current, detailed insights about Alicante's transport and landmarks.\",\"breadcrumb\":{\"@id\":\"https:\/\/alicanteabout.com\/about-the-team\/#breadcrumb\"},\"inLanguage\":\"fr-FR\",\"potentialAction\":[{\"@type\":\"ReadAction\",\"target\":[\"https:\/\/alicanteabout.com\/about-the-team\/\"]}]},{\"@type\":\"BreadcrumbList\",\"@id\":\"https:\/\/alicanteabout.com\/about-the-team\/#breadcrumb\",\"itemListElement\":[{\"@type\":\"ListItem\",\"position\":1,\"name\":\"Home\",\"item\":\"https:\/\/alicanteabout.com\/\"},{\"@type\":\"ListItem\",\"position\":2,\"name\":\"About the Team\"}]},{\"@type\":\"WebSite\",\"@id\":\"https:\/\/alicanteabout.com\/#website\",\"url\":\"https:\/\/alicanteabout.com\/\",\"name\":\"AlicanteAbout.com\",\"description\":\"Your Guide to Alicante [By an Alicantinian]\",\"potentialAction\":[{\"@type\":\"SearchAction\",\"target\":{\"@type\":\"EntryPoint\",\"urlTemplate\":\"https:\/\/alicanteabout.com\/?s={search_term_string}\"},\"query-input\":{\"@type\":\"PropertyValueSpecification\",\"valueRequired\":true,\"valueName\":\"search_term_string\"}}],\"inLanguage\":\"fr-FR\"}]}<\/script>\n<!-- \/ Yoast SEO plugin. -->","yoast_head_json":{"title":"About the Team - AlicanteAbout.com","description":"Rencontrez l'\u00e9quipe d'AlicanteAbout.com, qui se consacre \u00e0 offrir des informations actuelles et d\u00e9taill\u00e9es sur les transports et les lieux d'int\u00e9r\u00eat d'Alicante.","robots":{"index":"index","follow":"follow","max-snippet":"max-snippet:-1","max-image-preview":"max-image-preview:large","max-video-preview":"max-video-preview:-1"},"canonical":"https:\/\/alicanteabout.com\/fr\/a-propos-de-lequipe\/","og_locale":"fr_FR","og_type":"article","og_title":"About the Team - AlicanteAbout.com","og_description":"Meet the team behind AlicanteAbout.com, dedicated to offering current, detailed insights about Alicante's transport and landmarks.","og_url":"https:\/\/alicanteabout.com\/fr\/a-propos-de-lequipe\/","og_site_name":"AlicanteAbout.com","article_publisher":"https:\/\/www.facebook.com\/AlicanteAbout","article_modified_time":"2023-11-24T00:57:06+00:00","og_image":[{"width":2560,"height":1920,"url":"https:\/\/alicanteabout.com\/wp-content\/uploads\/2023\/08\/cara-del-moro-from-postiguet-scaled.jpg","type":"image\/jpeg"}],"twitter_card":"summary_large_image","twitter_site":"@AlicanteAbout","twitter_misc":{"Dur\u00e9e de lecture estim\u00e9e":"1 minute"},"schema":{"@context":"https:\/\/schema.org","@graph":[{"@type":["WebPage","AboutPage"],"@id":"https:\/\/alicanteabout.com\/about-the-team\/","url":"https:\/\/alicanteabout.com\/about-the-team\/","name":"About the Team - AlicanteAbout.com","isPartOf":{"@id":"https:\/\/alicanteabout.com\/#website"},"datePublished":"2023-02-02T23:18:19+00:00","dateModified":"2023-11-24T00:57:06+00:00","description":"Rencontrez l'\u00e9quipe d'AlicanteAbout.com, qui se consacre \u00e0 offrir des informations actuelles et d\u00e9taill\u00e9es sur les transports et les lieux d'int\u00e9r\u00eat d'Alicante.","breadcrumb":{"@id":"https:\/\/alicanteabout.com\/about-the-team\/#breadcrumb"},"inLanguage":"fr-FR","potentialAction":[{"@type":"ReadAction","target":["https:\/\/alicanteabout.com\/about-the-team\/"]}]},{"@type":"BreadcrumbList","@id":"https:\/\/alicanteabout.com\/about-the-team\/#breadcrumb","itemListElement":[{"@type":"ListItem","position":1,"name":"Home","item":"https:\/\/alicanteabout.com\/"},{"@type":"ListItem","position":2,"name":"About the Team"}]},{"@type":"WebSite","@id":"https:\/\/alicanteabout.com\/#website","url":"https:\/\/alicanteabout.com\/","name":"AlicanteAbout.com","description":"Your Guide to Alicante [By an Alicantinian]","potentialAction":[{"@type":"SearchAction","target":{"@type":"EntryPoint","urlTemplate":"https:\/\/alicanteabout.com\/?s={search_term_string}"},"query-input":{"@type":"PropertyValueSpecification","valueRequired":true,"valueName":"search_term_string"}}],"inLanguage":"fr-FR"}]}},"_links":{"self":[{"href":"https:\/\/alicanteabout.com\/fr\/wp-json\/wp\/v2\/pages\/4662","targetHints":{"allow":["GET"]}}],"collection":[{"href":"https:\/\/alicanteabout.com\/fr\/wp-json\/wp\/v2\/pages"}],"about":[{"href":"https:\/\/alicanteabout.com\/fr\/wp-json\/wp\/v2\/types\/page"}],"author":[{"embeddable":true,"href":"https:\/\/alicanteabout.com\/fr\/wp-json\/wp\/v2\/users\/1"}],"replies":[{"embeddable":true,"href":"https:\/\/alicanteabout.com\/fr\/wp-json\/wp\/v2\/comments?post=4662"}],"version-history":[{"count":1,"href":"https:\/\/alicanteabout.com\/fr\/wp-json\/wp\/v2\/pages\/4662\/revisions"}],"predecessor-version":[{"id":4663,"href":"https:\/\/alicanteabout.com\/fr\/wp-json\/wp\/v2\/pages\/4662\/revisions\/4663"}],"wp:attachment":[{"href":"https:\/\/alicanteabout.com\/fr\/wp-json\/wp\/v2\/media?parent=4662"}],"curies":[{"name":"wp","href":"https:\/\/api.w.org\/{rel}","templated":true}]}}