{"id":4670,"date":"2023-02-23T22:06:25","date_gmt":"2023-02-23T22:06:25","guid":{"rendered":"https:\/\/alicanteabout.com\/?page_id=4670"},"modified":"2026-02-15T23:17:07","modified_gmt":"2026-02-15T23:17:07","slug":"auteur-victor-sesma","status":"publish","type":"page","link":"https:\/\/alicanteabout.com\/fr\/author-victor-sesma\/","title":{"rendered":"A propos de Victor Sesma Auteur"},"content":{"rendered":"<p>Bonjour ! Voici <a href=\"https:\/\/victorsesma.com\/\" target=\"_blank\" rel=\"noreferrer noopener\">Victor Sesma<\/a>l'auteur principal de <a href=\"https:\/\/alicanteabout.com\/fr\/\">alicanteabout.com<\/a>.<\/p>\n\n\n\n<p>Je suis une Alicantine bas\u00e9e \u00e0 Londres, mais j'ai grandi et v\u00e9cu la majeure partie de ma vie \u00e0 Alicante.<\/p>\n\n\n\n<p>J'essaie de passer le plus de temps possible dans la capitale de l'Union europ\u00e9enne. <em>Costa Blanca<\/em>. Alicante est la ville qui a le plus fa\u00e7onn\u00e9 ma personnalit\u00e9. C'est \u00e0 Alicante que se trouve la majeure partie de ma famille et de mes nombreux amis.<\/p>\n\n\n\n<p>Au milieu des ann\u00e9es 20, j'ai travaill\u00e9 comme serveur \u00e0 Benidorm. Cette exp\u00e9rience, associ\u00e9e \u00e0 ma vie au Royaume-Uni et \u00e0 Londres, me donne une vision unique de la ville d'Alicante et de la province.<\/p>\n\n\n\n<figure class=\"wp-block-image size-large\"><img loading=\"lazy\" decoding=\"async\" width=\"768\" height=\"1024\" src=\"https:\/\/alicanteabout.com\/wp-content\/uploads\/2022\/05\/victor-sesma-768x1024.jpg\" alt=\"Victor Sesma\" class=\"wp-image-3116\" srcset=\"https:\/\/alicanteabout.com\/wp-content\/uploads\/2022\/05\/victor-sesma-768x1024.jpg 768w, https:\/\/alicanteabout.com\/wp-content\/uploads\/2022\/05\/victor-sesma-225x300.jpg 225w, https:\/\/alicanteabout.com\/wp-content\/uploads\/2022\/05\/victor-sesma-1152x1536.jpg 1152w, https:\/\/alicanteabout.com\/wp-content\/uploads\/2022\/05\/victor-sesma-1536x2048.jpg 1536w, https:\/\/alicanteabout.com\/wp-content\/uploads\/2022\/05\/victor-sesma-scaled.jpg 1920w\" sizes=\"auto, (max-width: 768px) 100vw, 768px\" \/><figcaption class=\"wp-element-caption\">Victor Sesma sur la plage d'Alicante<\/figcaption><\/figure>\n\n\n\n<h2 class=\"wp-block-heading\">Pourquoi \u00e9crire sur Alicante ?<\/h2>\n\n\n\n<p>Le fait d'\u00eatre originaire d'Alicante mais de vivre au Royaume-Uni m'a donn\u00e9 l'occasion d'aider les gens \u00e0 dissiper certaines id\u00e9es fausses sur la ville.<\/p>\n\n\n\n<p>Alicante, c'est bien plus que Benidorm et les autres villes touristiques de la province, une id\u00e9e fausse que se font de nombreux touristes.<\/p>\n\n\n\n<p>La combinaison de la ville d'Alicante et de la province en fait un lieu de vie et de visite id\u00e9al : bonnes liaisons a\u00e9riennes, ferroviaires et routi\u00e8res, climat agr\u00e9able, cuisine fantastique, qualit\u00e9 de vie incroyable, grande culture, population accueillante... la liste est longue.<\/p>\n\n\n\n<p>Ce blog tente de combler le foss\u00e9 entre certaines id\u00e9es fausses sur la ville d'Alicante et les opportunit\u00e9s qu'elle offre aux r\u00e9sidents et aux visiteurs. J'esp\u00e8re que vous l'appr\u00e9cierez et que vous obtiendrez des r\u00e9ponses \u00e0 vos questions en le lisant !<\/p>\n\n\n\n<h2 class=\"wp-block-heading\">Mon voyage international<\/h2>\n\n\n\n<p>J'ai commenc\u00e9 \u00e0 m'ouvrir aux personnes internationales - et pas seulement aux Espagnols - vers l'\u00e2ge de 20 ans, en rejoignant bri\u00e8vement l'organisation des \u00e9tudiants europ\u00e9ens de l'AEGEE \u00e0 l'universit\u00e9.<\/p>\n\n\n\n<p>Peu de temps apr\u00e8s, je suis partie travailler en Norv\u00e8ge pendant pr\u00e8s d'un an. Vivre en dehors de ma propre culture a \u00e9t\u00e9 une exp\u00e9rience incroyable.<\/p>\n\n\n\n<p>La d\u00e9cision de venir \u00e0 Londres a \u00e9t\u00e9 prise apr\u00e8s avoir obtenu un dipl\u00f4me professionnel, et je vis ici depuis lors.<\/p>\n\n\n\n<p>Comme vous pouvez le constater, Alicante, Londres et d'autres pays et villes ont fait partie de ma vie, et j'essaie d'aider d'autres personnes dans leur voyage vers Alicante.<\/p>\n\n\n\n<p>Si vous voulez en savoir plus sur ma carri\u00e8re professionnelle, consultez mon portfolio \u00e0 l'adresse suivante <a href=\"https:\/\/victorsesma.com\">victorsesma.com<\/a> ou mon <a href=\"https:\/\/www.linkedin.com\/in\/victor-sesma-3b2291104\/\">Lien<\/a><a href=\"https:\/\/www.linkedin.com\/feed\/\" target=\"_blank\" rel=\"noreferrer noopener\">page edIn<\/a>.<\/p>\n\n\n\n<p><\/p>\n\n\n\n<p>Tous nos v\u0153ux de r\u00e9ussite,<\/p>\n\n\n\n<p><\/p>\n\n\n\n<p>Victor Sesma<\/p>","protected":false},"excerpt":{"rendered":"<p>Hello! This is Victor Sesma, the main author of alicanteabout.com. I am an Alicantinian based in London, but grew up and lived most of my life in Alicante. I try to spend as much time as I can in the capital of Costa Blanca. Alicante is the city that has shaped me and my personality [&hellip;]<\/p>\n","protected":false},"author":1,"featured_media":3116,"parent":0,"menu_order":0,"comment_status":"closed","ping_status":"closed","template":"","meta":{"footnotes":""},"class_list":["post-4670","page","type-page","status-publish","has-post-thumbnail","hentry"],"yoast_head":"<!-- This site is optimized with the Yoast SEO plugin v27.1.1 - https:\/\/yoast.com\/product\/yoast-seo-wordpress\/ -->\n<title>About Victor Sesma Author - AlicanteAbout.com<\/title>\n<meta name=\"description\" content=\"Victor Sesma is a software Engineer from Alciante living in between London and Alicante. He is the main author of Alicanteabout.com\" \/>\n<meta name=\"robots\" content=\"index, follow, max-snippet:-1, max-image-preview:large, max-video-preview:-1\" \/>\n<link rel=\"canonical\" href=\"https:\/\/alicanteabout.com\/fr\/auteur-victor-sesma\/\" \/>\n<meta property=\"og:locale\" content=\"fr_FR\" \/>\n<meta property=\"og:type\" content=\"article\" \/>\n<meta property=\"og:title\" content=\"About Victor Sesma Author - AlicanteAbout.com\" \/>\n<meta property=\"og:description\" content=\"Victor Sesma is a software Engineer from Alciante living in between London and Alicante. He is the main author of Alicanteabout.com\" \/>\n<meta property=\"og:url\" content=\"https:\/\/alicanteabout.com\/fr\/auteur-victor-sesma\/\" \/>\n<meta property=\"og:site_name\" content=\"AlicanteAbout.com\" \/>\n<meta property=\"article:publisher\" content=\"https:\/\/www.facebook.com\/AlicanteAbout\" \/>\n<meta property=\"article:modified_time\" content=\"2026-02-15T23:17:07+00:00\" \/>\n<meta property=\"og:image\" content=\"https:\/\/alicanteabout.com\/wp-content\/uploads\/2022\/05\/victor-sesma-scaled.jpg\" \/>\n\t<meta property=\"og:image:width\" content=\"1920\" \/>\n\t<meta property=\"og:image:height\" content=\"2560\" \/>\n\t<meta property=\"og:image:type\" content=\"image\/jpeg\" \/>\n<meta name=\"twitter:card\" content=\"summary_large_image\" \/>\n<meta name=\"twitter:site\" content=\"@AlicanteAbout\" \/>\n<meta name=\"twitter:label1\" content=\"Dur\u00e9e de lecture estim\u00e9e\" \/>\n\t<meta name=\"twitter:data1\" content=\"3 minutes\" \/>\n<script type=\"application\/ld+json\" class=\"yoast-schema-graph\">{\"@context\":\"https:\/\/schema.org\",\"@graph\":[{\"@type\":\"WebPage\",\"@id\":\"https:\/\/alicanteabout.com\/author-victor-sesma\/\",\"url\":\"https:\/\/alicanteabout.com\/author-victor-sesma\/\",\"name\":\"About Victor Sesma Author - AlicanteAbout.com\",\"isPartOf\":{\"@id\":\"https:\/\/alicanteabout.com\/#website\"},\"primaryImageOfPage\":{\"@id\":\"https:\/\/alicanteabout.com\/author-victor-sesma\/#primaryimage\"},\"image\":{\"@id\":\"https:\/\/alicanteabout.com\/author-victor-sesma\/#primaryimage\"},\"thumbnailUrl\":\"https:\/\/alicanteabout.com\/wp-content\/uploads\/2022\/05\/victor-sesma-scaled.jpg\",\"datePublished\":\"2023-02-23T22:06:25+00:00\",\"dateModified\":\"2026-02-15T23:17:07+00:00\",\"description\":\"Victor Sesma is a software Engineer from Alciante living in between London and Alicante. He is the main author of Alicanteabout.com\",\"breadcrumb\":{\"@id\":\"https:\/\/alicanteabout.com\/author-victor-sesma\/#breadcrumb\"},\"inLanguage\":\"fr-FR\",\"potentialAction\":[{\"@type\":\"ReadAction\",\"target\":[\"https:\/\/alicanteabout.com\/author-victor-sesma\/\"]}]},{\"@type\":\"ImageObject\",\"inLanguage\":\"fr-FR\",\"@id\":\"https:\/\/alicanteabout.com\/author-victor-sesma\/#primaryimage\",\"url\":\"https:\/\/alicanteabout.com\/wp-content\/uploads\/2022\/05\/victor-sesma-scaled.jpg\",\"contentUrl\":\"https:\/\/alicanteabout.com\/wp-content\/uploads\/2022\/05\/victor-sesma-scaled.jpg\",\"width\":1920,\"height\":2560,\"caption\":\"Victor Sesma on the Beach in Alicante\"},{\"@type\":\"BreadcrumbList\",\"@id\":\"https:\/\/alicanteabout.com\/author-victor-sesma\/#breadcrumb\",\"itemListElement\":[{\"@type\":\"ListItem\",\"position\":1,\"name\":\"Home\",\"item\":\"https:\/\/alicanteabout.com\/\"},{\"@type\":\"ListItem\",\"position\":2,\"name\":\"About Victor Sesma Author\"}]},{\"@type\":\"WebSite\",\"@id\":\"https:\/\/alicanteabout.com\/#website\",\"url\":\"https:\/\/alicanteabout.com\/\",\"name\":\"AlicanteAbout.com\",\"description\":\"Your Guide to Alicante [By an Alicantinian]\",\"potentialAction\":[{\"@type\":\"SearchAction\",\"target\":{\"@type\":\"EntryPoint\",\"urlTemplate\":\"https:\/\/alicanteabout.com\/?s={search_term_string}\"},\"query-input\":{\"@type\":\"PropertyValueSpecification\",\"valueRequired\":true,\"valueName\":\"search_term_string\"}}],\"inLanguage\":\"fr-FR\"}]}<\/script>\n<!-- \/ Yoast SEO plugin. -->","yoast_head_json":{"title":"A propos de Victor Sesma Auteur - AlicanteAbout.com","description":"Victor Sesma est un ing\u00e9nieur logiciel originaire d'Alciante qui vit entre Londres et Alicante. Il est l'auteur principal de Alicanteabout.com.","robots":{"index":"index","follow":"follow","max-snippet":"max-snippet:-1","max-image-preview":"max-image-preview:large","max-video-preview":"max-video-preview:-1"},"canonical":"https:\/\/alicanteabout.com\/fr\/auteur-victor-sesma\/","og_locale":"fr_FR","og_type":"article","og_title":"About Victor Sesma Author - AlicanteAbout.com","og_description":"Victor Sesma is a software Engineer from Alciante living in between London and Alicante. He is the main author of Alicanteabout.com","og_url":"https:\/\/alicanteabout.com\/fr\/auteur-victor-sesma\/","og_site_name":"AlicanteAbout.com","article_publisher":"https:\/\/www.facebook.com\/AlicanteAbout","article_modified_time":"2026-02-15T23:17:07+00:00","og_image":[{"width":1920,"height":2560,"url":"https:\/\/alicanteabout.com\/wp-content\/uploads\/2022\/05\/victor-sesma-scaled.jpg","type":"image\/jpeg"}],"twitter_card":"summary_large_image","twitter_site":"@AlicanteAbout","twitter_misc":{"Dur\u00e9e de lecture estim\u00e9e":"3 minutes"},"schema":{"@context":"https:\/\/schema.org","@graph":[{"@type":"WebPage","@id":"https:\/\/alicanteabout.com\/author-victor-sesma\/","url":"https:\/\/alicanteabout.com\/author-victor-sesma\/","name":"A propos de Victor Sesma Auteur - AlicanteAbout.com","isPartOf":{"@id":"https:\/\/alicanteabout.com\/#website"},"primaryImageOfPage":{"@id":"https:\/\/alicanteabout.com\/author-victor-sesma\/#primaryimage"},"image":{"@id":"https:\/\/alicanteabout.com\/author-victor-sesma\/#primaryimage"},"thumbnailUrl":"https:\/\/alicanteabout.com\/wp-content\/uploads\/2022\/05\/victor-sesma-scaled.jpg","datePublished":"2023-02-23T22:06:25+00:00","dateModified":"2026-02-15T23:17:07+00:00","description":"Victor Sesma est un ing\u00e9nieur logiciel originaire d'Alciante qui vit entre Londres et Alicante. Il est l'auteur principal de Alicanteabout.com.","breadcrumb":{"@id":"https:\/\/alicanteabout.com\/author-victor-sesma\/#breadcrumb"},"inLanguage":"fr-FR","potentialAction":[{"@type":"ReadAction","target":["https:\/\/alicanteabout.com\/author-victor-sesma\/"]}]},{"@type":"ImageObject","inLanguage":"fr-FR","@id":"https:\/\/alicanteabout.com\/author-victor-sesma\/#primaryimage","url":"https:\/\/alicanteabout.com\/wp-content\/uploads\/2022\/05\/victor-sesma-scaled.jpg","contentUrl":"https:\/\/alicanteabout.com\/wp-content\/uploads\/2022\/05\/victor-sesma-scaled.jpg","width":1920,"height":2560,"caption":"Victor Sesma on the Beach in Alicante"},{"@type":"BreadcrumbList","@id":"https:\/\/alicanteabout.com\/author-victor-sesma\/#breadcrumb","itemListElement":[{"@type":"ListItem","position":1,"name":"Home","item":"https:\/\/alicanteabout.com\/"},{"@type":"ListItem","position":2,"name":"About Victor Sesma Author"}]},{"@type":"WebSite","@id":"https:\/\/alicanteabout.com\/#website","url":"https:\/\/alicanteabout.com\/","name":"AlicanteAbout.com","description":"Your Guide to Alicante [By an Alicantinian]","potentialAction":[{"@type":"SearchAction","target":{"@type":"EntryPoint","urlTemplate":"https:\/\/alicanteabout.com\/?s={search_term_string}"},"query-input":{"@type":"PropertyValueSpecification","valueRequired":true,"valueName":"search_term_string"}}],"inLanguage":"fr-FR"}]}},"_links":{"self":[{"href":"https:\/\/alicanteabout.com\/fr\/wp-json\/wp\/v2\/pages\/4670","targetHints":{"allow":["GET"]}}],"collection":[{"href":"https:\/\/alicanteabout.com\/fr\/wp-json\/wp\/v2\/pages"}],"about":[{"href":"https:\/\/alicanteabout.com\/fr\/wp-json\/wp\/v2\/types\/page"}],"author":[{"embeddable":true,"href":"https:\/\/alicanteabout.com\/fr\/wp-json\/wp\/v2\/users\/1"}],"replies":[{"embeddable":true,"href":"https:\/\/alicanteabout.com\/fr\/wp-json\/wp\/v2\/comments?post=4670"}],"version-history":[{"count":16,"href":"https:\/\/alicanteabout.com\/fr\/wp-json\/wp\/v2\/pages\/4670\/revisions"}],"predecessor-version":[{"id":6754,"href":"https:\/\/alicanteabout.com\/fr\/wp-json\/wp\/v2\/pages\/4670\/revisions\/6754"}],"wp:featuredmedia":[{"embeddable":true,"href":"https:\/\/alicanteabout.com\/fr\/wp-json\/wp\/v2\/media\/3116"}],"wp:attachment":[{"href":"https:\/\/alicanteabout.com\/fr\/wp-json\/wp\/v2\/media?parent=4670"}],"curies":[{"name":"wp","href":"https:\/\/api.w.org\/{rel}","templated":true}]}}