{"id":5669,"date":"2023-08-09T10:26:32","date_gmt":"2023-08-09T09:26:32","guid":{"rendered":"https:\/\/alicanteabout.com\/?page_id=5669"},"modified":"2026-02-02T21:05:06","modified_gmt":"2026-02-02T21:05:06","slug":"aeroport-dalicante-travel-hub","status":"publish","type":"page","link":"https:\/\/alicanteabout.com\/fr\/alicante-airport-travel-hub\/","title":{"rendered":"A\u00e9roport d'Alicante : Hub de voyage"},"content":{"rendered":"<div class='pt-cv-wrapper'> <div class=\"pt-cv-view pt-cv-overlaygrid iscvblock iscvreal overlay1 layout1\" id=\"pt-cv-view-iqbjdcsv\"><div data-id=\"pt-cv-page-1\" class=\"pt-cv-page\" data-cvc=\"2\"><div class=\"pt-cv-content-item pt-cv-1-col\" ><div class=\"pt-cv-thumb-wrapper\"><a href=\"https:\/\/alicanteabout.com\/fr\/alicante-airport-travel-hub\/departures-from-alicante-airport-alc-leal\/\" class=\"_self pt-cv-href-thumbnail pt-cv-thumb-default\" target=\"_self\" ><img loading=\"lazy\" decoding=\"async\" width=\"768\" height=\"768\" src=\"https:\/\/alicanteabout.com\/wp-content\/uploads\/2023\/11\/plane-departing-airport-artwork-768x768.jpg\" class=\"pt-cv-thumbnail\" alt=\"Avion au d\u00e9part de l&#039;a\u00e9roport DALL-E artwork\" \/><\/a><\/div>\n<div class=\"pt-cv-overlay-wrapper\"><div class=\"pt-cv-taxoterm above_title\"><\/div><h4 class=\"pt-cv-title\"><a href=\"https:\/\/alicanteabout.com\/fr\/alicante-airport-travel-hub\/departures-from-alicante-airport-alc-leal\/\" class=\"_self\" target=\"_self\" >D\u00e9parts de l'a\u00e9roport d'Alicante (ALC\/LEAL) aujourd'hui<\/a><\/h4><\/div><\/div>\n<div class=\"pt-cv-content-item pt-cv-1-col\" ><div class=\"pt-cv-thumb-wrapper\"><a href=\"https:\/\/alicanteabout.com\/fr\/alicante-airport-travel-hub\/arrivals-to-alicante-airport-alc-leal\/\" class=\"_self pt-cv-href-thumbnail pt-cv-thumb-default\" target=\"_self\" ><img loading=\"lazy\" decoding=\"async\" width=\"768\" height=\"768\" src=\"https:\/\/alicanteabout.com\/wp-content\/uploads\/2023\/11\/plane-landing-airport-artwork-768x768.jpg\" class=\"pt-cv-thumbnail\" alt=\"Atterrissage d&#039;un avion \u00e0 l&#039;a\u00e9roport DALL-E artwork\" \/><\/a><\/div>\n<div class=\"pt-cv-overlay-wrapper\"><div class=\"pt-cv-taxoterm above_title\"><\/div><h4 class=\"pt-cv-title\"><a href=\"https:\/\/alicanteabout.com\/fr\/alicante-airport-travel-hub\/arrivals-to-alicante-airport-alc-leal\/\" class=\"_self\" target=\"_self\" >Arriv\u00e9es \u00e0 l'a\u00e9roport d'Alicante (ALC\/LEAL) aujourd'hui<\/a><\/h4><\/div><\/div><\/div><\/div> <\/div> <style>\n#pt-cv-view-iqbjdcsv .pt-cv-thumb-wrapper::before {background: rgba(0,0,0,.4); opacity: 0.8;}#pt-cv-view-iqbjdcsv .pt-cv-overlay-wrapper {justify-content: center;}\n#pt-cv-view-iqbjdcsv .pt-cv-meta-fields {  }#pt-cv-view-iqbjdcsv .pt-cv-meta-fields * { font-size: 13px; }#pt-cv-view-iqbjdcsv .pt-cv-title a { text-align: center;display: block;background-color: #4f4d4d; }#pt-cv-view-iqbjdcsv .pt-cv-title:not(.pt-cv-titlesm) a { font-weight: 600;text-decoration: none;font-size: 20px; }#pt-cv-view-iqbjdcsv .pt-cv-titlesm a { font-weight: 600;font-size: 18px; }#pt-cv-view-iqbjdcsv .pt-cv-content { font-size: 15px; }#pt-cv-view-iqbjdcsv .pt-cv-rmwrap {  }#pt-cv-view-iqbjdcsv .pt-cv-readmore { color: #fff;background-color: #0075ff;font-size: 14px; }#pt-cv-view-iqbjdcsv .pt-cv-taxoterm { margin: 0px 0px 20px 0px; }#pt-cv-view-iqbjdcsv .pt-cv-taxoterm * { color: #222;background-color: #fff6f6;font-size: 14px; }#pt-cv-view-iqbjdcsv + .pt-cv-pagination-wrapper {  }#pt-cv-view-iqbjdcsv + .pt-cv-pagination-wrapper a { font-size: 14px; }#pt-cv-view-iqbjdcsv > .pt-cv-page {grid-template-columns: repeat(2, 1fr);grid-auto-rows: 250px;grid-gap: 10px;}\n@media all and (max-width: 1024px) { \n#pt-cv-view-iqbjdcsv > .pt-cv-page {}\n} \n@media all and (max-width: 767px) { \n#pt-cv-view-iqbjdcsv > .pt-cv-page {grid-template-columns: repeat(1, 1fr);}\n} <\/style>\n\n\n<h2 class=\"wp-block-heading\">Depuis\/vers l'a\u00e9roport d'Alicante<\/h2>\n\n\n<div class='pt-cv-wrapper'> <div class=\"pt-cv-view pt-cv-overlaygrid iscvblock iscvreal overlay1 layout1\" id=\"pt-cv-view-sxzwetvo\"><div data-id=\"pt-cv-page-1\" class=\"pt-cv-page\" data-cvc=\"2\"><div class=\"pt-cv-content-item pt-cv-1-col\" ><div class=\"pt-cv-thumb-wrapper\"><a href=\"https:\/\/alicanteabout.com\/fr\/transport\/alicante-to-benidorm-city-and-airport-transfers-bus-tram-taxi-and-prices\/\" class=\"_self pt-cv-href-thumbnail pt-cv-thumb-default\" target=\"_self\" ><img loading=\"lazy\" decoding=\"async\" width=\"575\" height=\"523\" src=\"https:\/\/alicanteabout.com\/wp-content\/uploads\/2023\/02\/alicante-and-benidorm.jpg\" class=\"pt-cv-thumbnail\" alt=\"Alicante et Benidorm sur la carte\" \/><\/a><\/div>\n<div class=\"pt-cv-overlay-wrapper\"><div class=\"pt-cv-taxoterm above_title\"><a href='https:\/\/alicanteabout.com\/fr\/category\/transport\/' title='Transport' class='pt-cv-tax-transport'>Transport<\/a><\/div><h4 class=\"pt-cv-title\"><a href=\"https:\/\/alicanteabout.com\/fr\/transport\/alicante-to-benidorm-city-and-airport-transfers-bus-tram-taxi-and-prices\/\" class=\"_self\" target=\"_self\" >Alicante - Benidorm - Transferts bon march\u00e9 \u00e0 cher<\/a><\/h4><\/div><\/div>\n<div class=\"pt-cv-content-item pt-cv-1-col\" ><div class=\"pt-cv-thumb-wrapper\"><a href=\"https:\/\/alicanteabout.com\/fr\/airport\/alicante-airport-bus\/\" class=\"_self pt-cv-href-thumbnail pt-cv-thumb-default\" target=\"_self\" ><img loading=\"lazy\" decoding=\"async\" width=\"768\" height=\"576\" src=\"https:\/\/alicanteabout.com\/wp-content\/uploads\/2021\/08\/alicante-airport-bus-station-768x576.jpg\" class=\"pt-cv-thumbnail\" alt=\"Gare routi\u00e8re de l&#039;a\u00e9roport d&#039;Alicante\" \/><\/a><\/div>\n<div class=\"pt-cv-overlay-wrapper\"><div class=\"pt-cv-taxoterm above_title\"><a href='https:\/\/alicanteabout.com\/fr\/category\/airport\/' title='A\u00e9roport' class='pt-cv-tax-airport'>A\u00e9roport<\/a><\/div><h4 class=\"pt-cv-title\"><a href=\"https:\/\/alicanteabout.com\/fr\/airport\/alicante-airport-bus\/\" class=\"_self\" target=\"_self\" >Gare routi\u00e8re de l'a\u00e9roport d'Alicante - Itin\u00e9raires et liens vers les billets<\/a><\/h4><\/div><\/div>\n<div class=\"pt-cv-content-item pt-cv-1-col\" ><div class=\"pt-cv-thumb-wrapper\"><a href=\"https:\/\/alicanteabout.com\/fr\/transport\/alicante-airport-train-station\/\" class=\"_self pt-cv-href-thumbnail pt-cv-thumb-default\" target=\"_self\" ><img loading=\"lazy\" decoding=\"async\" width=\"768\" height=\"576\" src=\"https:\/\/alicanteabout.com\/wp-content\/uploads\/2020\/01\/alicante-airport-inside-768x576.jpg\" class=\"pt-cv-thumbnail\" alt=\"L&#039;a\u00e9roport d&#039;Alicante \u00e0 l&#039;int\u00e9rieur du terminal\" \/><\/a><\/div>\n<div class=\"pt-cv-overlay-wrapper\"><div class=\"pt-cv-taxoterm above_title\"><a href='https:\/\/alicanteabout.com\/fr\/category\/transport\/' title='Transport' class='pt-cv-tax-transport'>Transport<\/a><\/div><h4 class=\"pt-cv-title\"><a href=\"https:\/\/alicanteabout.com\/fr\/transport\/alicante-airport-train-station\/\" class=\"_self\" target=\"_self\" >Gare de l'a\u00e9roport d'Alicante - Comment se rendre \u00e0 la gare la plus proche \u00e0 Alicante<\/a><\/h4><\/div><\/div>\n<div class=\"pt-cv-content-item pt-cv-1-col\" ><div class=\"pt-cv-thumb-wrapper\"><a href=\"https:\/\/alicanteabout.com\/fr\/transport\/from-alicante-airport-to-alicante-city-centre-by-bus\/\" class=\"_self pt-cv-href-thumbnail pt-cv-thumb-default\" target=\"_self\" ><img loading=\"lazy\" decoding=\"async\" width=\"768\" height=\"576\" src=\"https:\/\/alicanteabout.com\/wp-content\/uploads\/2022\/09\/c6-bus-aiport-alicante-768x576.jpg\" class=\"pt-cv-thumbnail\" alt=\"Bus C6 de l&#039;a\u00e9roport d&#039;Alicante\" \/><\/a><\/div>\n<div class=\"pt-cv-overlay-wrapper\"><div class=\"pt-cv-taxoterm above_title\"><a href='https:\/\/alicanteabout.com\/fr\/category\/transport\/' title='Transport' class='pt-cv-tax-transport'>Transport<\/a><\/div><h4 class=\"pt-cv-title\"><a href=\"https:\/\/alicanteabout.com\/fr\/transport\/from-alicante-airport-to-alicante-city-centre-by-bus\/\" class=\"_self\" target=\"_self\" >De l'a\u00e9roport d'Alicante \u00e0 Alicante - Guide rapide de l'autobus C6<\/a><\/h4><\/div><\/div><\/div><\/div> <\/div> <style>\n#pt-cv-view-sxzwetvo .pt-cv-thumb-wrapper::before {background: rgba(0,0,0,.4); opacity: 0.8;}#pt-cv-view-sxzwetvo .pt-cv-overlay-wrapper {justify-content: center;}\n#pt-cv-view-sxzwetvo .pt-cv-meta-fields {  }#pt-cv-view-sxzwetvo .pt-cv-meta-fields * { font-size: 13px; }#pt-cv-view-sxzwetvo .pt-cv-title a { display: block; }#pt-cv-view-sxzwetvo .pt-cv-title:not(.pt-cv-titlesm) a { font-weight: 600;text-decoration: none;font-size: 20px; }#pt-cv-view-sxzwetvo .pt-cv-titlesm a { font-weight: 600;font-size: 18px; }#pt-cv-view-sxzwetvo .pt-cv-content { font-size: 15px; }#pt-cv-view-sxzwetvo .pt-cv-rmwrap {  }#pt-cv-view-sxzwetvo .pt-cv-readmore { color: #fff;background-color: #0075ff;font-size: 14px; }#pt-cv-view-sxzwetvo .pt-cv-taxoterm { margin: 0px 0px 20px 0px; }#pt-cv-view-sxzwetvo .pt-cv-taxoterm * { color: #222;background-color: #fff6f6;font-size: 14px; }#pt-cv-view-sxzwetvo + .pt-cv-pagination-wrapper {  }#pt-cv-view-sxzwetvo + .pt-cv-pagination-wrapper a { font-size: 14px; }#pt-cv-view-sxzwetvo > .pt-cv-page {grid-template-columns: repeat(2, 1fr);grid-auto-rows: 250px;grid-gap: 10px;}\n@media all and (max-width: 1024px) { \n#pt-cv-view-sxzwetvo > .pt-cv-page {}\n} \n@media all and (max-width: 767px) { \n#pt-cv-view-sxzwetvo > .pt-cv-page {grid-template-columns: repeat(1, 1fr);}\n} <\/style>\n\n\n<h2 class=\"wp-block-heading\">Localisation et adresse de l'a\u00e9roport d'Alicante<\/h2>\n\n\n\n<p>A\u00e9roport d'Alicante Localisation : <a href=\"https:\/\/maps.app.goo.gl\/BBzofzweT3BQfm7NA\" target=\"_blank\" rel=\"noreferrer noopener\">Avenida del l'Altet, 03195 Elx, Alicante<\/a><\/p>\n\n\n\n<iframe src=\"https:\/\/www.google.com\/maps\/embed?pb=!1m18!1m12!1m3!1d3131.765692421587!2d-0.5647881233514077!3d38.28492397186121!2m3!1f0!2f0!3f0!3m2!1i1024!2i768!4f13.1!3m3!1m2!1s0xd624ac64d10da33%3A0xdcb245de25b9bef1!2sAeropuerto%20de%20Alicante-Elche%20Miguel%20Hern%C3%A1ndez%20(ALC)!5e0!3m2!1ses!2ses!4v1692949763084!5m2!1ses!2ses\" width=\"400\" height=\"300\" style=\"border:0;\" allowfullscreen=\"\" loading=\"lazy\" referrerpolicy=\"no-referrer-when-downgrade\"><\/iframe>\n\n\n\n<figure class=\"wp-block-image size-large\"><img loading=\"lazy\" decoding=\"async\" width=\"1365\" height=\"1024\" src=\"https:\/\/alicanteabout.com\/wp-content\/uploads\/2023\/08\/wp-1691874333297.png\" alt=\"Entr\u00e9e de l&#039;a\u00e9roport d&#039;Alicante depuis le parking\" class=\"wp-image-5694\" srcset=\"https:\/\/alicanteabout.com\/wp-content\/uploads\/2023\/08\/wp-1691874333297.png 1365w, https:\/\/alicanteabout.com\/wp-content\/uploads\/2023\/08\/wp-1691874333297-300x225.png 300w, https:\/\/alicanteabout.com\/wp-content\/uploads\/2023\/08\/wp-1691874333297-1024x768.png 1024w, https:\/\/alicanteabout.com\/wp-content\/uploads\/2023\/08\/wp-1691874333297-768x576.png 768w, https:\/\/alicanteabout.com\/wp-content\/uploads\/2023\/08\/wp-1691874333297-16x12.png 16w\" sizes=\"auto, (max-width: 1365px) 100vw, 1365px\" \/><figcaption class=\"wp-element-caption\">Entr\u00e9e des terminaux depuis le parking <\/figcaption><\/figure>\n\n\n\n<h2 class=\"wp-block-heading\">Acheter des vols pour Alicante<\/h2>\n\n\n\n<p>Plus de 30 compagnies a\u00e9riennes desservent l'a\u00e9roport d'Alicante. Quelques exemples : Ryanair, Vueling, Norwegian, easyJet, Jet2, SAS, Eurowings, TUI Fly et Volotea.<\/p>\n\n\n\n<p>La fa\u00e7on la plus simple de comparer les prix entre toutes les compagnies a\u00e9riennes op\u00e9rant \u00e0 l'a\u00e9roport d'Alicante est d'utiliser une carte de cr\u00e9dit. <a href=\"http:\/\/skyscanner.pxf.io\/anDJjo\" target=\"_blank\" rel=\"noreferrer noopener\">outil de comparaison de vols tel que Skyscanner<\/a>.<\/p>\n\n\n\n\n\n\n\n\n\n\n\n\n<h2 class=\"wp-block-heading\">A\u00e9roport d'Alicante : Porte d'entr\u00e9e de la Costa Blanca<\/h2>\n\n\n\n<p>L'a\u00e9roport d'Alicante, \u00e9galement connu sous le nom d'a\u00e9roport d'Alicante-Elche, est une plaque tournante pour les voyageurs qui explorent le monde. <a href=\"https:\/\/alicanteabout.com\/fr\/lieux\/ou-se-trouve-alicante-espagne\/\">Alicante City<\/a> et la magnifique r\u00e9gion de la Costa Blanca en Espagne. Situ\u00e9 dans la province d'Alicante, cet a\u00e9roport moderne offre une connectivit\u00e9 transparente avec diverses destinations internationales telles que <a href=\"https:\/\/alicanteabout.com\/fr\/alicante\/\">Alicante<\/a>L'h\u00f4tel se trouve \u00e0 proximit\u00e9 de Benidorm, Torrevieja, Calpe ou Altea, ce qui en fait un choix populaire pour les voyageurs d'affaires et de loisirs.<\/p>\n\n\n\n<h3 class=\"wp-block-heading\">Situation et accessibilit\u00e9<\/h3>\n\n\n\n<p>Strat\u00e9giquement positionn\u00e9 \u00e0 seulement 9 km au sud-ouest de <a href=\"https:\/\/alicanteabout.com\/fr\/transport\/de-laeroport-dalicante-au-centre-ville-dalicante-en-bus\/\">Centre ville d'Alicante<\/a>L'a\u00e9roport jouit d'une situation enviable, facilitant l'acc\u00e8s aux attractions c\u00f4ti\u00e8res et aux centres urbains dynamiques de la r\u00e9gion. Les voyageurs peuvent se rendre facilement \u00e0 leurs destinations gr\u00e2ce \u00e0 des r\u00e9seaux routiers bien desservis et \u00e0 des options de transport public efficaces.<\/p>\n\n\n\n<h3 class=\"wp-block-heading\">Installations et services<\/h3>\n\n\n\n<p>L'a\u00e9roport d'Alicante est fier d'offrir un large \u00e9ventail d'installations et de services pour garantir une exp\u00e9rience de voyage confortable et sans tracas. Les passagers peuvent profiter de boutiques hors taxes, de diverses options de restauration et de salons confortables en attendant leur vol. L'engagement de l'a\u00e9roport en mati\u00e8re de commodit\u00e9 est encore illustr\u00e9 par ses vastes installations de stationnement et son excellente connectivit\u00e9 avec les principaux sites touristiques.<\/p>\n\n\n\n<h3 class=\"wp-block-heading\">Vols et destinations<\/h3>\n\n\n\n<p>En tant que porte d'entr\u00e9e internationale de premier plan, l'a\u00e9roport d'Alicante s'enorgueillit d'un vaste r\u00e9seau de vols reliant les voyageurs \u00e0 diverses destinations \u00e0 travers l'Europe et au-del\u00e0. Les principales compagnies a\u00e9riennes proposent des vols r\u00e9guliers vers les principales villes, ce qui en fait un point d'entr\u00e9e privil\u00e9gi\u00e9 pour les touristes et les voyageurs cherchant \u00e0 explorer la r\u00e9gion de la Costa Blanca. L'\u00e9largissement constant du choix des itin\u00e9raires propos\u00e9s par l'a\u00e9roport souligne son importance en tant que plaque tournante mondiale en pleine expansion.<\/p>\n\n\n\n\n\n\n\n\n\n\n\n\n<h3 class=\"wp-block-heading\">Efficacit\u00e9 et modernit\u00e9<\/h3>\n\n\n\n<p>L'a\u00e9roport d'Alicante se distingue par ses infrastructures modernes et son efficacit\u00e9 op\u00e9rationnelle. Avec ses multiples pistes et ses terminaux ultramodernes, l'a\u00e9roport peut accueillir confortablement un grand nombre de voyageurs, garantissant des proc\u00e9dures d'enregistrement fluides et des d\u00e9parts en temps voulu. Son engagement en faveur de la satisfaction et de la s\u00e9curit\u00e9 des passagers reste primordial, ce qui consolide sa r\u00e9putation de centre de voyage fiable et digne de confiance.<\/p>\n\n\n\n<h3 class=\"wp-block-heading\">Proximit\u00e9 des attractions de la Costa Blanca<\/h3>\n\n\n\n<p>Au-del\u00e0 de ses attributs fonctionnels, la proximit\u00e9 de l'a\u00e9roport d'Alicante avec les attractions renomm\u00e9es de la Costa Blanca est un attrait important. Les voyageurs qui d\u00e9barquent \u00e0 l'a\u00e9roport ne sont qu'\u00e0 un jet de pierre des plages immacul\u00e9es, des charmantes villes c\u00f4ti\u00e8res et des sites culturels qui font de la r\u00e9gion une destination convoit\u00e9e. Qu'il s'agisse de l'\u00e9nergie tr\u00e9pidante de Benidorm, de l'attrait historique d'Altea ou de la beaut\u00e9 tranquille de Denia, tous sont facilement accessibles depuis cet a\u00e9roport central.<\/p>\n\n\n\n<h3 class=\"wp-block-heading\">Initiatives en mati\u00e8re de d\u00e9veloppement durable<\/h3>\n\n\n\n<p>L'a\u00e9roport d'Alicante se consacre \u00e9galement \u00e0 la responsabilit\u00e9 environnementale, en incorporant des pratiques durables pour minimiser son empreinte carbone. L'engagement de l'a\u00e9roport en faveur d'op\u00e9rations respectueuses de l'environnement s'harmonise parfaitement avec la beaut\u00e9 naturelle de la r\u00e9gion et souligne sa volont\u00e9 de pr\u00e9server l'environnement pour les g\u00e9n\u00e9rations futures.<\/p>\n\n\n\n<p>L'a\u00e9roport d'Alicante, plaque tournante moderne et efficace, joue un r\u00f4le essentiel en facilitant l'acc\u00e8s \u00e0 la captivante r\u00e9gion de la Costa Blanca. Gr\u00e2ce \u00e0 sa situation strat\u00e9gique, \u00e0 ses installations compl\u00e8tes, \u00e0 son vaste r\u00e9seau de vols et \u00e0 son souci de satisfaire les passagers, l'a\u00e9roport est une porte d'entr\u00e9e indispensable pour les voyageurs qui souhaitent s'embarquer pour un voyage m\u00e9morable vers l'une des destinations les plus s\u00e9duisantes d'Espagne. Qu'il s'agisse d'un voyage d'agr\u00e9ment ou d'affaires, chaque voyageur peut compter sur les services transparents et la connectivit\u00e9 pratique de l'a\u00e9roport d'Alicante, ce qui en fait un acteur vital et dynamique dans le monde des voyages internationaux.<\/p>","protected":false},"excerpt":{"rendered":"<p>To\/From Alicante Airport Alicante Airport Location and Address Alicante Airport Location: Avenida del l&#8217;Altet, 03195 Elx, Alicante Buy Alicante Flights More than 30 airline flights to Alicante Airport. Some examples are Ryanair, Vueling, Norwegian, easyJet, Jet2, SAS, Eurowings, TUI Fly and Volotea. The easiest way to compare prices among all the airlines operating at Alicante&#8217;s [&hellip;]<\/p>\n","protected":false},"author":1,"featured_media":0,"parent":0,"menu_order":0,"comment_status":"closed","ping_status":"closed","template":"","meta":{"footnotes":""},"class_list":["post-5669","page","type-page","status-publish","hentry"],"yoast_head":"<!-- This site is optimized with the Yoast SEO plugin v27.1.1 - https:\/\/yoast.com\/product\/yoast-seo-wordpress\/ -->\n<title>Alicante Airport: Travel Hub - AlicanteAbout.com<\/title>\n<meta name=\"description\" content=\"Guide to Alicante Airport. Information on departures, arrivals and general advice for a seamless flight from\/to Alicante Costa Blanca.\" \/>\n<meta name=\"robots\" content=\"index, follow, max-snippet:-1, max-image-preview:large, max-video-preview:-1\" \/>\n<link rel=\"canonical\" href=\"https:\/\/alicanteabout.com\/fr\/aeroport-dalicante-travel-hub\/\" \/>\n<meta property=\"og:locale\" content=\"fr_FR\" \/>\n<meta property=\"og:type\" content=\"article\" \/>\n<meta property=\"og:title\" content=\"Alicante Airport: Travel Hub - AlicanteAbout.com\" \/>\n<meta property=\"og:description\" content=\"Guide to Alicante Airport. Information on departures, arrivals and general advice for a seamless flight from\/to Alicante Costa Blanca.\" \/>\n<meta property=\"og:url\" content=\"https:\/\/alicanteabout.com\/fr\/aeroport-dalicante-travel-hub\/\" \/>\n<meta property=\"og:site_name\" content=\"AlicanteAbout.com\" \/>\n<meta property=\"article:publisher\" content=\"https:\/\/www.facebook.com\/AlicanteAbout\" \/>\n<meta property=\"article:modified_time\" content=\"2026-02-02T21:05:06+00:00\" \/>\n<meta property=\"og:image\" content=\"https:\/\/alicanteabout.com\/wp-content\/uploads\/2023\/08\/wp-1691874333297.png\" \/>\n\t<meta property=\"og:image:width\" content=\"1365\" \/>\n\t<meta property=\"og:image:height\" content=\"1024\" \/>\n\t<meta property=\"og:image:type\" content=\"image\/png\" \/>\n<meta name=\"twitter:card\" content=\"summary_large_image\" \/>\n<meta name=\"twitter:site\" content=\"@AlicanteAbout\" \/>\n<meta name=\"twitter:label1\" content=\"Dur\u00e9e de lecture estim\u00e9e\" \/>\n\t<meta name=\"twitter:data1\" content=\"3 minutes\" \/>\n<script type=\"application\/ld+json\" class=\"yoast-schema-graph\">{\"@context\":\"https:\/\/schema.org\",\"@graph\":[{\"@type\":\"WebPage\",\"@id\":\"https:\/\/alicanteabout.com\/alicante-airport-travel-hub\/\",\"url\":\"https:\/\/alicanteabout.com\/alicante-airport-travel-hub\/\",\"name\":\"Alicante Airport: Travel Hub - AlicanteAbout.com\",\"isPartOf\":{\"@id\":\"https:\/\/alicanteabout.com\/#website\"},\"primaryImageOfPage\":{\"@id\":\"https:\/\/alicanteabout.com\/alicante-airport-travel-hub\/#primaryimage\"},\"image\":{\"@id\":\"https:\/\/alicanteabout.com\/alicante-airport-travel-hub\/#primaryimage\"},\"thumbnailUrl\":\"https:\/\/alicanteabout.com\/wp-content\/uploads\/2023\/08\/wp-1691874333297.png\",\"datePublished\":\"2023-08-09T09:26:32+00:00\",\"dateModified\":\"2026-02-02T21:05:06+00:00\",\"description\":\"Guide to Alicante Airport. Information on departures, arrivals and general advice for a seamless flight from\/to Alicante Costa Blanca.\",\"breadcrumb\":{\"@id\":\"https:\/\/alicanteabout.com\/alicante-airport-travel-hub\/#breadcrumb\"},\"inLanguage\":\"fr-FR\",\"potentialAction\":[{\"@type\":\"ReadAction\",\"target\":[\"https:\/\/alicanteabout.com\/alicante-airport-travel-hub\/\"]}]},{\"@type\":\"ImageObject\",\"inLanguage\":\"fr-FR\",\"@id\":\"https:\/\/alicanteabout.com\/alicante-airport-travel-hub\/#primaryimage\",\"url\":\"https:\/\/alicanteabout.com\/wp-content\/uploads\/2023\/08\/wp-1691874333297.png\",\"contentUrl\":\"https:\/\/alicanteabout.com\/wp-content\/uploads\/2023\/08\/wp-1691874333297.png\"},{\"@type\":\"BreadcrumbList\",\"@id\":\"https:\/\/alicanteabout.com\/alicante-airport-travel-hub\/#breadcrumb\",\"itemListElement\":[{\"@type\":\"ListItem\",\"position\":1,\"name\":\"Home\",\"item\":\"https:\/\/alicanteabout.com\/\"},{\"@type\":\"ListItem\",\"position\":2,\"name\":\"Alicante Airport: Travel Hub\"}]},{\"@type\":\"WebSite\",\"@id\":\"https:\/\/alicanteabout.com\/#website\",\"url\":\"https:\/\/alicanteabout.com\/\",\"name\":\"AlicanteAbout.com\",\"description\":\"Your Guide to Alicante [By an Alicantinian]\",\"potentialAction\":[{\"@type\":\"SearchAction\",\"target\":{\"@type\":\"EntryPoint\",\"urlTemplate\":\"https:\/\/alicanteabout.com\/?s={search_term_string}\"},\"query-input\":{\"@type\":\"PropertyValueSpecification\",\"valueRequired\":true,\"valueName\":\"search_term_string\"}}],\"inLanguage\":\"fr-FR\"}]}<\/script>\n<!-- \/ Yoast SEO plugin. -->","yoast_head_json":{"title":"A\u00e9roport d'Alicante : Hub de voyage - AlicanteAbout.com","description":"Guide de l'a\u00e9roport d'Alicante. Informations sur les d\u00e9parts, les arriv\u00e9es et des conseils g\u00e9n\u00e9raux pour un vol sans encombre de\/vers Alicante Costa Blanca.","robots":{"index":"index","follow":"follow","max-snippet":"max-snippet:-1","max-image-preview":"max-image-preview:large","max-video-preview":"max-video-preview:-1"},"canonical":"https:\/\/alicanteabout.com\/fr\/aeroport-dalicante-travel-hub\/","og_locale":"fr_FR","og_type":"article","og_title":"Alicante Airport: Travel Hub - AlicanteAbout.com","og_description":"Guide to Alicante Airport. Information on departures, arrivals and general advice for a seamless flight from\/to Alicante Costa Blanca.","og_url":"https:\/\/alicanteabout.com\/fr\/aeroport-dalicante-travel-hub\/","og_site_name":"AlicanteAbout.com","article_publisher":"https:\/\/www.facebook.com\/AlicanteAbout","article_modified_time":"2026-02-02T21:05:06+00:00","og_image":[{"width":1365,"height":1024,"url":"https:\/\/alicanteabout.com\/wp-content\/uploads\/2023\/08\/wp-1691874333297.png","type":"image\/png"}],"twitter_card":"summary_large_image","twitter_site":"@AlicanteAbout","twitter_misc":{"Dur\u00e9e de lecture estim\u00e9e":"3 minutes"},"schema":{"@context":"https:\/\/schema.org","@graph":[{"@type":"WebPage","@id":"https:\/\/alicanteabout.com\/alicante-airport-travel-hub\/","url":"https:\/\/alicanteabout.com\/alicante-airport-travel-hub\/","name":"A\u00e9roport d'Alicante : Hub de voyage - AlicanteAbout.com","isPartOf":{"@id":"https:\/\/alicanteabout.com\/#website"},"primaryImageOfPage":{"@id":"https:\/\/alicanteabout.com\/alicante-airport-travel-hub\/#primaryimage"},"image":{"@id":"https:\/\/alicanteabout.com\/alicante-airport-travel-hub\/#primaryimage"},"thumbnailUrl":"https:\/\/alicanteabout.com\/wp-content\/uploads\/2023\/08\/wp-1691874333297.png","datePublished":"2023-08-09T09:26:32+00:00","dateModified":"2026-02-02T21:05:06+00:00","description":"Guide de l'a\u00e9roport d'Alicante. Informations sur les d\u00e9parts, les arriv\u00e9es et des conseils g\u00e9n\u00e9raux pour un vol sans encombre de\/vers Alicante Costa Blanca.","breadcrumb":{"@id":"https:\/\/alicanteabout.com\/alicante-airport-travel-hub\/#breadcrumb"},"inLanguage":"fr-FR","potentialAction":[{"@type":"ReadAction","target":["https:\/\/alicanteabout.com\/alicante-airport-travel-hub\/"]}]},{"@type":"ImageObject","inLanguage":"fr-FR","@id":"https:\/\/alicanteabout.com\/alicante-airport-travel-hub\/#primaryimage","url":"https:\/\/alicanteabout.com\/wp-content\/uploads\/2023\/08\/wp-1691874333297.png","contentUrl":"https:\/\/alicanteabout.com\/wp-content\/uploads\/2023\/08\/wp-1691874333297.png"},{"@type":"BreadcrumbList","@id":"https:\/\/alicanteabout.com\/alicante-airport-travel-hub\/#breadcrumb","itemListElement":[{"@type":"ListItem","position":1,"name":"Home","item":"https:\/\/alicanteabout.com\/"},{"@type":"ListItem","position":2,"name":"Alicante Airport: Travel Hub"}]},{"@type":"WebSite","@id":"https:\/\/alicanteabout.com\/#website","url":"https:\/\/alicanteabout.com\/","name":"AlicanteAbout.com","description":"Your Guide to Alicante [By an Alicantinian]","potentialAction":[{"@type":"SearchAction","target":{"@type":"EntryPoint","urlTemplate":"https:\/\/alicanteabout.com\/?s={search_term_string}"},"query-input":{"@type":"PropertyValueSpecification","valueRequired":true,"valueName":"search_term_string"}}],"inLanguage":"fr-FR"}]}},"_links":{"self":[{"href":"https:\/\/alicanteabout.com\/fr\/wp-json\/wp\/v2\/pages\/5669","targetHints":{"allow":["GET"]}}],"collection":[{"href":"https:\/\/alicanteabout.com\/fr\/wp-json\/wp\/v2\/pages"}],"about":[{"href":"https:\/\/alicanteabout.com\/fr\/wp-json\/wp\/v2\/types\/page"}],"author":[{"embeddable":true,"href":"https:\/\/alicanteabout.com\/fr\/wp-json\/wp\/v2\/users\/1"}],"replies":[{"embeddable":true,"href":"https:\/\/alicanteabout.com\/fr\/wp-json\/wp\/v2\/comments?post=5669"}],"version-history":[{"count":29,"href":"https:\/\/alicanteabout.com\/fr\/wp-json\/wp\/v2\/pages\/5669\/revisions"}],"predecessor-version":[{"id":6633,"href":"https:\/\/alicanteabout.com\/fr\/wp-json\/wp\/v2\/pages\/5669\/revisions\/6633"}],"wp:attachment":[{"href":"https:\/\/alicanteabout.com\/fr\/wp-json\/wp\/v2\/media?parent=5669"}],"curies":[{"name":"wp","href":"https:\/\/api.w.org\/{rel}","templated":true}]}}