{"id":4662,"date":"2023-02-02T23:18:19","date_gmt":"2023-02-02T23:18:19","guid":{"rendered":"https:\/\/alicanteabout.com\/?page_id=4662"},"modified":"2023-11-24T00:57:06","modified_gmt":"2023-11-24T00:57:06","slug":"o-zespole","status":"publish","type":"page","link":"https:\/\/alicanteabout.com\/pl\/about-the-team\/","title":{"rendered":"O zespole"},"content":{"rendered":"<p>AlicanteAbout.com jest zarz\u0105dzany przez firm\u0119 CLUSTER SOLAR LTD.<\/p>\n\n\n\n<p>Cieszymy si\u0119, \u017ce tu jeste\u015b i mamy nadziej\u0119, \u017ce ta strona pomo\u017ce Ci porusza\u0107 si\u0119 po Alicante i wszystkim, co ma do zaoferowania.<\/p>\n\n\n\n<p>W CLUSTER SOLAR LTD ci\u0119\u017cko pracujemy, aby\u015b otrzymywa\u0142 najdok\u0142adniejsze i najbardziej aktualne informacje na temat transportu, aktywno\u015bci, zabytk\u00f3w i \u017cycia w Alicante.<\/p>\n\n\n\n<p>Ten projekt jest w toku, ale zesp\u00f3\u0142 jest niewielki, Victor Sesma pracuje nad nim w niepe\u0142nym wymiarze godzin.<\/p>\n\n\n\n<p>Mo\u017cesz spodziewa\u0107 si\u0119 niewielkich, ale ci\u0105g\u0142ych aktualizacji: czasami nowych tre\u015bci, czasami linku do kodu strony, aby przyspieszy\u0107 lub poprawi\u0107 jej wygl\u0105d. Czasami jest to aktualizacja bie\u017c\u0105cej zawarto\u015bci, dzi\u0119ki czemu jest ona zawsze aktualizowana i zachowuje dok\u0142adno\u015b\u0107 w stosunku do bie\u017c\u0105cych zmian w Alicante.<\/p>\n\n\n\n<p><a href=\"https:\/\/alicanteabout.com\/pl\/kontakt\/\">Aby skontaktowa\u0107 si\u0119 z zespo\u0142em, sprawd\u017a stron\u0119 kontaktow\u0105.<\/a><\/p>\n\n\n\n<p><strong>Mam nadziej\u0119, \u017ce podr\u00f3\u017c do Alicante b\u0119dzie udana.<\/strong><\/p>","protected":false},"excerpt":{"rendered":"<p>AlicanteAbout.com is managed by the company CLUSTER SOLAR LTD. We thrive on having you here and hope this website helps you navigate around Alicante and everything it has to offer. At CLUSTER SOLAR LTD we work hard so you receive the most accurate and updated information about transport, activities, monuments and life in Alicante. This [&hellip;]<\/p>\n","protected":false},"author":1,"featured_media":0,"parent":0,"menu_order":0,"comment_status":"closed","ping_status":"closed","template":"","meta":{"footnotes":""},"class_list":["post-4662","page","type-page","status-publish","hentry"],"yoast_head":"<!-- This site is optimized with the Yoast SEO plugin v27.1.1 - https:\/\/yoast.com\/product\/yoast-seo-wordpress\/ -->\n<title>About the Team - AlicanteAbout.com<\/title>\n<meta name=\"description\" content=\"Meet the team behind AlicanteAbout.com, dedicated to offering current, detailed insights about Alicante&#039;s transport and landmarks.\" \/>\n<meta name=\"robots\" content=\"index, follow, max-snippet:-1, max-image-preview:large, max-video-preview:-1\" \/>\n<link rel=\"canonical\" href=\"https:\/\/alicanteabout.com\/pl\/o-zespole\/\" \/>\n<meta property=\"og:locale\" content=\"pl_PL\" \/>\n<meta property=\"og:type\" content=\"article\" \/>\n<meta property=\"og:title\" content=\"About the Team - AlicanteAbout.com\" \/>\n<meta property=\"og:description\" content=\"Meet the team behind AlicanteAbout.com, dedicated to offering current, detailed insights about Alicante&#039;s transport and landmarks.\" \/>\n<meta property=\"og:url\" content=\"https:\/\/alicanteabout.com\/pl\/o-zespole\/\" \/>\n<meta property=\"og:site_name\" content=\"AlicanteAbout.com\" \/>\n<meta property=\"article:publisher\" content=\"https:\/\/www.facebook.com\/AlicanteAbout\" \/>\n<meta property=\"article:modified_time\" content=\"2023-11-24T00:57:06+00:00\" \/>\n<meta property=\"og:image\" content=\"https:\/\/alicanteabout.com\/wp-content\/uploads\/2023\/08\/cara-del-moro-from-postiguet-scaled.jpg\" \/>\n\t<meta property=\"og:image:width\" content=\"2560\" \/>\n\t<meta property=\"og:image:height\" content=\"1920\" \/>\n\t<meta property=\"og:image:type\" content=\"image\/jpeg\" \/>\n<meta name=\"twitter:card\" content=\"summary_large_image\" \/>\n<meta name=\"twitter:site\" content=\"@AlicanteAbout\" \/>\n<meta name=\"twitter:label1\" content=\"Szacowany czas czytania\" \/>\n\t<meta name=\"twitter:data1\" content=\"1 minuta\" \/>\n<script type=\"application\/ld+json\" class=\"yoast-schema-graph\">{\"@context\":\"https:\/\/schema.org\",\"@graph\":[{\"@type\":[\"WebPage\",\"AboutPage\"],\"@id\":\"https:\/\/alicanteabout.com\/about-the-team\/\",\"url\":\"https:\/\/alicanteabout.com\/about-the-team\/\",\"name\":\"About the Team - AlicanteAbout.com\",\"isPartOf\":{\"@id\":\"https:\/\/alicanteabout.com\/#website\"},\"datePublished\":\"2023-02-02T23:18:19+00:00\",\"dateModified\":\"2023-11-24T00:57:06+00:00\",\"description\":\"Meet the team behind AlicanteAbout.com, dedicated to offering current, detailed insights about Alicante's transport and landmarks.\",\"breadcrumb\":{\"@id\":\"https:\/\/alicanteabout.com\/about-the-team\/#breadcrumb\"},\"inLanguage\":\"pl-PL\",\"potentialAction\":[{\"@type\":\"ReadAction\",\"target\":[\"https:\/\/alicanteabout.com\/about-the-team\/\"]}]},{\"@type\":\"BreadcrumbList\",\"@id\":\"https:\/\/alicanteabout.com\/about-the-team\/#breadcrumb\",\"itemListElement\":[{\"@type\":\"ListItem\",\"position\":1,\"name\":\"Home\",\"item\":\"https:\/\/alicanteabout.com\/\"},{\"@type\":\"ListItem\",\"position\":2,\"name\":\"About the Team\"}]},{\"@type\":\"WebSite\",\"@id\":\"https:\/\/alicanteabout.com\/#website\",\"url\":\"https:\/\/alicanteabout.com\/\",\"name\":\"AlicanteAbout.com\",\"description\":\"Your Guide to Alicante [By an Alicantinian]\",\"potentialAction\":[{\"@type\":\"SearchAction\",\"target\":{\"@type\":\"EntryPoint\",\"urlTemplate\":\"https:\/\/alicanteabout.com\/?s={search_term_string}\"},\"query-input\":{\"@type\":\"PropertyValueSpecification\",\"valueRequired\":true,\"valueName\":\"search_term_string\"}}],\"inLanguage\":\"pl-PL\"}]}<\/script>\n<!-- \/ Yoast SEO plugin. -->","yoast_head_json":{"title":"O zespole - AlicanteAbout.com","description":"Poznaj zesp\u00f3\u0142 stoj\u0105cy za AlicanteAbout.com, kt\u00f3ry oferuje aktualne, szczeg\u00f3\u0142owe informacje na temat transportu i zabytk\u00f3w Alicante.","robots":{"index":"index","follow":"follow","max-snippet":"max-snippet:-1","max-image-preview":"max-image-preview:large","max-video-preview":"max-video-preview:-1"},"canonical":"https:\/\/alicanteabout.com\/pl\/o-zespole\/","og_locale":"pl_PL","og_type":"article","og_title":"About the Team - AlicanteAbout.com","og_description":"Meet the team behind AlicanteAbout.com, dedicated to offering current, detailed insights about Alicante's transport and landmarks.","og_url":"https:\/\/alicanteabout.com\/pl\/o-zespole\/","og_site_name":"AlicanteAbout.com","article_publisher":"https:\/\/www.facebook.com\/AlicanteAbout","article_modified_time":"2023-11-24T00:57:06+00:00","og_image":[{"width":2560,"height":1920,"url":"https:\/\/alicanteabout.com\/wp-content\/uploads\/2023\/08\/cara-del-moro-from-postiguet-scaled.jpg","type":"image\/jpeg"}],"twitter_card":"summary_large_image","twitter_site":"@AlicanteAbout","twitter_misc":{"Szacowany czas czytania":"1 minuta"},"schema":{"@context":"https:\/\/schema.org","@graph":[{"@type":["WebPage","AboutPage"],"@id":"https:\/\/alicanteabout.com\/about-the-team\/","url":"https:\/\/alicanteabout.com\/about-the-team\/","name":"O zespole - AlicanteAbout.com","isPartOf":{"@id":"https:\/\/alicanteabout.com\/#website"},"datePublished":"2023-02-02T23:18:19+00:00","dateModified":"2023-11-24T00:57:06+00:00","description":"Poznaj zesp\u00f3\u0142 stoj\u0105cy za AlicanteAbout.com, kt\u00f3ry oferuje aktualne, szczeg\u00f3\u0142owe informacje na temat transportu i zabytk\u00f3w Alicante.","breadcrumb":{"@id":"https:\/\/alicanteabout.com\/about-the-team\/#breadcrumb"},"inLanguage":"pl-PL","potentialAction":[{"@type":"ReadAction","target":["https:\/\/alicanteabout.com\/about-the-team\/"]}]},{"@type":"BreadcrumbList","@id":"https:\/\/alicanteabout.com\/about-the-team\/#breadcrumb","itemListElement":[{"@type":"ListItem","position":1,"name":"Home","item":"https:\/\/alicanteabout.com\/"},{"@type":"ListItem","position":2,"name":"About the Team"}]},{"@type":"WebSite","@id":"https:\/\/alicanteabout.com\/#website","url":"https:\/\/alicanteabout.com\/","name":"AlicanteAbout.com","description":"Your Guide to Alicante [By an Alicantinian]","potentialAction":[{"@type":"SearchAction","target":{"@type":"EntryPoint","urlTemplate":"https:\/\/alicanteabout.com\/?s={search_term_string}"},"query-input":{"@type":"PropertyValueSpecification","valueRequired":true,"valueName":"search_term_string"}}],"inLanguage":"pl-PL"}]}},"_links":{"self":[{"href":"https:\/\/alicanteabout.com\/pl\/wp-json\/wp\/v2\/pages\/4662","targetHints":{"allow":["GET"]}}],"collection":[{"href":"https:\/\/alicanteabout.com\/pl\/wp-json\/wp\/v2\/pages"}],"about":[{"href":"https:\/\/alicanteabout.com\/pl\/wp-json\/wp\/v2\/types\/page"}],"author":[{"embeddable":true,"href":"https:\/\/alicanteabout.com\/pl\/wp-json\/wp\/v2\/users\/1"}],"replies":[{"embeddable":true,"href":"https:\/\/alicanteabout.com\/pl\/wp-json\/wp\/v2\/comments?post=4662"}],"version-history":[{"count":1,"href":"https:\/\/alicanteabout.com\/pl\/wp-json\/wp\/v2\/pages\/4662\/revisions"}],"predecessor-version":[{"id":4663,"href":"https:\/\/alicanteabout.com\/pl\/wp-json\/wp\/v2\/pages\/4662\/revisions\/4663"}],"wp:attachment":[{"href":"https:\/\/alicanteabout.com\/pl\/wp-json\/wp\/v2\/media?parent=4662"}],"curies":[{"name":"wp","href":"https:\/\/api.w.org\/{rel}","templated":true}]}}