{"id":4670,"date":"2023-02-23T22:06:25","date_gmt":"2023-02-23T22:06:25","guid":{"rendered":"https:\/\/alicanteabout.com\/?page_id=4670"},"modified":"2026-02-15T23:17:07","modified_gmt":"2026-02-15T23:17:07","slug":"autor-victor-sesma","status":"publish","type":"page","link":"https:\/\/alicanteabout.com\/pl\/author-victor-sesma\/","title":{"rendered":"O autorze Victor Sesma"},"content":{"rendered":"<p>Cze\u015b\u0107! To jest <a href=\"https:\/\/victorsesma.com\/\" target=\"_blank\" rel=\"noreferrer noopener\">Victor Sesma<\/a>g\u0142\u00f3wny autor <a href=\"https:\/\/alicanteabout.com\/pl\/\">alicanteabout.com<\/a>.<\/p>\n\n\n\n<p>Jestem Alicyjczykiem mieszkaj\u0105cym w Londynie, ale dorasta\u0142em i mieszka\u0142em przez wi\u0119kszo\u015b\u0107 mojego \u017cycia w Alicante.<\/p>\n\n\n\n<p>Staram si\u0119 sp\u0119dza\u0107 w stolicy jak najwi\u0119cej czasu. <em>Costa Blanca<\/em>. Alicante to miasto, kt\u00f3re najbardziej ukszta\u0142towa\u0142o mnie i moj\u0105 osobowo\u015b\u0107. W Alicante mieszka wi\u0119kszo\u015b\u0107 mojej rodziny i wielu przyjaci\u00f3\u0142.<\/p>\n\n\n\n<p>W wieku 20 lat pracowa\u0142em jako kelner w Benidorm. To do\u015bwiadczenie, w po\u0142\u0105czeniu z moim \u017cyciem w Wielkiej Brytanii i Londynie, daje mi wyj\u0105tkowy pogl\u0105d na miasto Alicante i prowincj\u0119.<\/p>\n\n\n\n<figure class=\"wp-block-image size-large\"><img loading=\"lazy\" decoding=\"async\" width=\"768\" height=\"1024\" src=\"https:\/\/alicanteabout.com\/wp-content\/uploads\/2022\/05\/victor-sesma-768x1024.jpg\" alt=\"Victor Sesma\" class=\"wp-image-3116\" srcset=\"https:\/\/alicanteabout.com\/wp-content\/uploads\/2022\/05\/victor-sesma-768x1024.jpg 768w, https:\/\/alicanteabout.com\/wp-content\/uploads\/2022\/05\/victor-sesma-225x300.jpg 225w, https:\/\/alicanteabout.com\/wp-content\/uploads\/2022\/05\/victor-sesma-1152x1536.jpg 1152w, https:\/\/alicanteabout.com\/wp-content\/uploads\/2022\/05\/victor-sesma-1536x2048.jpg 1536w, https:\/\/alicanteabout.com\/wp-content\/uploads\/2022\/05\/victor-sesma-scaled.jpg 1920w\" sizes=\"auto, (max-width: 768px) 100vw, 768px\" \/><figcaption class=\"wp-element-caption\">Victor Sesma na pla\u017cy w Alicante<\/figcaption><\/figure>\n\n\n\n<h2 class=\"wp-block-heading\">Dlaczego warto pisa\u0107 o Alicante?<\/h2>\n\n\n\n<p>Pochodz\u0119 z Alicante, ale mieszkam w Wielkiej Brytanii, co da\u0142o mi pewne mo\u017cliwo\u015bci, aby pom\u00f3c ludziom pozby\u0107 si\u0119 niekt\u00f3rych b\u0142\u0119dnych przekona\u0144 na temat miasta.<\/p>\n\n\n\n<p>Alicante to znacznie wi\u0119cej ni\u017c tylko Benidorm i inne turystyczne miasta w prowincji, co jest b\u0142\u0119dnym przekonaniem wielu turyst\u00f3w.<\/p>\n\n\n\n<p>Po\u0142\u0105czenie miasta Alicante i prowincji sprawia, \u017ce jest to idealne miejsce do \u017cycia i zwiedzania: dobre po\u0142\u0105czenia lotnicze, kolejowe i drogowe, wspania\u0142a pogoda, fantastyczne jedzenie, niesamowita jako\u015b\u0107 \u017cycia, wspania\u0142a kultura, przyja\u017ani ludzie... lista jest d\u0142uga.<\/p>\n\n\n\n<p>Ten blog stara si\u0119 wype\u0142ni\u0107 luk\u0119 mi\u0119dzy niekt\u00f3rymi b\u0142\u0119dnymi przekonaniami na temat miasta Alicante a mo\u017cliwo\u015bciami, jakie oferuje ono mieszka\u0144com i odwiedzaj\u0105cym. Mam nadziej\u0119, \u017ce spodoba ci si\u0119 i uzyskasz odpowiedzi na swoje pytania, czytaj\u0105c go!<\/p>\n\n\n\n<h2 class=\"wp-block-heading\">Moja mi\u0119dzynarodowa podr\u00f3\u017c<\/h2>\n\n\n\n<p>Zacz\u0105\u0142em otwiera\u0107 si\u0119 na ludzi z zagranicy - a nie tylko Hiszpan\u00f3w - kiedy mia\u0142em oko\u0142o 20 lat, do\u0142\u0105czaj\u0105c na kr\u00f3tko do europejskiej organizacji studenckiej AEGEE na uniwersytecie.<\/p>\n\n\n\n<p>Nied\u0142ugo p\u00f3\u017aniej wyjecha\u0142em do Norwegii na prawie rok do pracy. \u017bycie poza w\u0142asn\u0105 kultur\u0105 by\u0142o niesamowitym do\u015bwiadczeniem.<\/p>\n\n\n\n<p>Decyzja o przyje\u017adzie do Londynu zapad\u0142a po uko\u0144czeniu szko\u0142y zawodowej i od tego czasu tu mieszkam.<\/p>\n\n\n\n<p>Jak wida\u0107, Alicante, Londyn i inne kraje i miasta by\u0142y cz\u0119\u015bci\u0105 mojego \u017cycia i staram si\u0119 pomaga\u0107 innym ludziom w ich podr\u00f3\u017cach do Alicante.<\/p>\n\n\n\n<p>Je\u015bli chcesz dowiedzie\u0107 si\u0119 wi\u0119cej o mojej karierze zawodowej, sprawd\u017a moje portfolio pod adresem <a href=\"https:\/\/victorsesma.com\">victorsesma.com<\/a> lub m\u00f3j <a href=\"https:\/\/www.linkedin.com\/in\/victor-sesma-3b2291104\/\">Link<\/a><a href=\"https:\/\/www.linkedin.com\/feed\/\" target=\"_blank\" rel=\"noreferrer noopener\">Strona edIn<\/a>.<\/p>\n\n\n\n<p><\/p>\n\n\n\n<p>Wszystkiego najlepszego,<\/p>\n\n\n\n<p><\/p>\n\n\n\n<p>Victor Sesma<\/p>","protected":false},"excerpt":{"rendered":"<p>Hello! This is Victor Sesma, the main author of alicanteabout.com. I am an Alicantinian based in London, but grew up and lived most of my life in Alicante. I try to spend as much time as I can in the capital of Costa Blanca. Alicante is the city that has shaped me and my personality [&hellip;]<\/p>\n","protected":false},"author":1,"featured_media":3116,"parent":0,"menu_order":0,"comment_status":"closed","ping_status":"closed","template":"","meta":{"footnotes":""},"class_list":["post-4670","page","type-page","status-publish","has-post-thumbnail","hentry"],"yoast_head":"<!-- This site is optimized with the Yoast SEO plugin v27.1.1 - https:\/\/yoast.com\/product\/yoast-seo-wordpress\/ -->\n<title>About Victor Sesma Author - AlicanteAbout.com<\/title>\n<meta name=\"description\" content=\"Victor Sesma is a software Engineer from Alciante living in between London and Alicante. He is the main author of Alicanteabout.com\" \/>\n<meta name=\"robots\" content=\"index, follow, max-snippet:-1, max-image-preview:large, max-video-preview:-1\" \/>\n<link rel=\"canonical\" href=\"https:\/\/alicanteabout.com\/pl\/autor-victor-sesma\/\" \/>\n<meta property=\"og:locale\" content=\"pl_PL\" \/>\n<meta property=\"og:type\" content=\"article\" \/>\n<meta property=\"og:title\" content=\"About Victor Sesma Author - AlicanteAbout.com\" \/>\n<meta property=\"og:description\" content=\"Victor Sesma is a software Engineer from Alciante living in between London and Alicante. He is the main author of Alicanteabout.com\" \/>\n<meta property=\"og:url\" content=\"https:\/\/alicanteabout.com\/pl\/autor-victor-sesma\/\" \/>\n<meta property=\"og:site_name\" content=\"AlicanteAbout.com\" \/>\n<meta property=\"article:publisher\" content=\"https:\/\/www.facebook.com\/AlicanteAbout\" \/>\n<meta property=\"article:modified_time\" content=\"2026-02-15T23:17:07+00:00\" \/>\n<meta property=\"og:image\" content=\"https:\/\/alicanteabout.com\/wp-content\/uploads\/2022\/05\/victor-sesma-scaled.jpg\" \/>\n\t<meta property=\"og:image:width\" content=\"1920\" \/>\n\t<meta property=\"og:image:height\" content=\"2560\" \/>\n\t<meta property=\"og:image:type\" content=\"image\/jpeg\" \/>\n<meta name=\"twitter:card\" content=\"summary_large_image\" \/>\n<meta name=\"twitter:site\" content=\"@AlicanteAbout\" \/>\n<meta name=\"twitter:label1\" content=\"Szacowany czas czytania\" \/>\n\t<meta name=\"twitter:data1\" content=\"3 minuty\" \/>\n<script type=\"application\/ld+json\" class=\"yoast-schema-graph\">{\"@context\":\"https:\/\/schema.org\",\"@graph\":[{\"@type\":\"WebPage\",\"@id\":\"https:\/\/alicanteabout.com\/author-victor-sesma\/\",\"url\":\"https:\/\/alicanteabout.com\/author-victor-sesma\/\",\"name\":\"About Victor Sesma Author - AlicanteAbout.com\",\"isPartOf\":{\"@id\":\"https:\/\/alicanteabout.com\/#website\"},\"primaryImageOfPage\":{\"@id\":\"https:\/\/alicanteabout.com\/author-victor-sesma\/#primaryimage\"},\"image\":{\"@id\":\"https:\/\/alicanteabout.com\/author-victor-sesma\/#primaryimage\"},\"thumbnailUrl\":\"https:\/\/alicanteabout.com\/wp-content\/uploads\/2022\/05\/victor-sesma-scaled.jpg\",\"datePublished\":\"2023-02-23T22:06:25+00:00\",\"dateModified\":\"2026-02-15T23:17:07+00:00\",\"description\":\"Victor Sesma is a software Engineer from Alciante living in between London and Alicante. He is the main author of Alicanteabout.com\",\"breadcrumb\":{\"@id\":\"https:\/\/alicanteabout.com\/author-victor-sesma\/#breadcrumb\"},\"inLanguage\":\"pl-PL\",\"potentialAction\":[{\"@type\":\"ReadAction\",\"target\":[\"https:\/\/alicanteabout.com\/author-victor-sesma\/\"]}]},{\"@type\":\"ImageObject\",\"inLanguage\":\"pl-PL\",\"@id\":\"https:\/\/alicanteabout.com\/author-victor-sesma\/#primaryimage\",\"url\":\"https:\/\/alicanteabout.com\/wp-content\/uploads\/2022\/05\/victor-sesma-scaled.jpg\",\"contentUrl\":\"https:\/\/alicanteabout.com\/wp-content\/uploads\/2022\/05\/victor-sesma-scaled.jpg\",\"width\":1920,\"height\":2560,\"caption\":\"Victor Sesma on the Beach in Alicante\"},{\"@type\":\"BreadcrumbList\",\"@id\":\"https:\/\/alicanteabout.com\/author-victor-sesma\/#breadcrumb\",\"itemListElement\":[{\"@type\":\"ListItem\",\"position\":1,\"name\":\"Home\",\"item\":\"https:\/\/alicanteabout.com\/\"},{\"@type\":\"ListItem\",\"position\":2,\"name\":\"About Victor Sesma Author\"}]},{\"@type\":\"WebSite\",\"@id\":\"https:\/\/alicanteabout.com\/#website\",\"url\":\"https:\/\/alicanteabout.com\/\",\"name\":\"AlicanteAbout.com\",\"description\":\"Your Guide to Alicante [By an Alicantinian]\",\"potentialAction\":[{\"@type\":\"SearchAction\",\"target\":{\"@type\":\"EntryPoint\",\"urlTemplate\":\"https:\/\/alicanteabout.com\/?s={search_term_string}\"},\"query-input\":{\"@type\":\"PropertyValueSpecification\",\"valueRequired\":true,\"valueName\":\"search_term_string\"}}],\"inLanguage\":\"pl-PL\"}]}<\/script>\n<!-- \/ Yoast SEO plugin. -->","yoast_head_json":{"title":"O autorze Victor Sesma - AlicanteAbout.com","description":"Victor Sesma jest in\u017cynierem oprogramowania z Alciante, mieszkaj\u0105cym mi\u0119dzy Londynem a Alicante. Jest g\u0142\u00f3wnym autorem strony Alicanteabout.com","robots":{"index":"index","follow":"follow","max-snippet":"max-snippet:-1","max-image-preview":"max-image-preview:large","max-video-preview":"max-video-preview:-1"},"canonical":"https:\/\/alicanteabout.com\/pl\/autor-victor-sesma\/","og_locale":"pl_PL","og_type":"article","og_title":"About Victor Sesma Author - AlicanteAbout.com","og_description":"Victor Sesma is a software Engineer from Alciante living in between London and Alicante. He is the main author of Alicanteabout.com","og_url":"https:\/\/alicanteabout.com\/pl\/autor-victor-sesma\/","og_site_name":"AlicanteAbout.com","article_publisher":"https:\/\/www.facebook.com\/AlicanteAbout","article_modified_time":"2026-02-15T23:17:07+00:00","og_image":[{"width":1920,"height":2560,"url":"https:\/\/alicanteabout.com\/wp-content\/uploads\/2022\/05\/victor-sesma-scaled.jpg","type":"image\/jpeg"}],"twitter_card":"summary_large_image","twitter_site":"@AlicanteAbout","twitter_misc":{"Szacowany czas czytania":"3 minuty"},"schema":{"@context":"https:\/\/schema.org","@graph":[{"@type":"WebPage","@id":"https:\/\/alicanteabout.com\/author-victor-sesma\/","url":"https:\/\/alicanteabout.com\/author-victor-sesma\/","name":"O autorze Victor Sesma - AlicanteAbout.com","isPartOf":{"@id":"https:\/\/alicanteabout.com\/#website"},"primaryImageOfPage":{"@id":"https:\/\/alicanteabout.com\/author-victor-sesma\/#primaryimage"},"image":{"@id":"https:\/\/alicanteabout.com\/author-victor-sesma\/#primaryimage"},"thumbnailUrl":"https:\/\/alicanteabout.com\/wp-content\/uploads\/2022\/05\/victor-sesma-scaled.jpg","datePublished":"2023-02-23T22:06:25+00:00","dateModified":"2026-02-15T23:17:07+00:00","description":"Victor Sesma jest in\u017cynierem oprogramowania z Alciante, mieszkaj\u0105cym mi\u0119dzy Londynem a Alicante. Jest g\u0142\u00f3wnym autorem strony Alicanteabout.com","breadcrumb":{"@id":"https:\/\/alicanteabout.com\/author-victor-sesma\/#breadcrumb"},"inLanguage":"pl-PL","potentialAction":[{"@type":"ReadAction","target":["https:\/\/alicanteabout.com\/author-victor-sesma\/"]}]},{"@type":"ImageObject","inLanguage":"pl-PL","@id":"https:\/\/alicanteabout.com\/author-victor-sesma\/#primaryimage","url":"https:\/\/alicanteabout.com\/wp-content\/uploads\/2022\/05\/victor-sesma-scaled.jpg","contentUrl":"https:\/\/alicanteabout.com\/wp-content\/uploads\/2022\/05\/victor-sesma-scaled.jpg","width":1920,"height":2560,"caption":"Victor Sesma on the Beach in Alicante"},{"@type":"BreadcrumbList","@id":"https:\/\/alicanteabout.com\/author-victor-sesma\/#breadcrumb","itemListElement":[{"@type":"ListItem","position":1,"name":"Home","item":"https:\/\/alicanteabout.com\/"},{"@type":"ListItem","position":2,"name":"About Victor Sesma Author"}]},{"@type":"WebSite","@id":"https:\/\/alicanteabout.com\/#website","url":"https:\/\/alicanteabout.com\/","name":"AlicanteAbout.com","description":"Your Guide to Alicante [By an Alicantinian]","potentialAction":[{"@type":"SearchAction","target":{"@type":"EntryPoint","urlTemplate":"https:\/\/alicanteabout.com\/?s={search_term_string}"},"query-input":{"@type":"PropertyValueSpecification","valueRequired":true,"valueName":"search_term_string"}}],"inLanguage":"pl-PL"}]}},"_links":{"self":[{"href":"https:\/\/alicanteabout.com\/pl\/wp-json\/wp\/v2\/pages\/4670","targetHints":{"allow":["GET"]}}],"collection":[{"href":"https:\/\/alicanteabout.com\/pl\/wp-json\/wp\/v2\/pages"}],"about":[{"href":"https:\/\/alicanteabout.com\/pl\/wp-json\/wp\/v2\/types\/page"}],"author":[{"embeddable":true,"href":"https:\/\/alicanteabout.com\/pl\/wp-json\/wp\/v2\/users\/1"}],"replies":[{"embeddable":true,"href":"https:\/\/alicanteabout.com\/pl\/wp-json\/wp\/v2\/comments?post=4670"}],"version-history":[{"count":16,"href":"https:\/\/alicanteabout.com\/pl\/wp-json\/wp\/v2\/pages\/4670\/revisions"}],"predecessor-version":[{"id":6754,"href":"https:\/\/alicanteabout.com\/pl\/wp-json\/wp\/v2\/pages\/4670\/revisions\/6754"}],"wp:featuredmedia":[{"embeddable":true,"href":"https:\/\/alicanteabout.com\/pl\/wp-json\/wp\/v2\/media\/3116"}],"wp:attachment":[{"href":"https:\/\/alicanteabout.com\/pl\/wp-json\/wp\/v2\/media?parent=4670"}],"curies":[{"name":"wp","href":"https:\/\/api.w.org\/{rel}","templated":true}]}}